{"id":50380,"date":"2025-04-12T12:41:11","date_gmt":"2025-04-12T12:41:11","guid":{"rendered":"https:\/\/senabel.com\/?post_type=product&#038;p=50380"},"modified":"2025-09-30T11:34:48","modified_gmt":"2025-09-30T11:34:48","slug":"i-lite-trakol","status":"publish","type":"product","link":"https:\/\/senabel.com\/sv\/product\/i-lite-charcoal\/","title":{"rendered":"Snabbt brinnande r\u00f6kelsekol - I Lite Charcoal"},"content":{"rendered":"<p class=\"\" data-start=\"70\" data-end=\"111\"><strong data-start=\"70\" data-end=\"109\">Snabbt brinnande r\u00f6kelsekol - I Lite Charcoal<\/strong><\/p>\n<ul data-start=\"112\" data-end=\"312\">\n<li class=\"\" data-start=\"112\" data-end=\"137\">\n<p class=\"\" data-start=\"114\" data-end=\"137\">Kolskivor med 33 mm diameter - p\u00e5se inneh\u00e5ller 10 skivor och kartong inneh\u00e5ller 8 p\u00e5sar<\/p>\n<\/li>\n<li class=\"\" data-start=\"138\" data-end=\"184\">\n<p class=\"\" data-start=\"140\" data-end=\"184\">Snabbt t\u00e4ndbar och klar att anv\u00e4nda p\u00e5 n\u00e5gra sekunder<\/p>\n<\/li>\n<li class=\"\" data-start=\"185\" data-end=\"231\">\n<p class=\"\" data-start=\"187\" data-end=\"231\">H\u00e5ller l\u00e4nge utan att beh\u00f6va bytas ut<\/p>\n<\/li>\n<li class=\"\" data-start=\"232\" data-end=\"267\">\n<p class=\"\" data-start=\"234\" data-end=\"267\">L\u00e4mplig f\u00f6r r\u00f6kelse och r\u00f6kelsebr\u00e4nnare<\/p>\n<\/li>\n<li class=\"\" data-start=\"268\" data-end=\"312\">\n<p class=\"\" data-start=\"270\" data-end=\"312\">Den f\u00f6rseglade f\u00f6rpackningen bevarar kolets kvalitet och f\u00f6rhindrar fukt<\/p>\n<\/li>\n<\/ul>","protected":false},"excerpt":{"rendered":"<p>Snabbt brinnande r\u00f6kelsekol som \u00e4r redo att anv\u00e4ndas p\u00e5 n\u00e5gra sekunder<\/p>","protected":false},"featured_media":50381,"template":"","meta":[],"product_brand":[],"product_cat":[347,382],"product_tag":[],"class_list":{"0":"post-50380","1":"product","2":"type-product","3":"status-publish","4":"has-post-thumbnail","6":"product_cat-347","7":"product_cat-382","9":"first","10":"outofstock","11":"taxable","12":"shipping-taxable","13":"purchasable","14":"product-type-simple"},"_links":{"self":[{"href":"https:\/\/senabel.com\/sv\/wp-json\/wp\/v2\/product\/50380","targetHints":{"allow":["GET"]}}],"collection":[{"href":"https:\/\/senabel.com\/sv\/wp-json\/wp\/v2\/product"}],"about":[{"href":"https:\/\/senabel.com\/sv\/wp-json\/wp\/v2\/types\/product"}],"version-history":[{"count":2,"href":"https:\/\/senabel.com\/sv\/wp-json\/wp\/v2\/product\/50380\/revisions"}],"predecessor-version":[{"id":56154,"href":"https:\/\/senabel.com\/sv\/wp-json\/wp\/v2\/product\/50380\/revisions\/56154"}],"wp:featuredmedia":[{"embeddable":true,"href":"https:\/\/senabel.com\/sv\/wp-json\/wp\/v2\/media\/50381"}],"wp:attachment":[{"href":"https:\/\/senabel.com\/sv\/wp-json\/wp\/v2\/media?parent=50380"}],"wp:term":[{"taxonomy":"product_brand","embeddable":true,"href":"https:\/\/senabel.com\/sv\/wp-json\/wp\/v2\/product_brand?post=50380"},{"taxonomy":"product_cat","embeddable":true,"href":"https:\/\/senabel.com\/sv\/wp-json\/wp\/v2\/product_cat?post=50380"},{"taxonomy":"product_tag","embeddable":true,"href":"https:\/\/senabel.com\/sv\/wp-json\/wp\/v2\/product_tag?post=50380"}],"curies":[{"name":"wp","href":"https:\/\/api.w.org\/{rel}","templated":true}]}}