{"id":50349,"date":"2025-04-12T12:24:38","date_gmt":"2025-04-12T12:24:38","guid":{"rendered":"https:\/\/senabel.com\/?post_type=product&#038;p=50349"},"modified":"2026-02-11T13:39:53","modified_gmt":"2026-02-11T13:39:53","slug":"lyxig-luftfraschare-fran-forenade-arabemiraten","status":"publish","type":"product","link":"https:\/\/senabel.com\/sv\/product\/luxury-emirati-air-freshener\/","title":{"rendered":"Lyxig emiratisk luftkonditionering - flera dofter"},"content":{"rendered":"<p class=\"\" data-start=\"116\" data-end=\"142\"><strong data-start=\"116\" data-end=\"140\">Lyxig emiratisk luftkonditionering - flera dofter<\/strong><\/p>\n<ul data-start=\"143\" data-end=\"342\">\n<li class=\"\" data-start=\"143\" data-end=\"181\">\n<p class=\"\" data-start=\"145\" data-end=\"181\">En lyxig orientalisk doft som \u00e5terspeglar lyx och sofistikering<\/p>\n<\/li>\n<li class=\"\" data-start=\"182\" data-end=\"229\">\n<p class=\"\" data-start=\"184\" data-end=\"229\">En distinkt design med eleganta tygdetaljer och utsmyckningar i guld<\/p>\n<\/li>\n<li class=\"\" data-start=\"230\" data-end=\"287\">\n<p class=\"\" data-start=\"232\" data-end=\"287\">Idealisk f\u00f6r att dofts\u00e4tta luft och kl\u00e4dsel med l\u00e5ngvariga, best\u00e4ndiga dofter<\/p>\n<\/li>\n<li class=\"\" data-start=\"288\" data-end=\"310\">\n<p class=\"\" data-start=\"290\" data-end=\"310\">F\u00f6rpackningens storlek: 300 ml<\/p>\n<\/li>\n<li class=\"\" data-start=\"311\" data-end=\"342\">\n<p class=\"\" data-start=\"313\" data-end=\"342\">Emiratisk tillverkning av h\u00f6g kvalitet<\/p>\n<\/li>\n<\/ul>","protected":false},"excerpt":{"rendered":"<p>Idealisk f\u00f6r att dofts\u00e4tta luft och kl\u00e4dsel med l\u00e5ngvariga, best\u00e4ndiga dofter<\/p>","protected":false},"featured_media":50362,"template":"","meta":[],"product_brand":[],"product_cat":[347,382],"product_tag":[],"class_list":{"0":"post-50349","1":"product","2":"type-product","3":"status-publish","4":"has-post-thumbnail","6":"product_cat-347","7":"product_cat-382","9":"first","10":"outofstock","11":"taxable","12":"shipping-taxable","13":"product-type-variable"},"_links":{"self":[{"href":"https:\/\/senabel.com\/sv\/wp-json\/wp\/v2\/product\/50349","targetHints":{"allow":["GET"]}}],"collection":[{"href":"https:\/\/senabel.com\/sv\/wp-json\/wp\/v2\/product"}],"about":[{"href":"https:\/\/senabel.com\/sv\/wp-json\/wp\/v2\/types\/product"}],"version-history":[{"count":1,"href":"https:\/\/senabel.com\/sv\/wp-json\/wp\/v2\/product\/50349\/revisions"}],"predecessor-version":[{"id":50376,"href":"https:\/\/senabel.com\/sv\/wp-json\/wp\/v2\/product\/50349\/revisions\/50376"}],"wp:featuredmedia":[{"embeddable":true,"href":"https:\/\/senabel.com\/sv\/wp-json\/wp\/v2\/media\/50362"}],"wp:attachment":[{"href":"https:\/\/senabel.com\/sv\/wp-json\/wp\/v2\/media?parent=50349"}],"wp:term":[{"taxonomy":"product_brand","embeddable":true,"href":"https:\/\/senabel.com\/sv\/wp-json\/wp\/v2\/product_brand?post=50349"},{"taxonomy":"product_cat","embeddable":true,"href":"https:\/\/senabel.com\/sv\/wp-json\/wp\/v2\/product_cat?post=50349"},{"taxonomy":"product_tag","embeddable":true,"href":"https:\/\/senabel.com\/sv\/wp-json\/wp\/v2\/product_tag?post=50349"}],"curies":[{"name":"wp","href":"https:\/\/api.w.org\/{rel}","templated":true}]}}