{"id":50315,"date":"2025-04-11T21:00:44","date_gmt":"2025-04-11T21:00:44","guid":{"rendered":"https:\/\/senabel.com\/?post_type=product&#038;p=50315"},"modified":"2026-02-16T12:38:05","modified_gmt":"2026-02-16T12:38:05","slug":"lyxig-sangfraschare-olika-dofter-250-ml","status":"publish","type":"product","link":"https:\/\/senabel.com\/sv\/product\/luxury-bed-freshener-assorted-scents-250ml\/","title":{"rendered":"Lyxig s\u00e4ngkl\u00e4desfr\u00e4schare - olika dofter (250 ml)"},"content":{"rendered":"<p class=\"\" data-start=\"155\" data-end=\"190\"><strong data-start=\"197\" data-end=\"230\">Lyxig s\u00e4ngkl\u00e4desfr\u00e4schare - olika dofter (250 ml)<\/strong><\/p>\n<ul data-start=\"233\" data-end=\"414\">\n<li class=\"\" data-start=\"233\" data-end=\"282\">\n<p class=\"\" data-start=\"235\" data-end=\"282\">En djup, orientaliskt inspirerad doft<\/p>\n<\/li>\n<li class=\"\" data-start=\"283\" data-end=\"335\">\n<p class=\"\" data-start=\"285\" data-end=\"335\">Ger en k\u00e4nsla av lyx och renhet till tyger och s\u00e4ngkl\u00e4der<\/p>\n<\/li>\n<li class=\"\" data-start=\"336\" data-end=\"368\">\n<p class=\"\" data-start=\"338\" data-end=\"368\">250 ml kapacitet<\/p>\n<\/li>\n<li class=\"\" data-start=\"369\" data-end=\"414\">\n<p class=\"\" data-start=\"371\" data-end=\"414\">L\u00e4mplig f\u00f6r daglig anv\u00e4ndning i hemmet eller i styrelserummet<\/p>\n<\/li>\n<\/ul>","protected":false},"excerpt":{"rendered":"<p>En djup, orientaliskt inspirerad doft<\/p>","protected":false},"featured_media":50324,"template":"","meta":[],"product_brand":[],"product_cat":[347,382],"product_tag":[],"class_list":{"0":"post-50315","1":"product","2":"type-product","3":"status-publish","4":"has-post-thumbnail","6":"product_cat-347","7":"product_cat-382","9":"first","10":"outofstock","11":"taxable","12":"shipping-taxable","13":"product-type-variable"},"_links":{"self":[{"href":"https:\/\/senabel.com\/sv\/wp-json\/wp\/v2\/product\/50315","targetHints":{"allow":["GET"]}}],"collection":[{"href":"https:\/\/senabel.com\/sv\/wp-json\/wp\/v2\/product"}],"about":[{"href":"https:\/\/senabel.com\/sv\/wp-json\/wp\/v2\/types\/product"}],"version-history":[{"count":1,"href":"https:\/\/senabel.com\/sv\/wp-json\/wp\/v2\/product\/50315\/revisions"}],"predecessor-version":[{"id":50341,"href":"https:\/\/senabel.com\/sv\/wp-json\/wp\/v2\/product\/50315\/revisions\/50341"}],"wp:featuredmedia":[{"embeddable":true,"href":"https:\/\/senabel.com\/sv\/wp-json\/wp\/v2\/media\/50324"}],"wp:attachment":[{"href":"https:\/\/senabel.com\/sv\/wp-json\/wp\/v2\/media?parent=50315"}],"wp:term":[{"taxonomy":"product_brand","embeddable":true,"href":"https:\/\/senabel.com\/sv\/wp-json\/wp\/v2\/product_brand?post=50315"},{"taxonomy":"product_cat","embeddable":true,"href":"https:\/\/senabel.com\/sv\/wp-json\/wp\/v2\/product_cat?post=50315"},{"taxonomy":"product_tag","embeddable":true,"href":"https:\/\/senabel.com\/sv\/wp-json\/wp\/v2\/product_tag?post=50315"}],"curies":[{"name":"wp","href":"https:\/\/api.w.org\/{rel}","templated":true}]}}