{"id":50293,"date":"2025-04-11T19:34:47","date_gmt":"2025-04-11T19:34:47","guid":{"rendered":"https:\/\/senabel.com\/?post_type=product&#038;p=50293"},"modified":"2026-02-11T13:46:59","modified_gmt":"2026-02-11T13:46:59","slug":"originalparfymer-fran-emirati-oriental-oil","status":"publish","type":"product","link":"https:\/\/senabel.com\/sv\/product\/original-emirati-oriental-oil-perfumes\/","title":{"rendered":"Original Emirati Oriental Oil Dofter - Herr"},"content":{"rendered":"<p class=\"\" data-start=\"81\" data-end=\"120\"><strong data-start=\"81\" data-end=\"120\">Orientalisk oljedoft f\u00f6r m\u00e4n - h\u00f6g koncentration 12ml<\/strong><\/p>\n<ul data-start=\"122\" data-end=\"389\">\n<li class=\"\" data-start=\"122\" data-end=\"173\">\n<p class=\"\" data-start=\"124\" data-end=\"173\">Koncentrerade eteriska oljor f\u00f6r l\u00e5ngvarig h\u00e5llbarhet<\/p>\n<\/li>\n<li class=\"\" data-start=\"174\" data-end=\"235\">\n<p class=\"\" data-start=\"176\" data-end=\"235\">En lyxig orientalisk komposition inspirerad av oud, b\u00e4rnsten och blommiga noter<\/p>\n<\/li>\n<li class=\"\" data-start=\"236\" data-end=\"290\">\n<p class=\"\" data-start=\"238\" data-end=\"290\">Stilren 12 ml glasflaska som \u00e4r l\u00e4tt att anv\u00e4nda och b\u00e4ra med sig<\/p>\n<\/li>\n<li class=\"\" data-start=\"291\" data-end=\"338\">\n<p class=\"\" data-start=\"293\" data-end=\"338\">Perfekt f\u00f6r vardagsbruk eller speciella tillf\u00e4llen<\/p>\n<\/li>\n<li class=\"\" data-start=\"339\" data-end=\"389\">\n<p class=\"\" data-start=\"341\" data-end=\"389\">Den finns i en m\u00e4ngd olika autentiska arabiska dofter<\/p>\n<\/li>\n<\/ul>\n<p class=\"\" data-start=\"391\" data-end=\"414\"><strong data-start=\"391\" data-end=\"412\">De tillg\u00e4ngliga dofterna:<\/strong><\/p>\n<ul data-start=\"415\" data-end=\"523\">\n<li class=\"\" data-start=\"427\" data-end=\"441\">\n<p class=\"\" data-start=\"429\" data-end=\"441\">Knight's Oud<\/p>\n<\/li>\n<li class=\"\" data-start=\"454\" data-end=\"467\">\n<p class=\"\" data-start=\"456\" data-end=\"467\">Desert Oud<\/p>\n<\/li>\n<li class=\"\" data-start=\"468\" data-end=\"480\">\n<p class=\"\" data-start=\"470\" data-end=\"480\">Koncentrerad Oud<\/p>\n<\/li>\n<li class=\"\" data-start=\"481\" data-end=\"496\">\n<p class=\"\" data-start=\"483\" data-end=\"496\">Tr\u00e4 och vit Oud<\/p>\n<\/li>\n<li class=\"\" data-start=\"497\" data-end=\"507\">\n<p class=\"\" data-start=\"499\" data-end=\"507\">Riddaren<\/p>\n<\/li>\n<\/ul>","protected":false},"excerpt":{"rendered":"<p>Koncentrerade \u00e4kta eteriska oljor fr\u00e5n Emirati f\u00f6r en l\u00e5ngvarig stadga som h\u00e5ller i timmar<\/p>","protected":false},"featured_media":50300,"template":"","meta":[],"product_brand":[],"product_cat":[347,382],"product_tag":[],"class_list":{"0":"post-50293","1":"product","2":"type-product","3":"status-publish","4":"has-post-thumbnail","6":"product_cat-347","7":"product_cat-382","9":"first","10":"outofstock","11":"taxable","12":"shipping-taxable","13":"product-type-variable"},"_links":{"self":[{"href":"https:\/\/senabel.com\/sv\/wp-json\/wp\/v2\/product\/50293","targetHints":{"allow":["GET"]}}],"collection":[{"href":"https:\/\/senabel.com\/sv\/wp-json\/wp\/v2\/product"}],"about":[{"href":"https:\/\/senabel.com\/sv\/wp-json\/wp\/v2\/types\/product"}],"version-history":[{"count":1,"href":"https:\/\/senabel.com\/sv\/wp-json\/wp\/v2\/product\/50293\/revisions"}],"predecessor-version":[{"id":50307,"href":"https:\/\/senabel.com\/sv\/wp-json\/wp\/v2\/product\/50293\/revisions\/50307"}],"wp:featuredmedia":[{"embeddable":true,"href":"https:\/\/senabel.com\/sv\/wp-json\/wp\/v2\/media\/50300"}],"wp:attachment":[{"href":"https:\/\/senabel.com\/sv\/wp-json\/wp\/v2\/media?parent=50293"}],"wp:term":[{"taxonomy":"product_brand","embeddable":true,"href":"https:\/\/senabel.com\/sv\/wp-json\/wp\/v2\/product_brand?post=50293"},{"taxonomy":"product_cat","embeddable":true,"href":"https:\/\/senabel.com\/sv\/wp-json\/wp\/v2\/product_cat?post=50293"},{"taxonomy":"product_tag","embeddable":true,"href":"https:\/\/senabel.com\/sv\/wp-json\/wp\/v2\/product_tag?post=50293"}],"curies":[{"name":"wp","href":"https:\/\/api.w.org\/{rel}","templated":true}]}}