{"id":50279,"date":"2025-04-11T18:58:18","date_gmt":"2025-04-11T18:58:18","guid":{"rendered":"https:\/\/senabel.com\/?post_type=product&#038;p=50279"},"modified":"2026-02-11T13:48:15","modified_gmt":"2026-02-11T13:48:15","slug":"original-emirati-smart-bukhoor","status":"publish","type":"product","link":"https:\/\/senabel.com\/sv\/product\/original-emirati-smart-bukhoor\/","title":{"rendered":"Smart Original UAE r\u00f6kelse - flera dofter"},"content":{"rendered":"<p class=\"\" data-start=\"52\" data-end=\"116\"><strong data-start=\"52\" data-end=\"116\">En doft som utstr\u00e5lar \u00e4kthet med Emirati Smart Incense<\/strong><\/p>\n<p class=\"\" data-start=\"118\" data-end=\"350\">Njut av lyxiga aromer fr\u00e5n djupet av \u00f6sterl\u00e4ndska traditioner fr\u00e5n den ursprungliga Smart-kollektionen. En lyxig, \u00e4kta Emirati-r\u00f6kelse med en varm, nostalgisk och sofistikerad doft, perfekt f\u00f6r vardagsbruk eller speciella tillf\u00e4llen, som ger en touch av distinktion och lugn till alla utrymmen.<\/p>\n<p class=\"\" data-start=\"352\" data-end=\"380\"><strong data-start=\"352\" data-end=\"380\">Inneh\u00e5ller Habibi Forever Incense:<\/strong><\/p>\n<ul data-start=\"381\" data-end=\"549\">\n<li class=\"\" data-start=\"381\" data-end=\"447\">\n<p class=\"\" data-start=\"383\" data-end=\"447\">En l\u00e5ngvarig orientalisk doft som fr\u00e4schar upp luften med en varm och mysig k\u00e4nsla<\/p>\n<\/li>\n<li class=\"\" data-start=\"448\" data-end=\"491\">\n<p class=\"\" data-start=\"450\" data-end=\"491\">Smidig cylindrisk design som \u00e4r enkel att anv\u00e4nda och f\u00f6rvara<\/p>\n<\/li>\n<li class=\"\" data-start=\"492\" data-end=\"549\">\n<p class=\"\" data-start=\"494\" data-end=\"549\">Perfekt f\u00f6r fullm\u00e4ktige, hem, bilar och familjeevenemang<\/p>\n<\/li>\n<\/ul>\n<p class=\"\" data-start=\"551\" data-end=\"569\"><strong data-start=\"551\" data-end=\"569\">Produktinformation:<\/strong><\/p>\n<ul data-start=\"570\" data-end=\"723\">\n<li class=\"\" data-start=\"629\" data-end=\"653\">\n<p class=\"\" data-start=\"631\" data-end=\"653\">Lukten: Flera dofter<\/p>\n<\/li>\n<li class=\"\" data-start=\"654\" data-end=\"682\">\n<p class=\"\" data-start=\"656\" data-end=\"682\">Varum\u00e4rket: Nabeel - Nabeel<\/p>\n<\/li>\n<li class=\"\" data-start=\"683\" data-end=\"723\">\n<p class=\"\" data-start=\"685\" data-end=\"723\">Land av ursprung: F\u00f6renade Arabemiraten<\/p>\n<\/li>\n<\/ul>\n<p class=\"\" data-start=\"725\" data-end=\"745\"><strong data-start=\"725\" data-end=\"745\">Hur man anv\u00e4nder den:<\/strong><\/p>\n<ul data-start=\"746\" data-end=\"868\">\n<li class=\"\" data-start=\"746\" data-end=\"816\">\n<p class=\"\" data-start=\"748\" data-end=\"816\">Placera \u00f6ver en elektrisk f\u00f6r\u00e5ngare eller gl\u00f6dande kol f\u00f6r att snabbt sprida doften<\/p>\n<\/li>\n<li class=\"\" data-start=\"817\" data-end=\"868\">\n<p class=\"\" data-start=\"819\" data-end=\"868\">F\u00f6rvara p\u00e5 en sval, torr plats f\u00f6r att bevara doftens kvalitet<\/p>\n<\/li>\n<\/ul>","protected":false},"excerpt":{"rendered":"<p>Njut av lyxiga aromer fr\u00e5n djupet av \u00f6sterl\u00e4ndska traditioner fr\u00e5n den ursprungliga Smart-kollektionen. En lyxig, \u00e4kta Emirati-r\u00f6kelse med en varm, nostalgisk och sofistikerad doft, perfekt f\u00f6r vardagsbruk eller speciella tillf\u00e4llen, som ger en touch av distinktion och lugn till alla utrymmen.<\/p>","protected":false},"featured_media":50281,"template":"","meta":[],"product_brand":[],"product_cat":[347,382],"product_tag":[],"class_list":{"0":"post-50279","1":"product","2":"type-product","3":"status-publish","4":"has-post-thumbnail","6":"product_cat-347","7":"product_cat-382","9":"first","10":"outofstock","11":"taxable","12":"shipping-taxable","13":"product-type-variable"},"_links":{"self":[{"href":"https:\/\/senabel.com\/sv\/wp-json\/wp\/v2\/product\/50279","targetHints":{"allow":["GET"]}}],"collection":[{"href":"https:\/\/senabel.com\/sv\/wp-json\/wp\/v2\/product"}],"about":[{"href":"https:\/\/senabel.com\/sv\/wp-json\/wp\/v2\/types\/product"}],"version-history":[{"count":1,"href":"https:\/\/senabel.com\/sv\/wp-json\/wp\/v2\/product\/50279\/revisions"}],"predecessor-version":[{"id":50292,"href":"https:\/\/senabel.com\/sv\/wp-json\/wp\/v2\/product\/50279\/revisions\/50292"}],"wp:featuredmedia":[{"embeddable":true,"href":"https:\/\/senabel.com\/sv\/wp-json\/wp\/v2\/media\/50281"}],"wp:attachment":[{"href":"https:\/\/senabel.com\/sv\/wp-json\/wp\/v2\/media?parent=50279"}],"wp:term":[{"taxonomy":"product_brand","embeddable":true,"href":"https:\/\/senabel.com\/sv\/wp-json\/wp\/v2\/product_brand?post=50279"},{"taxonomy":"product_cat","embeddable":true,"href":"https:\/\/senabel.com\/sv\/wp-json\/wp\/v2\/product_cat?post=50279"},{"taxonomy":"product_tag","embeddable":true,"href":"https:\/\/senabel.com\/sv\/wp-json\/wp\/v2\/product_tag?post=50279"}],"curies":[{"name":"wp","href":"https:\/\/api.w.org\/{rel}","templated":true}]}}