{"id":50265,"date":"2025-04-10T16:49:43","date_gmt":"2025-04-10T16:49:43","guid":{"rendered":"https:\/\/senabel.com\/?post_type=product&#038;p=50265"},"modified":"2025-08-28T11:39:29","modified_gmt":"2025-08-28T11:39:29","slug":"kaffe-med-kardemumma","status":"publish","type":"product","link":"https:\/\/senabel.com\/sv\/product\/coffee-with-cardamom\/","title":{"rendered":"Ben Al Amawi Kaffe med kardemumma - 25 g kuvert"},"content":{"rendered":"<p class=\"\" data-start=\"0\" data-end=\"275\">Njut av det arabiska kaffets \u00e4kthet med Ben Al Amawi Cardamom Coffee - 25 g kuvert<br data-start=\"63\" data-end=\"66\" \/>Uppt\u00e4ck den urgamla smaken av \u00e4kta arabiskt kaffe med Al Amawi Coffee, gjort p\u00e5 det finaste Arabica-kaffet blandat med naturlig kardemumma. Det perfekta kaffet f\u00f6r \u00e4lskare av traditionella smaker, redo att bryggas och l\u00e4mpligt f\u00f6r majlis, g\u00e4stfrihet och vardagliga stunder.<\/p>\n<p class=\"\" data-start=\"277\" data-end=\"310\"><strong data-start=\"277\" data-end=\"310\">Egenskaper hos Umayyad-kaffe med kardemumma:<\/strong><\/p>\n<ul data-start=\"311\" data-end=\"443\">\n<li class=\"\" data-start=\"311\" data-end=\"355\">\n<p class=\"\" data-start=\"313\" data-end=\"355\">En traditionell smak som uttrycker det autentiska arabiska arvet<\/p>\n<\/li>\n<li class=\"\" data-start=\"356\" data-end=\"406\">\n<p class=\"\" data-start=\"358\" data-end=\"406\">Noggrant rostade blandningar med naturlig kardemumma f\u00f6r att f\u00f6rst\u00e4rka smaken<\/p>\n<\/li>\n<li class=\"\" data-start=\"407\" data-end=\"443\">\n<p class=\"\" data-start=\"409\" data-end=\"443\">Ett kuvert r\u00e4cker f\u00f6r att brygga en liter kaffe<\/p>\n<\/li>\n<\/ul>\n<p class=\"\" data-start=\"445\" data-end=\"463\"><strong data-start=\"445\" data-end=\"463\">Produktinformation:<\/strong><\/p>\n<ul data-start=\"464\" data-end=\"691\">\n<li class=\"\" data-start=\"464\" data-end=\"491\">\n<p class=\"\" data-start=\"466\" data-end=\"491\"><strong data-start=\"466\" data-end=\"483\">Nettovikt:<\/strong> 25 gram<\/p>\n<\/li>\n<li class=\"\" data-start=\"492\" data-end=\"525\">\n<p class=\"\" data-start=\"494\" data-end=\"525\"><strong data-start=\"494\" data-end=\"505\">Smaken:<\/strong> Arabiskt kaffe med kardemumma<\/p>\n<\/li>\n<li class=\"\" data-start=\"526\" data-end=\"605\">\n<p class=\"\" data-start=\"528\" data-end=\"605\"><strong data-start=\"528\" data-end=\"546\">Metoden f\u00f6r beredning:<\/strong> Koka kuvertet med en liter vatten tills det \u00e4r skummigt och klart att servera<\/p>\n<\/li>\n<li class=\"\" data-start=\"606\" data-end=\"639\">\n<p class=\"\" data-start=\"608\" data-end=\"639\"><strong data-start=\"608\" data-end=\"629\">Varum\u00e4rket:<\/strong> Ben Al Amawi<\/p>\n<\/li>\n<\/ul>\n<p class=\"\" data-start=\"693\" data-end=\"713\"><strong data-start=\"693\" data-end=\"713\">F\u00f6rvaringsanvisningar:<\/strong><\/p>\n<ul data-start=\"714\" data-end=\"777\">\n<li class=\"\" data-start=\"714\" data-end=\"777\">\n<p class=\"\" data-start=\"716\" data-end=\"777\">F\u00f6rvaras svalt, torrt och skyddat fr\u00e5n fukt och direkt solljus<\/p>\n<\/li>\n<\/ul>\n<p class=\"\" data-start=\"779\" data-end=\"863\">G\u00f6r dina stunder varmare och mer speciella med Umayyad Cardamom Coffee, nu tillg\u00e4ngligt hos Sanabel.<\/p>","protected":false},"excerpt":{"rendered":"<p>Uppt\u00e4ck den urgamla smaken av \u00e4kta arabiskt kaffe med Al Amawi Coffee, gjort p\u00e5 det finaste Arabica-kaffet blandat med naturlig kardemumma. Det perfekta kaffet f\u00f6r \u00e4lskare av traditionella smaker, redo att bryggas och l\u00e4mpligt f\u00f6r majlis, g\u00e4stfrihet och vardagliga stunder.<\/p>","protected":false},"featured_media":50266,"template":"","meta":[],"product_brand":[],"product_cat":[347,282],"product_tag":[],"class_list":{"0":"post-50265","1":"product","2":"type-product","3":"status-publish","4":"has-post-thumbnail","6":"product_cat-347","7":"product_cat-282","9":"first","10":"outofstock","11":"taxable","12":"shipping-taxable","13":"purchasable","14":"product-type-simple"},"_links":{"self":[{"href":"https:\/\/senabel.com\/sv\/wp-json\/wp\/v2\/product\/50265","targetHints":{"allow":["GET"]}}],"collection":[{"href":"https:\/\/senabel.com\/sv\/wp-json\/wp\/v2\/product"}],"about":[{"href":"https:\/\/senabel.com\/sv\/wp-json\/wp\/v2\/types\/product"}],"version-history":[{"count":3,"href":"https:\/\/senabel.com\/sv\/wp-json\/wp\/v2\/product\/50265\/revisions"}],"predecessor-version":[{"id":50277,"href":"https:\/\/senabel.com\/sv\/wp-json\/wp\/v2\/product\/50265\/revisions\/50277"}],"wp:featuredmedia":[{"embeddable":true,"href":"https:\/\/senabel.com\/sv\/wp-json\/wp\/v2\/media\/50266"}],"wp:attachment":[{"href":"https:\/\/senabel.com\/sv\/wp-json\/wp\/v2\/media?parent=50265"}],"wp:term":[{"taxonomy":"product_brand","embeddable":true,"href":"https:\/\/senabel.com\/sv\/wp-json\/wp\/v2\/product_brand?post=50265"},{"taxonomy":"product_cat","embeddable":true,"href":"https:\/\/senabel.com\/sv\/wp-json\/wp\/v2\/product_cat?post=50265"},{"taxonomy":"product_tag","embeddable":true,"href":"https:\/\/senabel.com\/sv\/wp-json\/wp\/v2\/product_tag?post=50265"}],"curies":[{"name":"wp","href":"https:\/\/api.w.org\/{rel}","templated":true}]}}