{"id":50262,"date":"2025-04-10T16:47:27","date_gmt":"2025-04-10T16:47:27","guid":{"rendered":"https:\/\/senabel.com\/?post_type=product&#038;p=50262"},"modified":"2026-04-02T08:09:16","modified_gmt":"2026-04-02T08:09:16","slug":"hala-kaffe-med-kardemumma-25-g-pase","status":"publish","type":"product","link":"https:\/\/senabel.com\/sv\/product\/hala-coffee-with-cardamom-25g-sachet\/","title":{"rendered":"Hala Kaffe med Kardemumma - 25g kuvert"},"content":{"rendered":"<p class=\"\" data-start=\"0\" data-end=\"313\">Njut av smaken av \u00e4kta arabiskt kaffe med Hala Cardamom Coffee - 25 g kuvert<br data-start=\"64\" data-end=\"67\" \/>Uppt\u00e4ck en unik upplevelse med Hala Cardamom Coffee, en traditionell arabisk smak gjord av finaste malda kaffe blandat med naturlig kardemumma. Den \u00e4r l\u00e4tt att tillreda och l\u00f6ses upp snabbt, vilket g\u00f6r den till det perfekta valet f\u00f6r evenemang eller dagliga sessioner.<\/p>\n<p class=\"\" data-start=\"315\" data-end=\"342\"><strong data-start=\"315\" data-end=\"342\">Egenskaper f\u00f6r Hala Coffee med kardemumma:<\/strong><\/p>\n<ul data-start=\"343\" data-end=\"474\">\n<li class=\"\" data-start=\"343\" data-end=\"385\">\n<p class=\"\" data-start=\"345\" data-end=\"385\">Traditionell arabisk smak blandad med naturlig kardemumma<\/p>\n<\/li>\n<li class=\"\" data-start=\"386\" data-end=\"435\">\n<p class=\"\" data-start=\"388\" data-end=\"435\">Snabb att tillaga och servera varm till dadlar eller desserter<\/p>\n<\/li>\n<li class=\"\" data-start=\"436\" data-end=\"474\">\n<p class=\"\" data-start=\"438\" data-end=\"474\">S\u00e4rskild f\u00f6rpackning f\u00f6r en hel liter kaffe<\/p>\n<\/li>\n<\/ul>\n<p class=\"\" data-start=\"476\" data-end=\"494\"><strong data-start=\"476\" data-end=\"494\">Produktinformation:<\/strong><\/p>\n<ul data-start=\"495\" data-end=\"702\">\n<li class=\"\" data-start=\"495\" data-end=\"522\">\n<p class=\"\" data-start=\"497\" data-end=\"522\"><strong data-start=\"497\" data-end=\"514\">Nettovikt:<\/strong> 25 gram<\/p>\n<\/li>\n<li class=\"\" data-start=\"523\" data-end=\"554\">\n<p class=\"\" data-start=\"525\" data-end=\"554\"><strong data-start=\"525\" data-end=\"536\">Smaken:<\/strong> Arabiskt kaffe med kardemumma<\/p>\n<\/li>\n<li class=\"\" data-start=\"555\" data-end=\"625\">\n<p class=\"\" data-start=\"557\" data-end=\"625\"><strong data-start=\"557\" data-end=\"575\">Metoden f\u00f6r beredning:<\/strong> Koka kaffekuvertet med en liter vatten tills det \u00e4r klart att serveras<\/p>\n<\/li>\n<li class=\"\" data-start=\"626\" data-end=\"653\">\n<p class=\"\" data-start=\"628\" data-end=\"653\"><strong data-start=\"628\" data-end=\"649\">Varum\u00e4rket:<\/strong> Hala<\/p>\n<\/li>\n<\/ul>\n<p class=\"\" data-start=\"704\" data-end=\"724\"><strong data-start=\"704\" data-end=\"724\">F\u00f6rvaringsanvisningar:<\/strong><\/p>\n<ul data-start=\"725\" data-end=\"789\">\n<li class=\"\" data-start=\"725\" data-end=\"789\">\n<p class=\"\" data-start=\"727\" data-end=\"789\">F\u00f6rvaras svalt, torrt och skyddat fr\u00e5n fukt och direkt solljus<\/p>\n<\/li>\n<\/ul>\n<p class=\"\" data-start=\"791\" data-end=\"871\">L\u00e4gg till Hala Coffee fr\u00e5n Snapple i din korg nu och njut av den arabiska smakens \u00e4kthet i varje klunk.<\/p>","protected":false},"excerpt":{"rendered":"<p>Uppt\u00e4ck en unik upplevelse med Hala Cardamom Coffee, en traditionell arabisk smak gjord av finaste malda kaffe blandat med naturlig kardemumma. Den \u00e4r l\u00e4tt att tillreda och l\u00f6ses upp snabbt, vilket g\u00f6r den till det perfekta valet f\u00f6r evenemang eller dagliga sessioner.<\/p>","protected":false},"featured_media":50263,"template":"","meta":[],"product_brand":[],"product_cat":[282],"product_tag":[],"class_list":{"0":"post-50262","1":"product","2":"type-product","3":"status-publish","4":"has-post-thumbnail","6":"product_cat-282","8":"first","9":"outofstock","10":"taxable","11":"shipping-taxable","12":"purchasable","13":"product-type-simple"},"_links":{"self":[{"href":"https:\/\/senabel.com\/sv\/wp-json\/wp\/v2\/product\/50262","targetHints":{"allow":["GET"]}}],"collection":[{"href":"https:\/\/senabel.com\/sv\/wp-json\/wp\/v2\/product"}],"about":[{"href":"https:\/\/senabel.com\/sv\/wp-json\/wp\/v2\/types\/product"}],"version-history":[{"count":2,"href":"https:\/\/senabel.com\/sv\/wp-json\/wp\/v2\/product\/50262\/revisions"}],"predecessor-version":[{"id":51598,"href":"https:\/\/senabel.com\/sv\/wp-json\/wp\/v2\/product\/50262\/revisions\/51598"}],"wp:featuredmedia":[{"embeddable":true,"href":"https:\/\/senabel.com\/sv\/wp-json\/wp\/v2\/media\/50263"}],"wp:attachment":[{"href":"https:\/\/senabel.com\/sv\/wp-json\/wp\/v2\/media?parent=50262"}],"wp:term":[{"taxonomy":"product_brand","embeddable":true,"href":"https:\/\/senabel.com\/sv\/wp-json\/wp\/v2\/product_brand?post=50262"},{"taxonomy":"product_cat","embeddable":true,"href":"https:\/\/senabel.com\/sv\/wp-json\/wp\/v2\/product_cat?post=50262"},{"taxonomy":"product_tag","embeddable":true,"href":"https:\/\/senabel.com\/sv\/wp-json\/wp\/v2\/product_tag?post=50262"}],"curies":[{"name":"wp","href":"https:\/\/api.w.org\/{rel}","templated":true}]}}