{"id":50256,"date":"2025-04-11T10:04:55","date_gmt":"2025-04-11T10:04:55","guid":{"rendered":"https:\/\/senabel.com\/?post_type=product&#038;p=50256"},"modified":"2025-12-02T21:52:56","modified_gmt":"2025-12-02T21:52:56","slug":"ferrero-rocher-choklad-200-g-16-stycken","status":"publish","type":"product","link":"https:\/\/senabel.com\/sv\/product\/ferrero-rocher-chocolate-200g-16-pieces\/","title":{"rendered":"Ferrero Rocher Choklad - (16 bitar)"},"content":{"rendered":"<p class=\"\" data-start=\"0\" data-end=\"309\">Njut av lyxiga stunder med Chocolat <strong data-start=\"30\" data-end=\"48\">Ferrero Rocher<\/strong> - (16 stycken)<br data-start=\"65\" data-end=\"68\" \/>L\u00e4gg till en touch av sofistikering till dina speciella stunder med Ferrero Rocher-choklad, en klassiker som \u00e4lskas \u00f6ver hela v\u00e4rlden. Varje bit \u00e4r f\u00f6rpackad i elegant bladguld och inneh\u00e5ller kompletterande lager av hela hasseln\u00f6tter, mjuk hasseln\u00f6tskr\u00e4m och ett lager av knaprig wafer toppad med choklad och granulat.<\/p>\n<p class=\"\" data-start=\"311\" data-end=\"344\"><strong data-start=\"311\" data-end=\"344\">Egenskaper hos Ferrero Rocher choklad:<\/strong><\/p>\n<ul data-start=\"345\" data-end=\"501\">\n<li class=\"\" data-start=\"345\" data-end=\"399\">\n<p class=\"\" data-start=\"347\" data-end=\"399\">En lyxig smakkombination av hasseln\u00f6tter, gr\u00e4dde och krispiga r\u00e5n<\/p>\n<\/li>\n<li class=\"\" data-start=\"400\" data-end=\"455\">\n<p class=\"\" data-start=\"402\" data-end=\"455\">Elegant guldf\u00f6rpackning som \u00e4r perfekt att ge bort som g\u00e5va eller presentera vid evenemang<\/p>\n<\/li>\n<li class=\"\" data-start=\"456\" data-end=\"501\">\n<p class=\"\" data-start=\"458\" data-end=\"501\">Tillverkad med noggrant utvalda ingredienser f\u00f6r o\u00f6vertr\u00e4ffad kvalitet<\/p>\n<\/li>\n<\/ul>\n<p class=\"\" data-start=\"503\" data-end=\"521\"><strong data-start=\"503\" data-end=\"521\">Produktinformation:<\/strong><\/p>\n<ul data-start=\"522\" data-end=\"693\">\n<li class=\"\" data-start=\"522\" data-end=\"550\">\n<p class=\"\" data-start=\"524\" data-end=\"550\"><strong data-start=\"524\" data-end=\"541\">Nettovikt:<\/strong> 200 gram<\/p>\n<\/li>\n<li class=\"\" data-start=\"551\" data-end=\"575\">\n<p class=\"\" data-start=\"553\" data-end=\"575\"><strong data-start=\"553\" data-end=\"567\">Antalet delar:<\/strong> 16 stycken<\/p>\n<\/li>\n<li class=\"\" data-start=\"576\" data-end=\"614\">\n<p class=\"\" data-start=\"578\" data-end=\"614\"><strong data-start=\"578\" data-end=\"599\">Varum\u00e4rket:<\/strong> Ferrero Rocher<\/p>\n<\/li>\n<li class=\"\" data-start=\"615\" data-end=\"640\">\n<p class=\"\" data-start=\"617\" data-end=\"640\"><strong data-start=\"617\" data-end=\"632\">Ursprungsland:<\/strong> Italien<\/p>\n<\/li>\n<li class=\"\" data-start=\"641\" data-end=\"693\">\n<p class=\"\" data-start=\"643\" data-end=\"693\"><strong data-start=\"643\" data-end=\"654\">Status:<\/strong> Lyxigt f\u00f6rpackad och individuellt inslagen<\/p>\n<\/li>\n<\/ul>\n<p class=\"\" data-start=\"695\" data-end=\"715\"><strong data-start=\"695\" data-end=\"715\">F\u00f6rvaringsanvisningar:<\/strong><\/p>\n<ul data-start=\"716\" data-end=\"812\">\n<li class=\"\" data-start=\"716\" data-end=\"764\">\n<p class=\"\" data-start=\"718\" data-end=\"764\">F\u00f6rvaras svalt och torrt med en temperatur under 18\u00b0C<\/p>\n<\/li>\n<li class=\"\" data-start=\"765\" data-end=\"812\">\n<p class=\"\" data-start=\"767\" data-end=\"812\">F\u00f6rvaras \u00e5tskilt fr\u00e5n direkt solljus eller v\u00e4rmek\u00e4llor<\/p>\n<\/li>\n<\/ul>\n<p class=\"\" data-start=\"814\" data-end=\"928\">Ditt val av Ferrero Rocher fr\u00e5n Sanabel \u00e4r ett uttryck f\u00f6r god smak - perfekt f\u00f6r speciella tillf\u00e4llen eller som en sofistikerad g\u00e5va till en n\u00e4ra anh\u00f6rig.<\/p>","protected":false},"excerpt":{"rendered":"<p>L\u00e4gg till en touch av sofistikering till dina speciella stunder med Ferrero Rocher-choklad, en klassiker som \u00e4lskas \u00f6ver hela v\u00e4rlden. Varje bit \u00e4r f\u00f6rpackad i elegant bladguld och inneh\u00e5ller kompletterande lager av hela hasseln\u00f6tter, mjuk hasseln\u00f6tskr\u00e4m och ett lager av knaprig wafer toppad med choklad och granulat.<\/p>","protected":false},"featured_media":50257,"template":"","meta":[],"product_brand":[],"product_cat":[377,297],"product_tag":[],"class_list":{"0":"post-50256","1":"product","2":"type-product","3":"status-publish","4":"has-post-thumbnail","6":"product_cat-377","7":"product_cat-297","9":"first","10":"outofstock","11":"taxable","12":"shipping-taxable","13":"purchasable","14":"product-type-simple"},"_links":{"self":[{"href":"https:\/\/senabel.com\/sv\/wp-json\/wp\/v2\/product\/50256","targetHints":{"allow":["GET"]}}],"collection":[{"href":"https:\/\/senabel.com\/sv\/wp-json\/wp\/v2\/product"}],"about":[{"href":"https:\/\/senabel.com\/sv\/wp-json\/wp\/v2\/types\/product"}],"version-history":[{"count":5,"href":"https:\/\/senabel.com\/sv\/wp-json\/wp\/v2\/product\/50256\/revisions"}],"predecessor-version":[{"id":50793,"href":"https:\/\/senabel.com\/sv\/wp-json\/wp\/v2\/product\/50256\/revisions\/50793"}],"wp:featuredmedia":[{"embeddable":true,"href":"https:\/\/senabel.com\/sv\/wp-json\/wp\/v2\/media\/50257"}],"wp:attachment":[{"href":"https:\/\/senabel.com\/sv\/wp-json\/wp\/v2\/media?parent=50256"}],"wp:term":[{"taxonomy":"product_brand","embeddable":true,"href":"https:\/\/senabel.com\/sv\/wp-json\/wp\/v2\/product_brand?post=50256"},{"taxonomy":"product_cat","embeddable":true,"href":"https:\/\/senabel.com\/sv\/wp-json\/wp\/v2\/product_cat?post=50256"},{"taxonomy":"product_tag","embeddable":true,"href":"https:\/\/senabel.com\/sv\/wp-json\/wp\/v2\/product_tag?post=50256"}],"curies":[{"name":"wp","href":"https:\/\/api.w.org\/{rel}","templated":true}]}}