{"id":50253,"date":"2025-04-11T10:05:54","date_gmt":"2025-04-11T10:05:54","guid":{"rendered":"https:\/\/senabel.com\/?post_type=product&#038;p=50253"},"modified":"2026-03-17T20:56:03","modified_gmt":"2026-03-17T20:56:03","slug":"tack-choklad","status":"publish","type":"product","link":"https:\/\/senabel.com\/sv\/product\/merci-chocolate\/","title":{"rendered":"Mercy Choklad"},"content":{"rendered":"<p class=\"\" data-start=\"0\" data-end=\"283\">Sk\u00e4m bort dig med en lyxig upplevelse med Mercy Selected Chocolate - 400g<br data-start=\"51\" data-end=\"54\" \/>Njut av elegansen hos europeisk choklad med Merci's high-end-kollektion, som inneh\u00e5ller en m\u00e4ngd olika mjuka och lyxiga chokladbitar. Varje bit \u00e4r individuellt f\u00f6rpackad, med en elegant design som \u00e5terspeglar kvalitet och smak, vilket g\u00f6r den perfekt som present eller att dela vid speciella tillf\u00e4llen.<\/p>\n<p class=\"\" data-start=\"285\" data-end=\"309\"><strong data-start=\"285\" data-end=\"309\">Funktioner av Merci Chocolate:<\/strong><\/p>\n<ul data-start=\"310\" data-end=\"457\">\n<li class=\"\" data-start=\"310\" data-end=\"386\">\n<p class=\"\" data-start=\"312\" data-end=\"386\">En m\u00e4ngd olika l\u00e4ckra chokladsmaker (mj\u00f6lk, hasseln\u00f6t, m\u00f6rk, kaffe m.m.)<\/p>\n<\/li>\n<li class=\"\" data-start=\"387\" data-end=\"421\">\n<p class=\"\" data-start=\"389\" data-end=\"421\">Elegant f\u00f6rpackning g\u00f6r den perfekt att ge bort som g\u00e5va<\/p>\n<\/li>\n<li class=\"\" data-start=\"422\" data-end=\"457\">\n<p class=\"\" data-start=\"424\" data-end=\"457\">Rik smak och mjuk konsistens som sm\u00e4lter i munnen<\/p>\n<\/li>\n<\/ul>\n<p class=\"\" data-start=\"459\" data-end=\"477\"><strong data-start=\"459\" data-end=\"477\">Produktinformation:<\/strong><\/p>\n<ul data-start=\"478\" data-end=\"667\">\n<li class=\"\" data-start=\"478\" data-end=\"506\">\n<p class=\"\" data-start=\"480\" data-end=\"506\"><strong data-start=\"480\" data-end=\"497\">Nettovikt:<\/strong> 400 gram<\/p>\n<\/li>\n<li class=\"\" data-start=\"507\" data-end=\"554\">\n<p class=\"\" data-start=\"509\" data-end=\"554\"><strong data-start=\"509\" data-end=\"519\">Typ:<\/strong> Assorterade chokladbitar<\/p>\n<\/li>\n<li class=\"\" data-start=\"555\" data-end=\"593\">\n<p class=\"\" data-start=\"557\" data-end=\"593\"><strong data-start=\"557\" data-end=\"578\">Varum\u00e4rket:<\/strong> Tack - Storck<\/p>\n<\/li>\n<li class=\"\" data-start=\"594\" data-end=\"619\">\n<p class=\"\" data-start=\"596\" data-end=\"619\"><strong data-start=\"596\" data-end=\"611\">Ursprungsland:<\/strong> Tyskland<\/p>\n<\/li>\n<li class=\"\" data-start=\"620\" data-end=\"667\">\n<p class=\"\" data-start=\"622\" data-end=\"667\"><strong data-start=\"622\" data-end=\"633\">Status:<\/strong> Fullt inkapslad och bevarad i h\u00f6g kvalitet<\/p>\n<\/li>\n<\/ul>\n<p class=\"\" data-start=\"669\" data-end=\"689\"><strong data-start=\"669\" data-end=\"689\">F\u00f6rvaringsanvisningar:<\/strong><\/p>\n<ul data-start=\"690\" data-end=\"778\">\n<li class=\"\" data-start=\"690\" data-end=\"738\">\n<p class=\"\" data-start=\"692\" data-end=\"738\">F\u00f6rvaras svalt och torrt med en temperatur under 18\u00b0C<\/p>\n<\/li>\n<li class=\"\" data-start=\"739\" data-end=\"778\">\n<p class=\"\" data-start=\"741\" data-end=\"778\">F\u00f6rvaras skyddat fr\u00e5n fukt och direkt solljus<\/p>\n<\/li>\n<\/ul>\n<p class=\"\" data-start=\"780\" data-end=\"901\">L\u00e4gg till en touch av lyx till din dag eller ge en g\u00e5va av tacksamhet med Merci choklad fr\u00e5n Snapple - gourmetvalet f\u00f6r alla tillf\u00e4llen.<\/p>","protected":false},"excerpt":{"rendered":"<p>Njut av elegansen hos europeisk choklad med Merci's high-end-kollektion, som inneh\u00e5ller en m\u00e4ngd olika mjuka och lyxiga chokladbitar. Varje bit \u00e4r individuellt f\u00f6rpackad, med en elegant design som \u00e5terspeglar kvalitet och smak, vilket g\u00f6r den perfekt som present eller att dela vid speciella tillf\u00e4llen.<\/p>","protected":false},"featured_media":50254,"template":"","meta":[],"product_brand":[],"product_cat":[347,297,227],"product_tag":[],"class_list":{"0":"post-50253","1":"product","2":"type-product","3":"status-publish","4":"has-post-thumbnail","6":"product_cat-347","7":"product_cat-297","8":"product_cat-227","10":"first","11":"outofstock","12":"taxable","13":"shipping-taxable","14":"purchasable","15":"product-type-simple"},"_links":{"self":[{"href":"https:\/\/senabel.com\/sv\/wp-json\/wp\/v2\/product\/50253","targetHints":{"allow":["GET"]}}],"collection":[{"href":"https:\/\/senabel.com\/sv\/wp-json\/wp\/v2\/product"}],"about":[{"href":"https:\/\/senabel.com\/sv\/wp-json\/wp\/v2\/types\/product"}],"version-history":[{"count":2,"href":"https:\/\/senabel.com\/sv\/wp-json\/wp\/v2\/product\/50253\/revisions"}],"predecessor-version":[{"id":56762,"href":"https:\/\/senabel.com\/sv\/wp-json\/wp\/v2\/product\/50253\/revisions\/56762"}],"wp:featuredmedia":[{"embeddable":true,"href":"https:\/\/senabel.com\/sv\/wp-json\/wp\/v2\/media\/50254"}],"wp:attachment":[{"href":"https:\/\/senabel.com\/sv\/wp-json\/wp\/v2\/media?parent=50253"}],"wp:term":[{"taxonomy":"product_brand","embeddable":true,"href":"https:\/\/senabel.com\/sv\/wp-json\/wp\/v2\/product_brand?post=50253"},{"taxonomy":"product_cat","embeddable":true,"href":"https:\/\/senabel.com\/sv\/wp-json\/wp\/v2\/product_cat?post=50253"},{"taxonomy":"product_tag","embeddable":true,"href":"https:\/\/senabel.com\/sv\/wp-json\/wp\/v2\/product_tag?post=50253"}],"curies":[{"name":"wp","href":"https:\/\/api.w.org\/{rel}","templated":true}]}}