{"id":50249,"date":"2025-04-11T10:06:38","date_gmt":"2025-04-11T10:06:38","guid":{"rendered":"https:\/\/senabel.com\/?post_type=product&#038;p=50249"},"modified":"2025-07-19T13:27:14","modified_gmt":"2025-07-19T13:27:14","slug":"ras-al-abd-dubai-style-pistachio-flavour","status":"publish","type":"product","link":"https:\/\/senabel.com\/sv\/product\/ras-al-abd-dubai-style-pistachio-flavor\/","title":{"rendered":"Ras Al Abd Dubai Style Pistachio Smaksatt Ras Al Abd 100g"},"content":{"rendered":"<p class=\"\" data-start=\"0\" data-end=\"269\">Njut av en lyxig dessert med en orientalisk twist med Ras Al Abd Dubai Style Pistachio Flavour - 100g<br data-start=\"72\" data-end=\"75\" \/>SAMBAs signaturprodukt, som kombinerar mjukheten hos en kr\u00e4mig, rik fyllning med pistaschsmak med den lyxiga smaken av \u00f6verdragen choklad. Varje bit \u00e4r noggrant utformad f\u00f6r att skapa en unik dessertupplevelse d\u00e4r texturer och smaker \u00e4r underbart harmoniska.<\/p>\n<p class=\"\" data-start=\"271\" data-end=\"310\"><strong data-start=\"271\" data-end=\"310\">Egenskaper Ras Al Abd Dubai Style Pistachio Ras Al Abd:<\/strong><\/p>\n<ul data-start=\"311\" data-end=\"518\">\n<li class=\"\" data-start=\"311\" data-end=\"349\">\n<p class=\"\" data-start=\"313\" data-end=\"349\">Mjuk och fyllig pistaschsmak i hj\u00e4rtat av varje bit<\/p>\n<\/li>\n<li class=\"\" data-start=\"350\" data-end=\"397\">\n<p class=\"\" data-start=\"352\" data-end=\"397\">Ett kr\u00e4migt chokladlager ger en lyxig smak till varje tugga<\/p>\n<\/li>\n<li class=\"\" data-start=\"398\" data-end=\"463\">\n<p class=\"\" data-start=\"400\" data-end=\"463\">Precis r\u00e4tt storlek f\u00f6r att servera vid evenemang eller f\u00f6r att njuta av p\u00e5 fritiden<\/p>\n<\/li>\n<li class=\"\" data-start=\"464\" data-end=\"518\">\n<p class=\"\" data-start=\"466\" data-end=\"518\">Tilltalande design och praktisk f\u00f6rpackning som bevarar f\u00e4rskhet och smak<\/p>\n<\/li>\n<\/ul>\n<p class=\"\" data-start=\"520\" data-end=\"538\"><strong data-start=\"520\" data-end=\"538\">Produktinformation:<\/strong><\/p>\n<ul data-start=\"539\" data-end=\"787\">\n<li class=\"\" data-start=\"539\" data-end=\"567\">\n<p class=\"\" data-start=\"541\" data-end=\"567\"><strong data-start=\"541\" data-end=\"558\">Nettovikt:<\/strong> 100 gram<\/p>\n<\/li>\n<li class=\"\" data-start=\"568\" data-end=\"590\">\n<p class=\"\" data-start=\"570\" data-end=\"590\"><strong data-start=\"570\" data-end=\"584\">Antalet delar:<\/strong> 6 stycken<\/p>\n<\/li>\n<li class=\"\" data-start=\"591\" data-end=\"686\">\n<p class=\"\" data-start=\"593\" data-end=\"686\"><strong data-start=\"593\" data-end=\"606\">Ingredienser:<\/strong> Choklad, pistagegr\u00e4dde, socker, mj\u00f6lkpulver, kakao, naturliga aromer, emulgeringsmedel<\/p>\n<\/li>\n<li class=\"\" data-start=\"687\" data-end=\"716\">\n<p class=\"\" data-start=\"689\" data-end=\"716\"><strong data-start=\"689\" data-end=\"710\">Varum\u00e4rket:<\/strong> SAMBA<\/p>\n<\/li>\n<li class=\"\" data-start=\"717\" data-end=\"740\">\n<p class=\"\" data-start=\"719\" data-end=\"740\"><strong data-start=\"719\" data-end=\"734\">Ursprungsland:<\/strong> Turkiet<\/p>\n<\/li>\n<\/ul>\n<p class=\"\" data-start=\"789\" data-end=\"809\"><strong data-start=\"789\" data-end=\"809\">F\u00f6rvaringsanvisningar:<\/strong><\/p>\n<ul data-start=\"810\" data-end=\"891\">\n<li class=\"\" data-start=\"810\" data-end=\"835\">\n<p class=\"\" data-start=\"812\" data-end=\"835\">F\u00f6rvaras p\u00e5 en sval och torr plats<\/p>\n<\/li>\n<li class=\"\" data-start=\"836\" data-end=\"891\">\n<p class=\"\" data-start=\"838\" data-end=\"891\">F\u00f6rbrukas b\u00e4st inom den h\u00e5llbarhetstid som anges p\u00e5 f\u00f6rpackningen<\/p>\n<\/li>\n<\/ul>\n<p class=\"\" data-start=\"893\" data-end=\"997\">G\u00f6r dina stunder mer uts\u00f6kta och speciella med Ras Al Abd Dubai Style fr\u00e5n Sanabel - en rik smak som uttrycker orientalisk elegans.<\/p>","protected":false},"excerpt":{"rendered":"<p>SAMBAs signaturprodukt, som kombinerar mjukheten hos en kr\u00e4mig, rik fyllning med pistaschsmak med den lyxiga smaken av \u00f6verdragen choklad. Varje bit \u00e4r noggrant utformad f\u00f6r att skapa en unik dessertupplevelse d\u00e4r texturer och smaker \u00e4r underbart harmoniska.<\/p>","protected":false},"featured_media":50250,"template":"","meta":[],"product_brand":[],"product_cat":[349,377,297],"product_tag":[],"class_list":{"0":"post-50249","1":"product","2":"type-product","3":"status-publish","4":"has-post-thumbnail","6":"product_cat-349","7":"product_cat-377","8":"product_cat-297","10":"first","11":"outofstock","12":"sale","13":"taxable","14":"shipping-taxable","15":"purchasable","16":"product-type-simple"},"_links":{"self":[{"href":"https:\/\/senabel.com\/sv\/wp-json\/wp\/v2\/product\/50249","targetHints":{"allow":["GET"]}}],"collection":[{"href":"https:\/\/senabel.com\/sv\/wp-json\/wp\/v2\/product"}],"about":[{"href":"https:\/\/senabel.com\/sv\/wp-json\/wp\/v2\/types\/product"}],"version-history":[{"count":1,"href":"https:\/\/senabel.com\/sv\/wp-json\/wp\/v2\/product\/50249\/revisions"}],"predecessor-version":[{"id":50252,"href":"https:\/\/senabel.com\/sv\/wp-json\/wp\/v2\/product\/50249\/revisions\/50252"}],"wp:featuredmedia":[{"embeddable":true,"href":"https:\/\/senabel.com\/sv\/wp-json\/wp\/v2\/media\/50250"}],"wp:attachment":[{"href":"https:\/\/senabel.com\/sv\/wp-json\/wp\/v2\/media?parent=50249"}],"wp:term":[{"taxonomy":"product_brand","embeddable":true,"href":"https:\/\/senabel.com\/sv\/wp-json\/wp\/v2\/product_brand?post=50249"},{"taxonomy":"product_cat","embeddable":true,"href":"https:\/\/senabel.com\/sv\/wp-json\/wp\/v2\/product_cat?post=50249"},{"taxonomy":"product_tag","embeddable":true,"href":"https:\/\/senabel.com\/sv\/wp-json\/wp\/v2\/product_tag?post=50249"}],"curies":[{"name":"wp","href":"https:\/\/api.w.org\/{rel}","templated":true}]}}