{"id":50170,"date":"2025-04-09T13:42:35","date_gmt":"2025-04-09T13:42:35","guid":{"rendered":"https:\/\/senabel.com\/?post_type=product&#038;p=50170"},"modified":"2025-07-26T14:16:39","modified_gmt":"2025-07-26T14:16:39","slug":"norstar-premium-fruktgelatin","status":"publish","type":"product","link":"https:\/\/senabel.com\/sv\/product\/norstar-premium-fruit-gelatin\/","title":{"rendered":"Norstars signaturfruktgelatin"},"content":{"rendered":"<p class=\"\" data-start=\"0\" data-end=\"345\">Njut av naturliga fruktsmaker med Noonstars karakteristiska fruktgelatin<br data-start=\"68\" data-end=\"71\" \/>Letar du efter en dessert som kombinerar god smak med naturliga ingredienser? Prova Noonstars fruktgelatin i smaker som druva, jordgubb, mango, vattenmelon, gr\u00f6n druva och cola. Varje f\u00f6rpackning inneh\u00e5ller 10 minip\u00e5sar fyllda med l\u00e4ckra gel\u00e9b\u00f6nor som \u00e4r packade med mer \u00e4n 28% fruktjuice.<\/p>\n<p class=\"\" data-start=\"347\" data-end=\"433\">Tillverkad utan fl\u00e4skderivat och garanterat halal, \u00e4r det ett s\u00e4kert och v\u00e4lsmakande alternativ f\u00f6r hela familjen.<\/p>\n<p class=\"\" data-start=\"435\" data-end=\"472\"><strong data-start=\"435\" data-end=\"472\">Egenskaper hos Noonstar Fruit Gelatin:<\/strong><\/p>\n<ul data-start=\"473\" data-end=\"731\">\n<li class=\"\" data-start=\"473\" data-end=\"512\">\n<p class=\"\" data-start=\"475\" data-end=\"512\">Inneh\u00e5ller mer \u00e4n 28% naturlig juice<\/p>\n<\/li>\n<li class=\"\" data-start=\"513\" data-end=\"551\">\n<p class=\"\" data-start=\"515\" data-end=\"551\">Fri fr\u00e5n fl\u00e4skderivat och Halal-garanterad<\/p>\n<\/li>\n<li class=\"\" data-start=\"552\" data-end=\"626\">\n<p class=\"\" data-start=\"554\" data-end=\"626\">Flera smaker f\u00f6r att tillfredsst\u00e4lla alla smaker: Druva, jordgubb, mango, vattenmelon, gr\u00f6n druva, cola<\/p>\n<\/li>\n<li class=\"\" data-start=\"627\" data-end=\"676\">\n<p class=\"\" data-start=\"629\" data-end=\"676\">L\u00e4ckert seg konsistens som sm\u00e4lter i munnen f\u00f6r en njutbar upplevelse<\/p>\n<\/li>\n<li class=\"\" data-start=\"677\" data-end=\"731\">\n<p class=\"\" data-start=\"679\" data-end=\"731\">Passar b\u00e5de barn och vuxna som mellanm\u00e5l eller dessert efter maten<\/p>\n<\/li>\n<\/ul>\n<p class=\"\" data-start=\"733\" data-end=\"751\"><strong data-start=\"733\" data-end=\"751\">Produktinformation:<\/strong><\/p>\n<ul data-start=\"752\" data-end=\"934\">\n<li class=\"\" data-start=\"752\" data-end=\"808\">\n<p class=\"\" data-start=\"754\" data-end=\"808\"><strong data-start=\"754\" data-end=\"778\">L\u00e5dans nettovikt:<\/strong> 680 g (10 p\u00e5sar x 68 g)<\/p>\n<\/li>\n<li class=\"\" data-start=\"809\" data-end=\"873\">\n<p class=\"\" data-start=\"811\" data-end=\"873\"><strong data-start=\"811\" data-end=\"832\">Smak\u00e4mnen:<\/strong> Druvor, gr\u00f6na druvor, jordgubbar, mango, vattenmelon, cola<\/p>\n<\/li>\n<li class=\"\" data-start=\"874\" data-end=\"906\">\n<p class=\"\" data-start=\"876\" data-end=\"906\"><strong data-start=\"876\" data-end=\"897\">Varum\u00e4rket:<\/strong> Noonstar<\/p>\n<\/li>\n<li class=\"\" data-start=\"907\" data-end=\"934\">\n<p class=\"\" data-start=\"909\" data-end=\"934\"><strong data-start=\"909\" data-end=\"920\">Status:<\/strong> S\u00e4kert f\u00f6rpackad<\/p>\n<\/li>\n<\/ul>\n<p class=\"\" data-start=\"936\" data-end=\"956\"><strong data-start=\"936\" data-end=\"956\">F\u00f6rvaringsanvisningar:<\/strong><\/p>\n<ul data-start=\"957\" data-end=\"1061\">\n<li class=\"\" data-start=\"957\" data-end=\"1012\">\n<p class=\"\" data-start=\"959\" data-end=\"1012\">F\u00f6rvaras svalt, torrt och skyddat fr\u00e5n direkt solljus<\/p>\n<\/li>\n<li class=\"\" data-start=\"1013\" data-end=\"1061\">\n<p class=\"\" data-start=\"1015\" data-end=\"1061\">F\u00f6rslut p\u00e5sen v\u00e4l efter \u00f6ppnandet f\u00f6r att bevara f\u00e4rskheten<\/p>\n<\/li>\n<\/ul>\n<p class=\"\" data-start=\"1063\" data-end=\"1200\">Tillf\u00f6r unika smaker till din vardag med Noonstars fruktgelatin, som nu finns p\u00e5 Sanabel - det perfekta valet f\u00f6r dig som \u00e4lskar naturliga snacks.<\/p>","protected":false},"excerpt":{"rendered":"<p>Letar du efter en dessert som kombinerar god smak med naturliga ingredienser? Prova Noonstars fruktgelatin i smaker som druva, jordgubb, mango, vattenmelon, gr\u00f6n druva och cola. Varje f\u00f6rpackning inneh\u00e5ller 10 minip\u00e5sar fyllda med l\u00e4ckra gel\u00e9b\u00f6nor som \u00e4r packade med mer \u00e4n 28% fruktjuice.<\/p>","protected":false},"featured_media":50171,"template":"","meta":[],"product_brand":[],"product_cat":[349,377],"product_tag":[],"class_list":{"0":"post-50170","1":"product","2":"type-product","3":"status-publish","4":"has-post-thumbnail","6":"product_cat-349","7":"product_cat-377","9":"first","10":"outofstock","11":"taxable","12":"shipping-taxable","13":"product-type-variable"},"_links":{"self":[{"href":"https:\/\/senabel.com\/sv\/wp-json\/wp\/v2\/product\/50170","targetHints":{"allow":["GET"]}}],"collection":[{"href":"https:\/\/senabel.com\/sv\/wp-json\/wp\/v2\/product"}],"about":[{"href":"https:\/\/senabel.com\/sv\/wp-json\/wp\/v2\/types\/product"}],"version-history":[{"count":2,"href":"https:\/\/senabel.com\/sv\/wp-json\/wp\/v2\/product\/50170\/revisions"}],"predecessor-version":[{"id":53908,"href":"https:\/\/senabel.com\/sv\/wp-json\/wp\/v2\/product\/50170\/revisions\/53908"}],"wp:featuredmedia":[{"embeddable":true,"href":"https:\/\/senabel.com\/sv\/wp-json\/wp\/v2\/media\/50171"}],"wp:attachment":[{"href":"https:\/\/senabel.com\/sv\/wp-json\/wp\/v2\/media?parent=50170"}],"wp:term":[{"taxonomy":"product_brand","embeddable":true,"href":"https:\/\/senabel.com\/sv\/wp-json\/wp\/v2\/product_brand?post=50170"},{"taxonomy":"product_cat","embeddable":true,"href":"https:\/\/senabel.com\/sv\/wp-json\/wp\/v2\/product_cat?post=50170"},{"taxonomy":"product_tag","embeddable":true,"href":"https:\/\/senabel.com\/sv\/wp-json\/wp\/v2\/product_tag?post=50170"}],"curies":[{"name":"wp","href":"https:\/\/api.w.org\/{rel}","templated":true}]}}