{"id":50164,"date":"2025-04-09T13:49:04","date_gmt":"2025-04-09T13:49:04","guid":{"rendered":"https:\/\/senabel.com\/?post_type=product&#038;p=50164"},"modified":"2025-06-02T17:15:51","modified_gmt":"2025-06-02T17:15:51","slug":"marshmallow-fortuna-pasta","status":"publish","type":"product","link":"https:\/\/senabel.com\/sv\/product\/marshmallow-fortuna-pasta\/","title":{"rendered":"Marshmallow Fortuna Pasta 90g"},"content":{"rendered":"<p class=\"\" data-start=\"0\" data-end=\"275\">Njut av en h\u00e4rlig smak och ett innovativt utseende med Marshmallow Fortuna Pasta - 90g<br data-start=\"63\" data-end=\"66\" \/>Ge dina desserter en rolig och annorlunda twist med Fortunas Macaroni Marshmallow. Dessa distinkta marshmallows finns i mjuka f\u00e4rger och l\u00e5nga, tunna pastaliknande former, vilket g\u00f6r dem perfekta att dekorera eller servera p\u00e5 fester och evenemang.<\/p>\n<p class=\"\" data-start=\"277\" data-end=\"347\">Halal 100% marshmallows \u00e4r mj\u00f6lkfria, s\u00e5 de passar hela familjen.<\/p>\n<p class=\"\" data-start=\"349\" data-end=\"387\"><strong data-start=\"349\" data-end=\"385\">Inneh\u00e5ller Marshmallow Fortuna Pasta:<\/strong><\/p>\n<ul data-start=\"388\" data-end=\"627\">\n<li class=\"\" data-start=\"388\" data-end=\"443\">\n<p class=\"\" data-start=\"390\" data-end=\"443\">Den mjuka och uts\u00f6kta smaken sm\u00e4lter i munnen och g\u00f6r varje tugga till en njutning.<\/p>\n<\/li>\n<li class=\"\" data-start=\"444\" data-end=\"514\">\n<p class=\"\" data-start=\"446\" data-end=\"514\">Den unika pastaformen \u00e4r i\u00f6gonfallande och ger en distinkt touch till presentationen<\/p>\n<\/li>\n<li class=\"\" data-start=\"515\" data-end=\"574\">\n<p class=\"\" data-start=\"517\" data-end=\"574\">Halal och fri fr\u00e5n otill\u00e5tna fl\u00e4skderivat eller gelatin<\/p>\n<\/li>\n<li class=\"\" data-start=\"575\" data-end=\"627\">\n<p class=\"\" data-start=\"577\" data-end=\"627\">Perfekt f\u00f6r servering p\u00e5 fester eller f\u00f6r att dekorera t\u00e5rtor och desserter<\/p>\n<\/li>\n<\/ul>\n<p class=\"\" data-start=\"629\" data-end=\"649\"><strong data-start=\"629\" data-end=\"647\">Produktinformation:<\/strong><\/p>\n<ul data-start=\"650\" data-end=\"850\">\n<li class=\"\" data-start=\"650\" data-end=\"679\">\n<p class=\"\" data-start=\"652\" data-end=\"679\"><strong data-start=\"652\" data-end=\"669\">Nettovikt:<\/strong> 90 gram<\/p>\n<\/li>\n<li class=\"\" data-start=\"680\" data-end=\"759\">\n<p class=\"\" data-start=\"682\" data-end=\"759\"><strong data-start=\"682\" data-end=\"695\">Ingredienser:<\/strong> Glukossirap, socker, vegetabiliskt gelatin, naturliga aromer, livsmedelsf\u00e4rg\u00e4mnen<\/p>\n<\/li>\n<li class=\"\" data-start=\"760\" data-end=\"794\">\n<p class=\"\" data-start=\"762\" data-end=\"794\"><strong data-start=\"762\" data-end=\"783\">Varum\u00e4rket:<\/strong> Fortunna<\/p>\n<\/li>\n<li class=\"\" data-start=\"823\" data-end=\"850\">\n<p class=\"\" data-start=\"825\" data-end=\"850\"><strong data-start=\"825\" data-end=\"836\">Status:<\/strong> S\u00e4kert f\u00f6rpackad<\/p>\n<\/li>\n<\/ul>\n<p class=\"\" data-start=\"852\" data-end=\"874\"><strong data-start=\"852\" data-end=\"872\">F\u00f6rvaringsanvisningar:<\/strong><\/p>\n<ul data-start=\"875\" data-end=\"982\">\n<li class=\"\" data-start=\"875\" data-end=\"933\">\n<p class=\"\" data-start=\"877\" data-end=\"933\">F\u00f6rvaras svalt, torrt och skyddat fr\u00e5n direkt solljus<\/p>\n<\/li>\n<li class=\"\" data-start=\"934\" data-end=\"982\">\n<p class=\"\" data-start=\"936\" data-end=\"982\">F\u00f6rslut p\u00e5sen v\u00e4l efter \u00f6ppnandet f\u00f6r att bevara f\u00e4rskheten<\/p>\n<\/li>\n<\/ul>\n<p class=\"\" data-start=\"984\" data-end=\"1101\">Fortuna Marshmallow Spaghetti fr\u00e5n Snapple \u00e4r det perfekta valet f\u00f6r dig som \u00e4lskar l\u00e4tt s\u00f6tma och unik presentation - l\u00e4gg den i din korg nu.<\/p>","protected":false},"excerpt":{"rendered":"<p>Ge dina desserter en rolig och annorlunda twist med Fortunas Macaroni Marshmallow. Dessa distinkta marshmallows finns i mjuka f\u00e4rger och l\u00e5nga, tunna pastaliknande former, vilket g\u00f6r dem perfekta att dekorera eller servera p\u00e5 fester och evenemang.<\/p>","protected":false},"featured_media":50167,"template":"","meta":[],"product_brand":[],"product_cat":[349,377],"product_tag":[],"class_list":{"0":"post-50164","1":"product","2":"type-product","3":"status-publish","4":"has-post-thumbnail","6":"product_cat-349","7":"product_cat-377","9":"first","10":"outofstock","11":"taxable","12":"shipping-taxable","13":"purchasable","14":"product-type-simple"},"_links":{"self":[{"href":"https:\/\/senabel.com\/sv\/wp-json\/wp\/v2\/product\/50164","targetHints":{"allow":["GET"]}}],"collection":[{"href":"https:\/\/senabel.com\/sv\/wp-json\/wp\/v2\/product"}],"about":[{"href":"https:\/\/senabel.com\/sv\/wp-json\/wp\/v2\/types\/product"}],"version-history":[{"count":1,"href":"https:\/\/senabel.com\/sv\/wp-json\/wp\/v2\/product\/50164\/revisions"}],"predecessor-version":[{"id":50166,"href":"https:\/\/senabel.com\/sv\/wp-json\/wp\/v2\/product\/50164\/revisions\/50166"}],"wp:featuredmedia":[{"embeddable":true,"href":"https:\/\/senabel.com\/sv\/wp-json\/wp\/v2\/media\/50167"}],"wp:attachment":[{"href":"https:\/\/senabel.com\/sv\/wp-json\/wp\/v2\/media?parent=50164"}],"wp:term":[{"taxonomy":"product_brand","embeddable":true,"href":"https:\/\/senabel.com\/sv\/wp-json\/wp\/v2\/product_brand?post=50164"},{"taxonomy":"product_cat","embeddable":true,"href":"https:\/\/senabel.com\/sv\/wp-json\/wp\/v2\/product_cat?post=50164"},{"taxonomy":"product_tag","embeddable":true,"href":"https:\/\/senabel.com\/sv\/wp-json\/wp\/v2\/product_tag?post=50164"}],"curies":[{"name":"wp","href":"https:\/\/api.w.org\/{rel}","templated":true}]}}