{"id":50155,"date":"2025-04-09T13:50:27","date_gmt":"2025-04-09T13:50:27","guid":{"rendered":"https:\/\/senabel.com\/?post_type=product&#038;p=50155"},"modified":"2025-05-25T19:12:38","modified_gmt":"2025-05-25T19:12:38","slug":"marshmallow-fortuna-medelstora-bitar","status":"publish","type":"product","link":"https:\/\/senabel.com\/sv\/product\/marshmallow-fortuna-medium-pieces\/","title":{"rendered":"Marshmallow Fortuna Mittpunkt 90g"},"content":{"rendered":"<p class=\"\" data-start=\"0\" data-end=\"294\">Njut av en mjuk och f\u00e4rgstark smak med Fortuna Marshmallow Fortune Cutters - 90g<br data-start=\"58\" data-end=\"61\" \/>Fortunas marshmallows ger dig en unik upplevelse av s\u00f6tma och f\u00e4rg i varje tugga. Den finns i medelstora storlekar som \u00e4r perfekta att njuta av n\u00e4r som helst, oavsett om det \u00e4r p\u00e5 evenemang eller som ett mellanm\u00e5l mellan m\u00e5ltiderna. Dess mjuka konsistens och uts\u00f6kta smak g\u00f6r den till en favorit hos b\u00e5de vuxna och barn.<\/p>\n<p class=\"\" data-start=\"296\" data-end=\"374\">Halal och helt fri fr\u00e5n fl\u00e4skderivat, vilket g\u00f6r den s\u00e4ker f\u00f6r hela familjen.<\/p>\n<p class=\"\" data-start=\"376\" data-end=\"414\"><strong data-start=\"376\" data-end=\"412\">Inneh\u00e5ller Marshmallow Fortuna Centrepieces:<\/strong><\/p>\n<ul data-start=\"415\" data-end=\"640\">\n<li class=\"\" data-start=\"415\" data-end=\"468\">\n<p class=\"\" data-start=\"417\" data-end=\"468\">Den mjuka smaken sm\u00e4lter i munnen och ger dig en uts\u00f6kt och njutbar upplevelse.<\/p>\n<\/li>\n<li class=\"\" data-start=\"469\" data-end=\"529\">\n<p class=\"\" data-start=\"471\" data-end=\"529\">Vackra f\u00e4rger som ger ett attraktivt utseende till desserter eller servering.<\/p>\n<\/li>\n<li class=\"\" data-start=\"530\" data-end=\"587\">\n<p class=\"\" data-start=\"532\" data-end=\"587\">Halal och fri fr\u00e5n alla otill\u00e5tna fl\u00e4skderivat eller gelatin.<\/p>\n<\/li>\n<li class=\"\" data-start=\"588\" data-end=\"640\">\n<p class=\"\" data-start=\"590\" data-end=\"640\">Perfekt f\u00f6r evenemang, fester eller som ett l\u00e4tt mellanm\u00e5l n\u00e4r som helst.<\/p>\n<\/li>\n<\/ul>\n<p class=\"\" data-start=\"642\" data-end=\"662\"><strong data-start=\"642\" data-end=\"660\">Produktinformation:<\/strong><\/p>\n<ul data-start=\"663\" data-end=\"863\">\n<li class=\"\" data-start=\"663\" data-end=\"692\">\n<p class=\"\" data-start=\"665\" data-end=\"692\"><strong data-start=\"665\" data-end=\"682\">Nettovikt:<\/strong> 90 gram<\/p>\n<\/li>\n<li class=\"\" data-start=\"693\" data-end=\"772\">\n<p class=\"\" data-start=\"695\" data-end=\"772\"><strong data-start=\"695\" data-end=\"708\">Ingredienser:<\/strong> Glukossirap, socker, vegetabiliskt gelatin, naturliga aromer, livsmedelsf\u00e4rg\u00e4mnen<\/p>\n<\/li>\n<li class=\"\" data-start=\"773\" data-end=\"807\">\n<p class=\"\" data-start=\"775\" data-end=\"807\"><strong data-start=\"775\" data-end=\"796\">Varum\u00e4rket:<\/strong> Fortunna<\/p>\n<\/li>\n<li class=\"\" data-start=\"836\" data-end=\"863\">\n<p class=\"\" data-start=\"838\" data-end=\"863\"><strong data-start=\"838\" data-end=\"849\">Status:<\/strong> S\u00e4kert f\u00f6rpackad<\/p>\n<\/li>\n<\/ul>\n<p class=\"\" data-start=\"865\" data-end=\"887\"><strong data-start=\"865\" data-end=\"885\">F\u00f6rvaringsanvisningar:<\/strong><\/p>\n<ul data-start=\"888\" data-end=\"997\">\n<li class=\"\" data-start=\"888\" data-end=\"947\">\n<p class=\"\" data-start=\"890\" data-end=\"947\">F\u00f6rvara p\u00e5 en sval, torr plats, skyddad fr\u00e5n direkt solljus.<\/p>\n<\/li>\n<li class=\"\" data-start=\"948\" data-end=\"997\">\n<p class=\"\" data-start=\"950\" data-end=\"997\">F\u00f6rslut p\u00e5sen ordentligt efter \u00f6ppnandet f\u00f6r att h\u00e5lla den mjuk.<\/p>\n<\/li>\n<\/ul>\n<p class=\"\" data-start=\"999\" data-end=\"1129\">L\u00e4gg till en touch av f\u00e4rg och god smak i din korg med Fortuna Marshmallow Centrepieces fr\u00e5n Snapple - det perfekta valet f\u00f6r \u00e4lskare av naturlig och l\u00e4tt s\u00f6tma.<\/p>","protected":false},"excerpt":{"rendered":"<p>Fortunas marshmallows ger dig en unik upplevelse av s\u00f6tma och f\u00e4rg i varje tugga. Den finns i medelstora storlekar som \u00e4r perfekta att njuta av n\u00e4r som helst, oavsett om det \u00e4r p\u00e5 evenemang eller som ett mellanm\u00e5l mellan m\u00e5ltiderna. Dess mjuka konsistens och uts\u00f6kta smak g\u00f6r den till en favorit hos b\u00e5de vuxna och barn.<\/p>","protected":false},"featured_media":50156,"template":"","meta":[],"product_brand":[],"product_cat":[349,377],"product_tag":[],"class_list":{"0":"post-50155","1":"product","2":"type-product","3":"status-publish","4":"has-post-thumbnail","6":"product_cat-349","7":"product_cat-377","9":"first","10":"outofstock","11":"taxable","12":"shipping-taxable","13":"purchasable","14":"product-type-simple"},"_links":{"self":[{"href":"https:\/\/senabel.com\/sv\/wp-json\/wp\/v2\/product\/50155","targetHints":{"allow":["GET"]}}],"collection":[{"href":"https:\/\/senabel.com\/sv\/wp-json\/wp\/v2\/product"}],"about":[{"href":"https:\/\/senabel.com\/sv\/wp-json\/wp\/v2\/types\/product"}],"version-history":[{"count":2,"href":"https:\/\/senabel.com\/sv\/wp-json\/wp\/v2\/product\/50155\/revisions"}],"predecessor-version":[{"id":50158,"href":"https:\/\/senabel.com\/sv\/wp-json\/wp\/v2\/product\/50155\/revisions\/50158"}],"wp:featuredmedia":[{"embeddable":true,"href":"https:\/\/senabel.com\/sv\/wp-json\/wp\/v2\/media\/50156"}],"wp:attachment":[{"href":"https:\/\/senabel.com\/sv\/wp-json\/wp\/v2\/media?parent=50155"}],"wp:term":[{"taxonomy":"product_brand","embeddable":true,"href":"https:\/\/senabel.com\/sv\/wp-json\/wp\/v2\/product_brand?post=50155"},{"taxonomy":"product_cat","embeddable":true,"href":"https:\/\/senabel.com\/sv\/wp-json\/wp\/v2\/product_cat?post=50155"},{"taxonomy":"product_tag","embeddable":true,"href":"https:\/\/senabel.com\/sv\/wp-json\/wp\/v2\/product_tag?post=50155"}],"curies":[{"name":"wp","href":"https:\/\/api.w.org\/{rel}","templated":true}]}}