{"id":50142,"date":"2025-04-09T13:52:48","date_gmt":"2025-04-09T13:52:48","guid":{"rendered":"https:\/\/senabel.com\/?post_type=product&#038;p=50142"},"modified":"2025-05-01T18:51:00","modified_gmt":"2025-05-01T18:51:00","slug":"gele-av-blandad-frukt","status":"publish","type":"product","link":"https:\/\/senabel.com\/sv\/product\/mixed-fruit-jelly\/","title":{"rendered":"Gel\u00e9 med blandad frukt 2 kg"},"content":{"rendered":"<h3 class=\"\" data-start=\"88\" data-end=\"136\">Gel\u00e9 med blandad frukt - 2 kg (cirka 55 bitar x 35 g)<\/h3>\n<p class=\"\" data-start=\"138\" data-end=\"180\">Fruktiga smaker, roliga f\u00e4rger och o\u00e4ndligt mycket skoj!<\/p>\n<p class=\"\" data-start=\"182\" data-end=\"431\">Denna 2 kg-f\u00f6rpackning med Mixed Fruit Jelly \u00e4r en l\u00e4cker upplevelse f\u00f6r b\u00e5de barn och vuxna. Gel\u00e9n inneh\u00e5ller en m\u00e4ngd olika smaker och f\u00e4rger i form av glada frukter som ananas, jordgubbar och vindruvor, vilket g\u00f6r den till ett perfekt val f\u00f6r fester, evenemang eller till och med som mellanm\u00e5l.<\/p>\n<p class=\"\" data-start=\"433\" data-end=\"583\">\u2714\ufe0f Mjuk och gel\u00e9artad med en distinkt konsistens<br data-start=\"457\" data-end=\"460\" \/>\u2714\ufe0f Rik och s\u00f6t fruktsmak<br data-start=\"481\" data-end=\"484\" \/>\u2714\ufe0f Praktisk och s\u00e4ker f\u00f6rpackning f\u00f6r varje artikel<br data-start=\"511\" data-end=\"514\" \/>\u2714\ufe0f Inneh\u00e5ller cirka 55 bitar x 35g\u00a0<br data-start=\"554\" data-end=\"557\" \/>\u2714\ufe0f Passar b\u00e5de barn och vuxna<\/p>\n<p class=\"\" data-start=\"585\" data-end=\"691\"><strong data-start=\"585\" data-end=\"595\">Storlek:<\/strong> 2 kg<br data-start=\"600\" data-end=\"603\" \/><strong data-start=\"603\" data-end=\"615\">Smak\u00e4mnen:<\/strong> Problemfrukter<br data-start=\"626\" data-end=\"629\" \/><strong data-start=\"629\" data-end=\"648\">Ett stycke:<\/strong> Cirka 35 g<br data-start=\"660\" data-end=\"663\" \/><strong data-start=\"663\" data-end=\"677\">Antalet delar:<\/strong> Cirka 55 stycken<\/p>","protected":false},"excerpt":{"rendered":"<p>Denna 2 kg-f\u00f6rpackning med Mixed Fruit Jelly \u00e4r en l\u00e4cker upplevelse f\u00f6r b\u00e5de barn och vuxna. Gel\u00e9n inneh\u00e5ller en m\u00e4ngd olika smaker och f\u00e4rger i form av glada frukter som ananas, jordgubbar och vindruvor, vilket g\u00f6r den till ett perfekt val f\u00f6r fester, evenemang eller till och med som mellanm\u00e5l.<\/p>","protected":false},"featured_media":50143,"template":"","meta":[],"product_brand":[],"product_cat":[349,377],"product_tag":[],"class_list":{"0":"post-50142","1":"product","2":"type-product","3":"status-publish","4":"has-post-thumbnail","6":"product_cat-349","7":"product_cat-377","9":"first","10":"outofstock","11":"taxable","12":"shipping-taxable","13":"purchasable","14":"product-type-simple"},"_links":{"self":[{"href":"https:\/\/senabel.com\/sv\/wp-json\/wp\/v2\/product\/50142","targetHints":{"allow":["GET"]}}],"collection":[{"href":"https:\/\/senabel.com\/sv\/wp-json\/wp\/v2\/product"}],"about":[{"href":"https:\/\/senabel.com\/sv\/wp-json\/wp\/v2\/types\/product"}],"version-history":[{"count":2,"href":"https:\/\/senabel.com\/sv\/wp-json\/wp\/v2\/product\/50142\/revisions"}],"predecessor-version":[{"id":50595,"href":"https:\/\/senabel.com\/sv\/wp-json\/wp\/v2\/product\/50142\/revisions\/50595"}],"wp:featuredmedia":[{"embeddable":true,"href":"https:\/\/senabel.com\/sv\/wp-json\/wp\/v2\/media\/50143"}],"wp:attachment":[{"href":"https:\/\/senabel.com\/sv\/wp-json\/wp\/v2\/media?parent=50142"}],"wp:term":[{"taxonomy":"product_brand","embeddable":true,"href":"https:\/\/senabel.com\/sv\/wp-json\/wp\/v2\/product_brand?post=50142"},{"taxonomy":"product_cat","embeddable":true,"href":"https:\/\/senabel.com\/sv\/wp-json\/wp\/v2\/product_cat?post=50142"},{"taxonomy":"product_tag","embeddable":true,"href":"https:\/\/senabel.com\/sv\/wp-json\/wp\/v2\/product_tag?post=50142"}],"curies":[{"name":"wp","href":"https:\/\/api.w.org\/{rel}","templated":true}]}}