{"id":50134,"date":"2025-04-09T13:58:15","date_gmt":"2025-04-09T13:58:15","guid":{"rendered":"https:\/\/senabel.com\/?post_type=product&#038;p=50134"},"modified":"2025-08-26T08:49:49","modified_gmt":"2025-08-26T08:49:49","slug":"lyxiga-mjolkbiskvier","status":"publish","type":"product","link":"https:\/\/senabel.com\/sv\/product\/luxury-milk-biscuits\/","title":{"rendered":"Al Fakher Mj\u00f6lkkakor - 12 stycken"},"content":{"rendered":"<p class=\"\" data-start=\"121\" data-end=\"206\"><strong data-start=\"121\" data-end=\"173\">Vit choklad\u00f6verdragna kex - 12 stycken<\/strong><br data-start=\"173\" data-end=\"176\" \/><strong data-start=\"176\" data-end=\"206\">F\u00e4rskhet och smak i varje tugga<\/strong><\/p>\n<p class=\"\" data-start=\"208\" data-end=\"403\">Sk\u00e4m bort dig sj\u00e4lv med en lyxig smakupplevelse med <strong data-start=\"236\" data-end=\"253\">Fina kex<\/strong> Fylld med mj\u00f6lkkr\u00e4m och \u00f6verdragen med ett sl\u00e4tt lager av uts\u00f6kt vit choklad.<br data-start=\"326\" data-end=\"329\" \/>Den mjuka konsistensen och den fylliga smaken g\u00f6r den till ett perfekt mellanm\u00e5l n\u00e4r som helst p\u00e5 dygnet.<\/p>\n<p class=\"\" data-start=\"405\" data-end=\"423\"><strong data-start=\"405\" data-end=\"423\">Produktinformation:<\/strong><\/p>\n<ul data-start=\"425\" data-end=\"576\">\n<li class=\"\" data-start=\"425\" data-end=\"462\">\n<p class=\"\" data-start=\"427\" data-end=\"462\">Inneh\u00e5ll: Kartong med 12 delar<\/p>\n<\/li>\n<li class=\"\" data-start=\"463\" data-end=\"499\">\n<p class=\"\" data-start=\"465\" data-end=\"499\">Typ av kex: Kex fyllda med mj\u00f6lkkr\u00e4m<\/p>\n<\/li>\n<li class=\"\" data-start=\"500\" data-end=\"537\">\n<p class=\"\" data-start=\"502\" data-end=\"537\">F\u00f6rpackning: F\u00f6rpackad i vit choklad<\/p>\n<\/li>\n<\/ul>\n<p class=\"\" data-start=\"578\" data-end=\"591\"><strong data-start=\"578\" data-end=\"591\">Funktioner:<\/strong><\/p>\n<ul data-start=\"593\" data-end=\"781\">\n<li class=\"\" data-start=\"593\" data-end=\"638\">\n<p class=\"\" data-start=\"595\" data-end=\"638\">En unik smak av vit choklad och gr\u00e4dde<\/p>\n<\/li>\n<li class=\"\" data-start=\"639\" data-end=\"670\">\n<p class=\"\" data-start=\"641\" data-end=\"670\">Mjuk och smidig konsistens som sm\u00e4lter i munnen<\/p>\n<\/li>\n<\/ul>\n<p class=\"\" data-start=\"860\" data-end=\"917\"><strong data-start=\"860\" data-end=\"917\">Best\u00e4ll den nu fr\u00e5n Sanabel - en smak av lyx i ett paket.<\/strong><\/p>","protected":false},"excerpt":{"rendered":"<p class=\"\" data-start=\"208\" data-end=\"403\">Sk\u00e4m bort dig sj\u00e4lv med en lyxig smakupplevelse med <strong data-start=\"236\" data-end=\"253\">Fina kex<\/strong> Fylld med mj\u00f6lkkr\u00e4m och \u00f6verdragen med ett sl\u00e4tt lager av uts\u00f6kt vit choklad.<br data-start=\"326\" data-end=\"329\" \/>Den mjuka konsistensen och den fylliga smaken g\u00f6r den till ett perfekt mellanm\u00e5l n\u00e4r som helst p\u00e5 dygnet.<\/p>\n<p class=\"\" data-start=\"405\" data-end=\"423\">","protected":false},"featured_media":50135,"template":"","meta":[],"product_brand":[],"product_cat":[377,349],"product_tag":[],"class_list":{"0":"post-50134","1":"product","2":"type-product","3":"status-publish","4":"has-post-thumbnail","6":"product_cat-377","7":"product_cat-349","9":"first","10":"outofstock","11":"taxable","12":"shipping-taxable","13":"purchasable","14":"product-type-simple"},"_links":{"self":[{"href":"https:\/\/senabel.com\/sv\/wp-json\/wp\/v2\/product\/50134","targetHints":{"allow":["GET"]}}],"collection":[{"href":"https:\/\/senabel.com\/sv\/wp-json\/wp\/v2\/product"}],"about":[{"href":"https:\/\/senabel.com\/sv\/wp-json\/wp\/v2\/types\/product"}],"version-history":[{"count":2,"href":"https:\/\/senabel.com\/sv\/wp-json\/wp\/v2\/product\/50134\/revisions"}],"predecessor-version":[{"id":50137,"href":"https:\/\/senabel.com\/sv\/wp-json\/wp\/v2\/product\/50134\/revisions\/50137"}],"wp:featuredmedia":[{"embeddable":true,"href":"https:\/\/senabel.com\/sv\/wp-json\/wp\/v2\/media\/50135"}],"wp:attachment":[{"href":"https:\/\/senabel.com\/sv\/wp-json\/wp\/v2\/media?parent=50134"}],"wp:term":[{"taxonomy":"product_brand","embeddable":true,"href":"https:\/\/senabel.com\/sv\/wp-json\/wp\/v2\/product_brand?post=50134"},{"taxonomy":"product_cat","embeddable":true,"href":"https:\/\/senabel.com\/sv\/wp-json\/wp\/v2\/product_cat?post=50134"},{"taxonomy":"product_tag","embeddable":true,"href":"https:\/\/senabel.com\/sv\/wp-json\/wp\/v2\/product_tag?post=50134"}],"curies":[{"name":"wp","href":"https:\/\/api.w.org\/{rel}","templated":true}]}}