{"id":50129,"date":"2025-04-09T13:59:46","date_gmt":"2025-04-09T13:59:46","guid":{"rendered":"https:\/\/senabel.com\/?post_type=product&#038;p=50129"},"modified":"2026-04-20T17:55:48","modified_gmt":"2026-04-20T17:55:48","slug":"original-matt","status":"publish","type":"product","link":"https:\/\/senabel.com\/sv\/product\/matte-original\/","title":{"rendered":"Originalkarta Kompis"},"content":{"rendered":"<p class=\"\" data-start=\"195\" data-end=\"436\">Uppt\u00e4ck den gamla smaken med <strong data-start=\"219\" data-end=\"235\">Map Mate<\/strong>En av de mest popul\u00e4ra yerba mate-sorterna i arabv\u00e4rlden, k\u00e4nd f\u00f6r sin h\u00f6ga kvalitet och balanserade smak.<br data-start=\"322\" data-end=\"325\" \/>Den \u00e4r gjord av torkade och finmalda yerba mate-blad och \u00e4r en uppfriskande dryck full av energi och v\u00e4rme i varje klunk.<\/p>\n<p class=\"\" data-start=\"438\" data-end=\"456\"><strong data-start=\"438\" data-end=\"456\">Produktinformation:<\/strong><\/p>\n<ul data-start=\"458\" data-end=\"612\">\n<li class=\"\" data-start=\"458\" data-end=\"485\">\n<p class=\"\" data-start=\"460\" data-end=\"485\">Typ: Mutta med malda blad<\/p>\n<\/li>\n<li class=\"\" data-start=\"523\" data-end=\"544\">\n<p class=\"\" data-start=\"525\" data-end=\"544\">Ursprung: Argentina<\/p>\n<\/li>\n<li class=\"\" data-start=\"545\" data-end=\"575\">\n<p class=\"\" data-start=\"547\" data-end=\"575\">Tagg: Karta - Original K<\/p>\n<\/li>\n<\/ul>\n<p class=\"\" data-start=\"614\" data-end=\"627\"><strong data-start=\"614\" data-end=\"627\">Funktioner:<\/strong><\/p>\n<ul data-start=\"629\" data-end=\"831\">\n<li class=\"\" data-start=\"629\" data-end=\"672\">\n<p class=\"\" data-start=\"631\" data-end=\"672\">En stark, koncentrerad smak som \u00e4r perfekt f\u00f6r mate-\u00e4lskare<\/p>\n<\/li>\n<li class=\"\" data-start=\"673\" data-end=\"718\">\n<p class=\"\" data-start=\"675\" data-end=\"718\">Tillreds p\u00e5 traditionellt s\u00e4tt med varmt vatten<\/p>\n<\/li>\n<li class=\"\" data-start=\"768\" data-end=\"800\">\n<p class=\"\" data-start=\"770\" data-end=\"800\">Ger naturlig kraft och fokus<\/p>\n<\/li>\n<li class=\"\" data-start=\"801\" data-end=\"831\">\n<p class=\"\" data-start=\"803\" data-end=\"831\">Inga konstgjorda tillsatser eller aromer<\/p>\n<\/li>\n<\/ul>\n<p class=\"\" data-start=\"833\" data-end=\"959\"><strong data-start=\"833\" data-end=\"851\">Metoden f\u00f6r beredning:<\/strong><br data-start=\"851\" data-end=\"854\" \/>Fyll en tredjedel av muttern med mate, tills\u00e4tt f\u00f6rst varmt vatten (inte kokande) och h\u00e4ll sedan gradvis p\u00e5 varmt vatten och njut av smaken.<\/p>\n<p class=\"\" data-start=\"961\" data-end=\"1063\"><strong data-start=\"961\" data-end=\"1030\">Njut av \u00e4kta mateh... den kvalitet som alla litar p\u00e5.<\/strong><br data-start=\"1030\" data-end=\"1033\" \/>Finns nu tillg\u00e4nglig p\u00e5 <strong data-start=\"1053\" data-end=\"1062\">Snapple<\/strong>.<\/p>","protected":false},"excerpt":{"rendered":"<p class=\"\" data-start=\"195\" data-end=\"436\">Uppt\u00e4ck den gamla smaken med <strong data-start=\"219\" data-end=\"235\">Map Mate<\/strong>En av de mest popul\u00e4ra yerba mate-sorterna i arabv\u00e4rlden, k\u00e4nd f\u00f6r sin h\u00f6ga kvalitet och balanserade smak.<br data-start=\"322\" data-end=\"325\" \/>Den \u00e4r gjord av torkade och finmalda yerba mate-blad och \u00e4r en uppfriskande dryck full av energi och v\u00e4rme i varje klunk.<\/p>\n<p class=\"\" data-start=\"438\" data-end=\"456\">","protected":false},"featured_media":50132,"template":"","meta":[],"product_brand":[],"product_cat":[349,376],"product_tag":[],"class_list":{"0":"post-50129","1":"product","2":"type-product","3":"status-publish","4":"has-post-thumbnail","6":"product_cat-349","7":"product_cat-376","9":"first","10":"instock","11":"taxable","12":"shipping-taxable","13":"purchasable","14":"product-type-simple"},"_links":{"self":[{"href":"https:\/\/senabel.com\/sv\/wp-json\/wp\/v2\/product\/50129","targetHints":{"allow":["GET"]}}],"collection":[{"href":"https:\/\/senabel.com\/sv\/wp-json\/wp\/v2\/product"}],"about":[{"href":"https:\/\/senabel.com\/sv\/wp-json\/wp\/v2\/types\/product"}],"version-history":[{"count":1,"href":"https:\/\/senabel.com\/sv\/wp-json\/wp\/v2\/product\/50129\/revisions"}],"predecessor-version":[{"id":50133,"href":"https:\/\/senabel.com\/sv\/wp-json\/wp\/v2\/product\/50129\/revisions\/50133"}],"wp:featuredmedia":[{"embeddable":true,"href":"https:\/\/senabel.com\/sv\/wp-json\/wp\/v2\/media\/50132"}],"wp:attachment":[{"href":"https:\/\/senabel.com\/sv\/wp-json\/wp\/v2\/media?parent=50129"}],"wp:term":[{"taxonomy":"product_brand","embeddable":true,"href":"https:\/\/senabel.com\/sv\/wp-json\/wp\/v2\/product_brand?post=50129"},{"taxonomy":"product_cat","embeddable":true,"href":"https:\/\/senabel.com\/sv\/wp-json\/wp\/v2\/product_cat?post=50129"},{"taxonomy":"product_tag","embeddable":true,"href":"https:\/\/senabel.com\/sv\/wp-json\/wp\/v2\/product_tag?post=50129"}],"curies":[{"name":"wp","href":"https:\/\/api.w.org\/{rel}","templated":true}]}}