{"id":50101,"date":"2025-04-08T13:15:56","date_gmt":"2025-04-08T13:15:56","guid":{"rendered":"https:\/\/senabel.com\/?post_type=product&#038;p=50101"},"modified":"2026-04-20T14:14:42","modified_gmt":"2026-04-20T14:14:42","slug":"rise-chili-250-g","status":"publish","type":"product","link":"https:\/\/senabel.com\/sv\/product\/rise-chilli-250g\/","title":{"rendered":"Kryddiga riskakor 250 g"},"content":{"rendered":"<p class=\"\" data-start=\"172\" data-end=\"253\"><strong data-start=\"219\" data-end=\"253\">Kryddig smak ... och oemotst\u00e5ndlig krispighet<\/strong><\/p>\n<p class=\"\" data-start=\"255\" data-end=\"460\">Sk\u00e4m bort dina smakl\u00f6kar med <strong data-start=\"281\" data-end=\"305\">Kryddiga riskakor<\/strong>Den \u00e4r krispig och t\u00e4ckt av en skarp chilimix och kommer att tillfredsst\u00e4lla fans av starka smaker.<br data-start=\"372\" data-end=\"375\" \/>Perfekt som ett l\u00e4tt mellanm\u00e5l, till drinken eller som en del av en kv\u00e4llsm\u00e5ltid eller familjesammankomst.<\/p>\n<p class=\"\" data-start=\"462\" data-end=\"480\"><strong data-start=\"462\" data-end=\"480\">Produktinformation:<\/strong><\/p>\n<ul data-start=\"482\" data-end=\"597\">\n<li class=\"\" data-start=\"482\" data-end=\"501\">\n<p class=\"\" data-start=\"484\" data-end=\"501\">Vikt: 250 gram<\/p>\n<\/li>\n<li class=\"\" data-start=\"502\" data-end=\"529\">\n<p class=\"\" data-start=\"504\" data-end=\"529\">Smaken: Chilipeppar<\/p>\n<\/li>\n<li class=\"\" data-start=\"530\" data-end=\"558\">\n<p class=\"\" data-start=\"532\" data-end=\"558\">Formen: Krispiga sm\u00e5 bollar<\/p>\n<\/li>\n<li class=\"\" data-start=\"559\" data-end=\"597\">\n<p class=\"\" data-start=\"561\" data-end=\"597\">Anv\u00e4ndning: Mellanm\u00e5l - Mellanm\u00e5l - Hospitality<\/p>\n<\/li>\n<\/ul>\n<p class=\"\" data-start=\"599\" data-end=\"612\"><strong data-start=\"599\" data-end=\"612\">Funktioner:<\/strong><\/p>\n<ul data-start=\"614\" data-end=\"746\">\n<li class=\"\" data-start=\"614\" data-end=\"639\">\n<p class=\"\" data-start=\"616\" data-end=\"639\">Stark krispighet och fyllig smak<\/p>\n<\/li>\n<li class=\"\" data-start=\"640\" data-end=\"674\">\n<p class=\"\" data-start=\"642\" data-end=\"674\">Kryddig och smakrik f\u00f6r dem som \u00e4lskar dj\u00e4rva smaker<\/p>\n<\/li>\n<li class=\"\" data-start=\"675\" data-end=\"701\">\n<p class=\"\" data-start=\"677\" data-end=\"701\">Passar f\u00f6r alla tillf\u00e4llen<\/p>\n<\/li>\n<li class=\"\" data-start=\"702\" data-end=\"726\">\n<p class=\"\" data-start=\"704\" data-end=\"726\">Redo att ans\u00f6ka direkt<\/p>\n<\/li>\n<\/ul>\n<p class=\"\" data-start=\"748\" data-end=\"837\"><strong data-start=\"748\" data-end=\"766\">Tips f\u00f6r inl\u00e4mning:<\/strong><br data-start=\"766\" data-end=\"769\" \/>Servera den tillsammans med en kall juice eller med olika n\u00f6tter f\u00f6r en extra god smakupplevelse.<\/p>\n<p class=\"\" data-start=\"839\" data-end=\"928\"><strong data-start=\"839\" data-end=\"928\">Krydda ditt bord med Sanabels kryddiga risn\u00f6tter - smaken som f\u00e5r dig att m\u00e5 bra<\/strong><\/p>","protected":false},"excerpt":{"rendered":"<p class=\"\" data-start=\"255\" data-end=\"460\">Sk\u00e4m bort dina smakl\u00f6kar med <strong data-start=\"281\" data-end=\"305\">Kryddiga riskakor<\/strong>Den \u00e4r krispig och t\u00e4ckt av en skarp chilimix och kommer att tillfredsst\u00e4lla fans av starka smaker.<br data-start=\"372\" data-end=\"375\" \/>Perfekt som ett l\u00e4tt mellanm\u00e5l, till drinken eller som en del av en kv\u00e4llsm\u00e5ltid eller familjesammankomst.<\/p>\n<p class=\"\" data-start=\"462\" data-end=\"480\">","protected":false},"featured_media":50102,"template":"","meta":[],"product_brand":[],"product_cat":[308],"product_tag":[],"class_list":{"0":"post-50101","1":"product","2":"type-product","3":"status-publish","4":"has-post-thumbnail","6":"product_cat-308","8":"first","9":"instock","10":"taxable","11":"shipping-taxable","12":"purchasable","13":"product-type-simple"},"_links":{"self":[{"href":"https:\/\/senabel.com\/sv\/wp-json\/wp\/v2\/product\/50101","targetHints":{"allow":["GET"]}}],"collection":[{"href":"https:\/\/senabel.com\/sv\/wp-json\/wp\/v2\/product"}],"about":[{"href":"https:\/\/senabel.com\/sv\/wp-json\/wp\/v2\/types\/product"}],"version-history":[{"count":6,"href":"https:\/\/senabel.com\/sv\/wp-json\/wp\/v2\/product\/50101\/revisions"}],"predecessor-version":[{"id":50116,"href":"https:\/\/senabel.com\/sv\/wp-json\/wp\/v2\/product\/50101\/revisions\/50116"}],"wp:featuredmedia":[{"embeddable":true,"href":"https:\/\/senabel.com\/sv\/wp-json\/wp\/v2\/media\/50102"}],"wp:attachment":[{"href":"https:\/\/senabel.com\/sv\/wp-json\/wp\/v2\/media?parent=50101"}],"wp:term":[{"taxonomy":"product_brand","embeddable":true,"href":"https:\/\/senabel.com\/sv\/wp-json\/wp\/v2\/product_brand?post=50101"},{"taxonomy":"product_cat","embeddable":true,"href":"https:\/\/senabel.com\/sv\/wp-json\/wp\/v2\/product_cat?post=50101"},{"taxonomy":"product_tag","embeddable":true,"href":"https:\/\/senabel.com\/sv\/wp-json\/wp\/v2\/product_tag?post=50101"}],"curies":[{"name":"wp","href":"https:\/\/api.w.org\/{rel}","templated":true}]}}