{"id":50098,"date":"2025-04-08T13:16:20","date_gmt":"2025-04-08T13:16:20","guid":{"rendered":"https:\/\/senabel.com\/?post_type=product&#038;p=50098"},"modified":"2025-12-16T22:46:59","modified_gmt":"2025-12-16T22:46:59","slug":"vit-chokladchips-500-g","status":"publish","type":"product","link":"https:\/\/senabel.com\/sv\/product\/white-chocolate-chips-500g\/","title":{"rendered":"Nibs med vit choklad 500g"},"content":{"rendered":"<p class=\"\" data-start=\"197\" data-end=\"374\">Sl\u00e4pp loss din dessertkreativitet med <strong data-start=\"234\" data-end=\"263\">Nibs av vit choklad<\/strong>Den \u00e4r gjord p\u00e5 rent kakaosm\u00f6r och mj\u00f6lk och har en len, kr\u00e4mig smak och en tilltalande f\u00e4rg som ger dina recept en lyxig touch.<\/p>\n<p class=\"\" data-start=\"376\" data-end=\"445\">Perfekt f\u00f6r att f\u00f6rbereda, dekorera, tina upp eller fylla hemlagade desserter och bakverk.<\/p>\n<p class=\"\" data-start=\"447\" data-end=\"465\"><strong data-start=\"447\" data-end=\"465\">Produktinformation:<\/strong><\/p>\n<ul data-start=\"467\" data-end=\"610\">\n<li class=\"\" data-start=\"467\" data-end=\"486\">\n<p class=\"\" data-start=\"469\" data-end=\"486\">Vikt: 500 gram<\/p>\n<\/li>\n<li class=\"\" data-start=\"487\" data-end=\"512\">\n<p class=\"\" data-start=\"489\" data-end=\"512\">Typ: Vit choklad<\/p>\n<\/li>\n<li class=\"\" data-start=\"513\" data-end=\"574\">\n<p class=\"\" data-start=\"515\" data-end=\"574\">Anv\u00e4ndning: F\u00f6r desserter, ganache, topping, bakverk, avfrostning<\/p>\n<\/li>\n<li class=\"\" data-start=\"575\" data-end=\"610\">\n<p class=\"\" data-start=\"577\" data-end=\"610\">Formen: Sm\u00e5 runda skivor (Chips)<\/p>\n<\/li>\n<\/ul>\n<p class=\"\" data-start=\"612\" data-end=\"625\"><strong data-start=\"612\" data-end=\"625\">Funktioner:<\/strong><\/p>\n<ul data-start=\"627\" data-end=\"787\">\n<li class=\"\" data-start=\"627\" data-end=\"645\">\n<p class=\"\" data-start=\"629\" data-end=\"645\">Fyllig och kr\u00e4mig smak<\/p>\n<\/li>\n<li class=\"\" data-start=\"646\" data-end=\"679\">\n<p class=\"\" data-start=\"648\" data-end=\"679\">Tillverkad av komponenter av h\u00f6g kvalitet<\/p>\n<\/li>\n<li class=\"\" data-start=\"680\" data-end=\"713\">\n<p class=\"\" data-start=\"682\" data-end=\"713\">L\u00e4tt att l\u00f6sa upp och snabb att anv\u00e4nda<\/p>\n<\/li>\n<li class=\"\" data-start=\"714\" data-end=\"751\">\n<p class=\"\" data-start=\"716\" data-end=\"751\">Ger f\u00e4rg och form till desserter<\/p>\n<\/li>\n<li class=\"\" data-start=\"752\" data-end=\"787\">\n<p class=\"\" data-start=\"754\" data-end=\"787\">Inneh\u00e5ller inte genetiskt modifierade ingredienser<\/p>\n<\/li>\n<\/ul>\n<p class=\"\" data-start=\"789\" data-end=\"920\"><strong data-start=\"789\" data-end=\"812\">F\u00f6rslag p\u00e5 anv\u00e4ndning:<\/strong><br data-start=\"812\" data-end=\"815\" \/>L\u00e4mplig f\u00f6r att g\u00f6ra tryffel, vit chokladmousse, topping, dekorera t\u00e5rtor och kex eller g\u00f6ra vit choklads\u00e5s.<\/p>\n<p class=\"\" data-start=\"922\" data-end=\"1023\"><strong data-start=\"922\" data-end=\"1023\">F\u00f6rvandla dina desserter till smakrik konst med vita chokladnibbar fr\u00e5n Snapple - den l\u00e4ckra sm\u00e4ltningen b\u00f6rjar h\u00e4r.<\/strong><\/p>","protected":false},"excerpt":{"rendered":"<p class=\"\" data-start=\"197\" data-end=\"374\">Sl\u00e4pp loss din dessertkreativitet med <strong data-start=\"234\" data-end=\"263\">Nibs av vit choklad<\/strong>Den \u00e4r gjord p\u00e5 rent kakaosm\u00f6r och mj\u00f6lk och har en len, kr\u00e4mig smak och en tilltalande f\u00e4rg som ger dina recept en lyxig touch.<\/p>\n<p class=\"\" data-start=\"376\" data-end=\"445\">Perfekt f\u00f6r att f\u00f6rbereda, dekorera, tina upp eller fylla hemlagade desserter och bakverk.<\/p>","protected":false},"featured_media":50099,"template":"","meta":[],"product_brand":[],"product_cat":[349,297],"product_tag":[],"class_list":{"0":"post-50098","1":"product","2":"type-product","3":"status-publish","4":"has-post-thumbnail","6":"product_cat-349","7":"product_cat-297","9":"first","10":"outofstock","11":"taxable","12":"shipping-taxable","13":"purchasable","14":"product-type-simple"},"_links":{"self":[{"href":"https:\/\/senabel.com\/sv\/wp-json\/wp\/v2\/product\/50098","targetHints":{"allow":["GET"]}}],"collection":[{"href":"https:\/\/senabel.com\/sv\/wp-json\/wp\/v2\/product"}],"about":[{"href":"https:\/\/senabel.com\/sv\/wp-json\/wp\/v2\/types\/product"}],"version-history":[{"count":1,"href":"https:\/\/senabel.com\/sv\/wp-json\/wp\/v2\/product\/50098\/revisions"}],"predecessor-version":[{"id":50100,"href":"https:\/\/senabel.com\/sv\/wp-json\/wp\/v2\/product\/50098\/revisions\/50100"}],"wp:featuredmedia":[{"embeddable":true,"href":"https:\/\/senabel.com\/sv\/wp-json\/wp\/v2\/media\/50099"}],"wp:attachment":[{"href":"https:\/\/senabel.com\/sv\/wp-json\/wp\/v2\/media?parent=50098"}],"wp:term":[{"taxonomy":"product_brand","embeddable":true,"href":"https:\/\/senabel.com\/sv\/wp-json\/wp\/v2\/product_brand?post=50098"},{"taxonomy":"product_cat","embeddable":true,"href":"https:\/\/senabel.com\/sv\/wp-json\/wp\/v2\/product_cat?post=50098"},{"taxonomy":"product_tag","embeddable":true,"href":"https:\/\/senabel.com\/sv\/wp-json\/wp\/v2\/product_tag?post=50098"}],"curies":[{"name":"wp","href":"https:\/\/api.w.org\/{rel}","templated":true}]}}