{"id":50094,"date":"2025-04-08T13:16:47","date_gmt":"2025-04-08T13:16:47","guid":{"rendered":"https:\/\/senabel.com\/?post_type=product&#038;p=50094"},"modified":"2026-04-22T15:43:16","modified_gmt":"2026-04-22T15:43:16","slug":"500-g-ljusa-chokladbitar","status":"publish","type":"product","link":"https:\/\/senabel.com\/sv\/product\/500g-light-chocolate-chips\/","title":{"rendered":"Nibs med ljus choklad 500g"},"content":{"rendered":"<p class=\"\" data-start=\"253\" data-end=\"467\">Tills\u00e4tt en rik och kr\u00e4mig smak till dina desserter med <strong data-start=\"294\" data-end=\"323\">Nibs av ljus choklad<\/strong>Tillverkad med den perfekta blandningen av kakao och mj\u00f6lk f\u00f6r att ge dig en smak som \u00e4r balanserad mellan s\u00f6tma och lenhet.<br data-start=\"408\" data-end=\"411\" \/>Perfekt f\u00f6r kakor, muffins, t\u00e5rtor eller till och med som ett salt mellanm\u00e5l<\/p>\n<p class=\"\" data-start=\"469\" data-end=\"487\"><strong data-start=\"469\" data-end=\"487\">Produktinformation:<\/strong><\/p>\n<ul data-start=\"489\" data-end=\"645\">\n<li class=\"\" data-start=\"489\" data-end=\"508\">\n<p class=\"\" data-start=\"491\" data-end=\"508\">Vikt: 500 gram<\/p>\n<\/li>\n<li class=\"\" data-start=\"509\" data-end=\"549\">\n<p class=\"\" data-start=\"511\" data-end=\"549\">Typ: Ljus choklad<\/p>\n<\/li>\n<li class=\"\" data-start=\"550\" data-end=\"602\">\n<p class=\"\" data-start=\"552\" data-end=\"602\">Anv\u00e4ndning: Bakning, avfrostning, desserter, topping<\/p>\n<\/li>\n<li class=\"\" data-start=\"603\" data-end=\"645\">\n<p class=\"\" data-start=\"605\" data-end=\"645\">Form: Chips\/droppar<\/p>\n<\/li>\n<\/ul>\n<p class=\"\" data-start=\"647\" data-end=\"660\"><strong data-start=\"647\" data-end=\"660\">Funktioner:<\/strong><\/p>\n<ul data-start=\"662\" data-end=\"845\">\n<li class=\"\" data-start=\"662\" data-end=\"695\">\n<p class=\"\" data-start=\"664\" data-end=\"695\">Tillverkad av komponenter av h\u00f6g kvalitet<\/p>\n<\/li>\n<li class=\"\" data-start=\"696\" data-end=\"726\">\n<p class=\"\" data-start=\"698\" data-end=\"726\">Kr\u00e4mig smak och balanserad s\u00f6tma<\/p>\n<\/li>\n<li class=\"\" data-start=\"727\" data-end=\"760\">\n<p class=\"\" data-start=\"729\" data-end=\"760\">L\u00e4tt att l\u00f6sa upp och snabb att anv\u00e4nda<\/p>\n<\/li>\n<li class=\"\" data-start=\"761\" data-end=\"798\">\n<p class=\"\" data-start=\"763\" data-end=\"798\">Inneh\u00e5ller inte genetiskt modifierade ingredienser<\/p>\n<\/li>\n<\/ul>\n<p class=\"\" data-start=\"847\" data-end=\"957\"><strong data-start=\"847\" data-end=\"870\">F\u00f6rslag p\u00e5 anv\u00e4ndning:<\/strong><br data-start=\"870\" data-end=\"873\" \/>Blanda den direkt i degen, anv\u00e4nd den till ganache eller dekorera t\u00e5rtor, kakor och croissanter med den.<\/p>\n<p class=\"\" data-start=\"959\" data-end=\"1056\"><strong data-start=\"959\" data-end=\"1056\">G\u00f6r varje recept speciellt med Snapple's Light Chocolate Nibs - smaken som vuxna och barn \u00e4lskar.<\/strong><\/p>","protected":false},"excerpt":{"rendered":"<p class=\"\" data-start=\"253\" data-end=\"467\">Tills\u00e4tt en rik och kr\u00e4mig smak till dina desserter med <strong data-start=\"294\" data-end=\"323\">Nibs av ljus choklad<\/strong>Tillverkad med den perfekta blandningen av kakao och mj\u00f6lk f\u00f6r att ge dig en smak som \u00e4r balanserad mellan s\u00f6tma och lenhet.<br data-start=\"408\" data-end=\"411\" \/>Perfekt f\u00f6r kakor, muffins, t\u00e5rtor eller till och med som ett salt mellanm\u00e5l<\/p>\n<p class=\"\" data-start=\"469\" data-end=\"487\">","protected":false},"featured_media":50095,"template":"","meta":[],"product_brand":[],"product_cat":[349,297],"product_tag":[],"class_list":{"0":"post-50094","1":"product","2":"type-product","3":"status-publish","4":"has-post-thumbnail","6":"product_cat-349","7":"product_cat-297","9":"first","10":"instock","11":"taxable","12":"shipping-taxable","13":"purchasable","14":"product-type-simple"},"_links":{"self":[{"href":"https:\/\/senabel.com\/sv\/wp-json\/wp\/v2\/product\/50094","targetHints":{"allow":["GET"]}}],"collection":[{"href":"https:\/\/senabel.com\/sv\/wp-json\/wp\/v2\/product"}],"about":[{"href":"https:\/\/senabel.com\/sv\/wp-json\/wp\/v2\/types\/product"}],"version-history":[{"count":2,"href":"https:\/\/senabel.com\/sv\/wp-json\/wp\/v2\/product\/50094\/revisions"}],"predecessor-version":[{"id":50097,"href":"https:\/\/senabel.com\/sv\/wp-json\/wp\/v2\/product\/50094\/revisions\/50097"}],"wp:featuredmedia":[{"embeddable":true,"href":"https:\/\/senabel.com\/sv\/wp-json\/wp\/v2\/media\/50095"}],"wp:attachment":[{"href":"https:\/\/senabel.com\/sv\/wp-json\/wp\/v2\/media?parent=50094"}],"wp:term":[{"taxonomy":"product_brand","embeddable":true,"href":"https:\/\/senabel.com\/sv\/wp-json\/wp\/v2\/product_brand?post=50094"},{"taxonomy":"product_cat","embeddable":true,"href":"https:\/\/senabel.com\/sv\/wp-json\/wp\/v2\/product_cat?post=50094"},{"taxonomy":"product_tag","embeddable":true,"href":"https:\/\/senabel.com\/sv\/wp-json\/wp\/v2\/product_tag?post=50094"}],"curies":[{"name":"wp","href":"https:\/\/api.w.org\/{rel}","templated":true}]}}