{"id":50086,"date":"2025-04-09T14:49:28","date_gmt":"2025-04-09T14:49:28","guid":{"rendered":"https:\/\/senabel.com\/?post_type=product&#038;p=50086"},"modified":"2025-05-19T11:47:10","modified_gmt":"2025-05-19T11:47:10","slug":"original-grekisk-kretensisk-olivolja-4-l","status":"publish","type":"product","link":"https:\/\/senabel.com\/sv\/product\/original-greek-cretan-olive-oil-4l\/","title":{"rendered":"Original Grekisk Kreta Olivolja - 4 liter"},"content":{"rendered":"<p class=\"\" data-start=\"153\" data-end=\"242\"><strong data-start=\"153\" data-end=\"195\">Original Grekisk Kreta Olivolja - 4 liter<\/strong><br data-start=\"195\" data-end=\"198\" \/><strong data-start=\"198\" data-end=\"242\">Kreta Land - Extra jungfruolivolja - 4L<\/strong><\/p>\n<p class=\"\" data-start=\"244\" data-end=\"428\">Uppt\u00e4ck smaken av renhet och kvalitet med <strong data-start=\"272\" data-end=\"325\">Extra jungfruolivolja fr\u00e5n den grekiska \u00f6n Kreta<\/strong>Tillverkad av de finaste kallpressade oliverna f\u00f6r att bevara alla dess n\u00e4ringsm\u00e4ssiga f\u00f6rdelar och rika smak.<\/p>\n<p class=\"\" data-start=\"430\" data-end=\"565\">Denna olja utvinns fr\u00e5n den f\u00f6rsta kallpressen (Gold Extraction) och \u00e4r ett perfekt val f\u00f6r h\u00e4lsosam matlagning, sallader eller daglig anv\u00e4ndning i livsmedel.<\/p>\n<p class=\"\" data-start=\"567\" data-end=\"585\"><strong data-start=\"567\" data-end=\"585\">Produktinformation:<\/strong><\/p>\n<ul data-start=\"587\" data-end=\"762\">\n<li class=\"\" data-start=\"587\" data-end=\"603\">\n<p class=\"\" data-start=\"589\" data-end=\"603\">Kapacitet: 4 liter<\/p>\n<\/li>\n<li class=\"\" data-start=\"604\" data-end=\"634\">\n<p class=\"\" data-start=\"606\" data-end=\"634\">Typ av olja Extra jungfruolivolja<\/p>\n<\/li>\n<li class=\"\" data-start=\"635\" data-end=\"662\">\n<p class=\"\" data-start=\"637\" data-end=\"662\">Juiceringsmetod: Kall<\/p>\n<\/li>\n<li class=\"\" data-start=\"663\" data-end=\"689\">\n<p class=\"\" data-start=\"665\" data-end=\"689\">Ursprung: Kreta, Grekland<\/p>\n<\/li>\n<\/ul>\n<p class=\"\" data-start=\"764\" data-end=\"789\"><strong data-start=\"764\" data-end=\"789\">Egenskaper f\u00f6r olivolja fr\u00e5n Kreta:<\/strong><\/p>\n<ul data-start=\"791\" data-end=\"947\">\n<li class=\"\" data-start=\"791\" data-end=\"813\">\n<p class=\"\" data-start=\"793\" data-end=\"813\">100% Ren olivolja<\/p>\n<\/li>\n<li class=\"\" data-start=\"853\" data-end=\"879\">\n<p class=\"\" data-start=\"855\" data-end=\"879\">Utpr\u00e4glad smak och balanserad smak<\/p>\n<\/li>\n<li class=\"\" data-start=\"913\" data-end=\"947\">\n<p class=\"\" data-start=\"915\" data-end=\"947\">\u00c4kta produkt fr\u00e5n Grekland med h\u00f6g kvalitet<\/p>\n<\/li>\n<\/ul>\n<p class=\"\" data-start=\"949\" data-end=\"1024\"><strong data-start=\"949\" data-end=\"967\">F\u00f6rvaringsmetoden:<\/strong><br data-start=\"967\" data-end=\"970\" \/>F\u00f6rvaras svalt, torrt och skyddat fr\u00e5n direkt solljus.<\/p>\n<p class=\"\" data-start=\"1026\" data-end=\"1097\"><strong data-start=\"1026\" data-end=\"1097\">Sk\u00e4m bort din h\u00e4lsa med Original Crete Olive Oil - nu tillg\u00e4nglig hos Sanabel.<\/strong><\/p>","protected":false},"excerpt":{"rendered":"<p class=\"\" data-start=\"244\" data-end=\"428\">Uppt\u00e4ck smaken av renhet och kvalitet med <strong data-start=\"272\" data-end=\"325\">Extra jungfruolivolja fr\u00e5n den grekiska \u00f6n Kreta<\/strong>Tillverkad av de finaste kallpressade oliverna f\u00f6r att bevara alla dess n\u00e4ringsm\u00e4ssiga f\u00f6rdelar och rika smak.<\/p>\n<p class=\"\" data-start=\"430\" data-end=\"565\">Denna olja utvinns fr\u00e5n den f\u00f6rsta kallpressen (Gold Extraction) och \u00e4r ett perfekt val f\u00f6r h\u00e4lsosam matlagning, sallader eller daglig anv\u00e4ndning i livsmedel.<\/p>","protected":false},"featured_media":50087,"template":"","meta":[],"product_brand":[],"product_cat":[349,371],"product_tag":[],"class_list":{"0":"post-50086","1":"product","2":"type-product","3":"status-publish","4":"has-post-thumbnail","6":"product_cat-349","7":"product_cat-371","9":"first","10":"outofstock","11":"taxable","12":"shipping-taxable","13":"purchasable","14":"product-type-simple"},"_links":{"self":[{"href":"https:\/\/senabel.com\/sv\/wp-json\/wp\/v2\/product\/50086","targetHints":{"allow":["GET"]}}],"collection":[{"href":"https:\/\/senabel.com\/sv\/wp-json\/wp\/v2\/product"}],"about":[{"href":"https:\/\/senabel.com\/sv\/wp-json\/wp\/v2\/types\/product"}],"version-history":[{"count":3,"href":"https:\/\/senabel.com\/sv\/wp-json\/wp\/v2\/product\/50086\/revisions"}],"predecessor-version":[{"id":51096,"href":"https:\/\/senabel.com\/sv\/wp-json\/wp\/v2\/product\/50086\/revisions\/51096"}],"wp:featuredmedia":[{"embeddable":true,"href":"https:\/\/senabel.com\/sv\/wp-json\/wp\/v2\/media\/50087"}],"wp:attachment":[{"href":"https:\/\/senabel.com\/sv\/wp-json\/wp\/v2\/media?parent=50086"}],"wp:term":[{"taxonomy":"product_brand","embeddable":true,"href":"https:\/\/senabel.com\/sv\/wp-json\/wp\/v2\/product_brand?post=50086"},{"taxonomy":"product_cat","embeddable":true,"href":"https:\/\/senabel.com\/sv\/wp-json\/wp\/v2\/product_cat?post=50086"},{"taxonomy":"product_tag","embeddable":true,"href":"https:\/\/senabel.com\/sv\/wp-json\/wp\/v2\/product_tag?post=50086"}],"curies":[{"name":"wp","href":"https:\/\/api.w.org\/{rel}","templated":true}]}}