{"id":50062,"date":"2025-04-08T13:21:28","date_gmt":"2025-04-08T13:21:28","guid":{"rendered":"https:\/\/senabel.com\/?post_type=product&#038;p=50062"},"modified":"2025-07-13T19:58:36","modified_gmt":"2025-07-13T19:58:36","slug":"mahmoud-svart-te-100-pasar","status":"publish","type":"product","link":"https:\/\/senabel.com\/sv\/product\/mahmoud-black-tea-100-bags\/","title":{"rendered":"Mahmoud svart te 100 kuvert"},"content":{"rendered":"<p class=\"\" data-start=\"257\" data-end=\"510\">Upplev den perfekta balansen mellan stark smak och lenhet i varje klunk med <strong data-start=\"318\" data-end=\"354\">Mahmoud Svart Te.<\/strong><br data-start=\"355\" data-end=\"358\" \/>Det \u00e4r omsorgsfullt framst\u00e4llt av de finaste utvalda Ceylon-tebladen och ger en rik, koncentrerad kopp te med en smak som passar alla smaker, samtidigt som det \u00e4r bekv\u00e4mt med f\u00e4rdiga tep\u00e5sar.<\/p>\n<p class=\"\" data-start=\"512\" data-end=\"530\"><strong data-start=\"512\" data-end=\"530\">Produktinformation:<\/strong><\/p>\n<ul data-start=\"532\" data-end=\"725\">\n<li class=\"\" data-start=\"532\" data-end=\"556\">\n<p class=\"\" data-start=\"534\" data-end=\"556\">Inneh\u00e5ll: 100 tep\u00e5sar<\/p>\n<\/li>\n<li class=\"\" data-start=\"557\" data-end=\"595\">\n<p class=\"\" data-start=\"559\" data-end=\"595\">Typ av te Svart Ceylon-te<\/p>\n<\/li>\n<li class=\"\" data-start=\"596\" data-end=\"622\">\n<p class=\"\" data-start=\"598\" data-end=\"622\">Formen: Inslagna tep\u00e5sar<\/p>\n<\/li>\n<li class=\"\" data-start=\"623\" data-end=\"643\">\n<p class=\"\" data-start=\"625\" data-end=\"643\">Ursprung: Sri Lanka<\/p>\n<\/li>\n<li class=\"\" data-start=\"644\" data-end=\"677\">\n<p class=\"\" data-start=\"646\" data-end=\"677\">Varum\u00e4rke: Mahmood Te<\/p>\n<\/li>\n<li class=\"\" data-start=\"678\" data-end=\"725\">\n<p class=\"\" data-start=\"680\" data-end=\"725\">F\u00f6rpackning: Elegant och luftt\u00e4t f\u00f6rpackning f\u00f6r att bevara f\u00e4rskheten<\/p>\n<\/li>\n<\/ul>\n<p class=\"\" data-start=\"727\" data-end=\"763\"><strong data-start=\"727\" data-end=\"763\">Egenskaper f\u00f6r Mahmoud Tea - Special Blend:<\/strong><\/p>\n<ul data-start=\"765\" data-end=\"927\">\n<li class=\"\" data-start=\"765\" data-end=\"785\">\n<p class=\"\" data-start=\"767\" data-end=\"785\">Stark och fyllig tesmak<\/p>\n<\/li>\n<li class=\"\" data-start=\"786\" data-end=\"805\">\n<p class=\"\" data-start=\"788\" data-end=\"805\">Snabb och enkel att tillverka<\/p>\n<\/li>\n<li class=\"\" data-start=\"847\" data-end=\"889\">\n<p class=\"\" data-start=\"849\" data-end=\"889\">En unik blandning av utvalda teblad fr\u00e5n Ceylon<\/p>\n<\/li>\n<li class=\"\" data-start=\"890\" data-end=\"927\">\n<p class=\"\" data-start=\"892\" data-end=\"927\">Produkt fr\u00e5n ett erk\u00e4nt och p\u00e5litligt varum\u00e4rke<\/p>\n<\/li>\n<\/ul>\n<p class=\"\" data-start=\"929\" data-end=\"1046\"><strong data-start=\"929\" data-end=\"947\">Metoden f\u00f6r beredning:<\/strong><br data-start=\"947\" data-end=\"950\" \/>L\u00e4gg tep\u00e5sen i en mugg, tills\u00e4tt kokande vatten och l\u00e5t det dra i 3-5 minuter. Socker eller mj\u00f6lk kan tills\u00e4ttas efter smak.<\/p>\n<p class=\"\" data-start=\"1048\" data-end=\"1130\"><strong data-start=\"1048\" data-end=\"1130\">G\u00f6r din kopp te annorlunda med Mahmoud Teas specialblandning - nu tillg\u00e4nglig hos Sanabel.<\/strong><\/p>","protected":false},"excerpt":{"rendered":"<p class=\"\" data-start=\"257\" data-end=\"510\">Upplev den perfekta balansen mellan stark smak och lenhet i varje klunk med <strong data-start=\"318\" data-end=\"354\">Mahmoud Svart Te.<\/strong><br data-start=\"355\" data-end=\"358\" \/>Det \u00e4r omsorgsfullt framst\u00e4llt av de finaste utvalda Ceylon-tebladen och ger en rik, koncentrerad kopp te med en smak som passar alla smaker, samtidigt som det \u00e4r bekv\u00e4mt med f\u00e4rdiga tep\u00e5sar.<\/p>\n<p class=\"\" data-start=\"512\" data-end=\"530\">","protected":false},"featured_media":50063,"template":"","meta":[],"product_brand":[],"product_cat":[349,373],"product_tag":[],"class_list":{"0":"post-50062","1":"product","2":"type-product","3":"status-publish","4":"has-post-thumbnail","6":"product_cat-349","7":"product_cat-373","9":"first","10":"outofstock","11":"taxable","12":"shipping-taxable","13":"purchasable","14":"product-type-simple"},"_links":{"self":[{"href":"https:\/\/senabel.com\/sv\/wp-json\/wp\/v2\/product\/50062","targetHints":{"allow":["GET"]}}],"collection":[{"href":"https:\/\/senabel.com\/sv\/wp-json\/wp\/v2\/product"}],"about":[{"href":"https:\/\/senabel.com\/sv\/wp-json\/wp\/v2\/types\/product"}],"version-history":[{"count":2,"href":"https:\/\/senabel.com\/sv\/wp-json\/wp\/v2\/product\/50062\/revisions"}],"predecessor-version":[{"id":50066,"href":"https:\/\/senabel.com\/sv\/wp-json\/wp\/v2\/product\/50062\/revisions\/50066"}],"wp:featuredmedia":[{"embeddable":true,"href":"https:\/\/senabel.com\/sv\/wp-json\/wp\/v2\/media\/50063"}],"wp:attachment":[{"href":"https:\/\/senabel.com\/sv\/wp-json\/wp\/v2\/media?parent=50062"}],"wp:term":[{"taxonomy":"product_brand","embeddable":true,"href":"https:\/\/senabel.com\/sv\/wp-json\/wp\/v2\/product_brand?post=50062"},{"taxonomy":"product_cat","embeddable":true,"href":"https:\/\/senabel.com\/sv\/wp-json\/wp\/v2\/product_cat?post=50062"},{"taxonomy":"product_tag","embeddable":true,"href":"https:\/\/senabel.com\/sv\/wp-json\/wp\/v2\/product_tag?post=50062"}],"curies":[{"name":"wp","href":"https:\/\/api.w.org\/{rel}","templated":true}]}}