{"id":50045,"date":"2025-04-08T13:28:54","date_gmt":"2025-04-08T13:28:54","guid":{"rendered":"https:\/\/senabel.com\/?post_type=product&#038;p=50045"},"modified":"2025-07-21T09:53:06","modified_gmt":"2025-07-21T09:53:06","slug":"mahmoud-te-med-kardemumma","status":"publish","type":"product","link":"https:\/\/senabel.com\/sv\/product\/mahmoud-tea-with-cardamom\/","title":{"rendered":"Mahmoud Original Kardemummate 100 f\u00f6rpackningar"},"content":{"rendered":"<p class=\"\" data-start=\"135\" data-end=\"236\"><strong data-start=\"135\" data-end=\"194\">Mahmoud Cardamom Tea - en autentisk orientalisk smak i varje kopp (100 f\u00f6rpackningar)<\/strong><\/p>\n<p class=\"\" data-start=\"238\" data-end=\"387\">Njut av en lyxig teupplevelse med en distinkt orientalisk smak med <strong data-start=\"281\" data-end=\"301\">Mahmoud-te med kardemumma<\/strong>Noggrant blandad med den naturliga smaken av kardemumma som ger djup och oemotst\u00e5ndlig doft till din vardagliga kopp.<\/p>\n<p class=\"\" data-start=\"389\" data-end=\"547\">Detta paket med 100 f\u00e4rdiga tepaket g\u00f6r det enkelt att tillaga te utan att kompromissa med den starka och autentiska smaken. Perfekt f\u00f6r dem som \u00e4lskar te med orientaliska kryddor, s\u00e4rskilt kardemumma.<\/p>\n<p class=\"\" data-start=\"549\" data-end=\"567\"><strong data-start=\"549\" data-end=\"567\">Produktinformation:<\/strong><\/p>\n<ul data-start=\"569\" data-end=\"731\">\n<li class=\"\" data-start=\"569\" data-end=\"593\">\n<p class=\"\" data-start=\"571\" data-end=\"593\">Inneh\u00e5ll: 100 tep\u00e5sar<\/p>\n<\/li>\n<li class=\"\" data-start=\"594\" data-end=\"627\">\n<p class=\"\" data-start=\"596\" data-end=\"627\">Typ av te: Svart te med kardemummasmak<\/p>\n<\/li>\n<li class=\"\" data-start=\"628\" data-end=\"670\">\n<p class=\"\" data-start=\"630\" data-end=\"670\">F\u00f6rpackningar: Luftt\u00e4t f\u00f6rpackning f\u00f6r att bevara f\u00e4rskheten<\/p>\n<\/li>\n<li class=\"\" data-start=\"671\" data-end=\"695\">\n<p class=\"\" data-start=\"673\" data-end=\"695\">Ursprungsland: Sri Lanka<\/p>\n<\/li>\n<\/ul>\n<p class=\"\" data-start=\"733\" data-end=\"760\"><strong data-start=\"733\" data-end=\"760\">Egenskaper f\u00f6r Mahmoud Cardamom Tea:<\/strong><\/p>\n<ul data-start=\"762\" data-end=\"970\">\n<li class=\"\" data-start=\"762\" data-end=\"807\">\n<p class=\"\" data-start=\"764\" data-end=\"807\">En rik och koncentrerad smak av \u00e4kta Ceylon-te<\/p>\n<\/li>\n<li class=\"\" data-start=\"808\" data-end=\"850\">\n<p class=\"\" data-start=\"810\" data-end=\"850\">Blandad med naturlig kardemumma f\u00f6r en varm och aromatisk k\u00e4nsla<\/p>\n<\/li>\n<li class=\"\" data-start=\"851\" data-end=\"885\">\n<p class=\"\" data-start=\"853\" data-end=\"885\">Praktiska tep\u00e5sar som g\u00e5r snabbt att g\u00f6ra<\/p>\n<\/li>\n<li class=\"\" data-start=\"928\" data-end=\"970\">\n<p class=\"\" data-start=\"930\" data-end=\"970\">H\u00f6gkvalitativ produkt fr\u00e5n det v\u00e4lk\u00e4nda varum\u00e4rket Mahmoud<\/p>\n<\/li>\n<\/ul>\n<p class=\"\" data-start=\"972\" data-end=\"1095\"><strong data-start=\"972\" data-end=\"990\">Metoden f\u00f6r beredning:<\/strong><br data-start=\"990\" data-end=\"993\" \/>L\u00e4gg tepaketet i en mugg, tills\u00e4tt kokande vatten och l\u00e5t det dra i 3 till 5 minuter efter \u00f6nskem\u00e5l. Socker eller mj\u00f6lk kan tills\u00e4ttas.<\/p>\n<p class=\"\" data-start=\"1097\" data-end=\"1199\"><strong data-start=\"1097\" data-end=\"1199\">Sk\u00e4m bort dina sinnen med smakerna av kardemumma och Ceylonte, best\u00e4ll Mahmoud Cardamom Tea fr\u00e5n Sanabel - en of\u00f6rgl\u00f6mlig smak.<\/strong><\/p>","protected":false},"excerpt":{"rendered":"<p>Njut av en lyxig teupplevelse med en distinkt orientalisk smak med <strong data-start=\"281\" data-end=\"301\">Mahmoud-te med kardemumma<\/strong>Noggrant blandad med den naturliga smaken av kardemumma som ger djup och oemotst\u00e5ndlig doft till din vardagliga kopp.<\/p>","protected":false},"featured_media":50046,"template":"","meta":[],"product_brand":[],"product_cat":[349,373],"product_tag":[],"class_list":{"0":"post-50045","1":"product","2":"type-product","3":"status-publish","4":"has-post-thumbnail","6":"product_cat-349","7":"product_cat-373","9":"first","10":"outofstock","11":"taxable","12":"shipping-taxable","13":"purchasable","14":"product-type-simple"},"_links":{"self":[{"href":"https:\/\/senabel.com\/sv\/wp-json\/wp\/v2\/product\/50045","targetHints":{"allow":["GET"]}}],"collection":[{"href":"https:\/\/senabel.com\/sv\/wp-json\/wp\/v2\/product"}],"about":[{"href":"https:\/\/senabel.com\/sv\/wp-json\/wp\/v2\/types\/product"}],"version-history":[{"count":1,"href":"https:\/\/senabel.com\/sv\/wp-json\/wp\/v2\/product\/50045\/revisions"}],"predecessor-version":[{"id":50048,"href":"https:\/\/senabel.com\/sv\/wp-json\/wp\/v2\/product\/50045\/revisions\/50048"}],"wp:featuredmedia":[{"embeddable":true,"href":"https:\/\/senabel.com\/sv\/wp-json\/wp\/v2\/media\/50046"}],"wp:attachment":[{"href":"https:\/\/senabel.com\/sv\/wp-json\/wp\/v2\/media?parent=50045"}],"wp:term":[{"taxonomy":"product_brand","embeddable":true,"href":"https:\/\/senabel.com\/sv\/wp-json\/wp\/v2\/product_brand?post=50045"},{"taxonomy":"product_cat","embeddable":true,"href":"https:\/\/senabel.com\/sv\/wp-json\/wp\/v2\/product_cat?post=50045"},{"taxonomy":"product_tag","embeddable":true,"href":"https:\/\/senabel.com\/sv\/wp-json\/wp\/v2\/product_tag?post=50045"}],"curies":[{"name":"wp","href":"https:\/\/api.w.org\/{rel}","templated":true}]}}