{"id":50040,"date":"2025-04-08T13:32:03","date_gmt":"2025-04-08T13:32:03","guid":{"rendered":"https:\/\/senabel.com\/?post_type=product&#038;p=50040"},"modified":"2025-10-11T10:59:33","modified_gmt":"2025-10-11T10:59:33","slug":"mahmoud-svart-te","status":"publish","type":"product","link":"https:\/\/senabel.com\/sv\/product\/mahmoud-black-tea\/","title":{"rendered":"Mahmood Tea - Premium Ceylon svart te 450g"},"content":{"rendered":"<p class=\"\" data-start=\"175\" data-end=\"420\">Njut av en smakrik kopp te med <strong data-start=\"206\" data-end=\"219\">Shai Mahmoud<\/strong> Ceylon, tillverkat av de finaste rena svarta tebladen fr\u00e5n Sri Lanka.<br data-start=\"283\" data-end=\"286\" \/>Med sin starka smak, m\u00f6rka f\u00e4rg och arom \u00e4r det ett perfekt val f\u00f6r den som \u00e4lskar tungt, \u00e4kta te, oavsett om det bryggs rent eller med mj\u00f6lk.<\/p>\n<p class=\"\" data-start=\"422\" data-end=\"440\"><strong data-start=\"422\" data-end=\"440\">Produktinformation:<\/strong><\/p>\n<ul data-start=\"442\" data-end=\"603\">\n<li class=\"\" data-start=\"442\" data-end=\"461\">\n<p class=\"\" data-start=\"444\" data-end=\"461\">Vikt: 450 gram<\/p>\n<\/li>\n<li class=\"\" data-start=\"462\" data-end=\"492\">\n<p class=\"\" data-start=\"464\" data-end=\"492\">Typ av te Rent svart Ceylon-te<\/p>\n<\/li>\n<li class=\"\" data-start=\"493\" data-end=\"517\">\n<p class=\"\" data-start=\"495\" data-end=\"517\">Ursprungsland: Sri Lanka<\/p>\n<\/li>\n<li class=\"\" data-start=\"555\" data-end=\"603\">\n<p class=\"\" data-start=\"557\" data-end=\"603\">F\u00f6rpackningar: Luftt\u00e4t f\u00f6rpackning f\u00f6r att bevara smak och f\u00e4rskhet<\/p>\n<\/li>\n<\/ul>\n<p class=\"\" data-start=\"605\" data-end=\"625\"><strong data-start=\"605\" data-end=\"625\">Egenskaper hos Mahmoud Tea:<\/strong><\/p>\n<ul data-start=\"627\" data-end=\"808\">\n<li class=\"\" data-start=\"627\" data-end=\"654\">\n<p class=\"\" data-start=\"629\" data-end=\"654\">Stark smak och \u00e4kta tesmak<\/p>\n<\/li>\n<li class=\"\" data-start=\"655\" data-end=\"694\">\n<p class=\"\" data-start=\"657\" data-end=\"694\">Perfekt f\u00f6r tillagning med mj\u00f6lk eller bara vatten<\/p>\n<\/li>\n<li class=\"\" data-start=\"695\" data-end=\"719\">\n<p class=\"\" data-start=\"697\" data-end=\"719\">Kvalitet i varje kopp<\/p>\n<\/li>\n<li class=\"\" data-start=\"760\" data-end=\"808\">\n<p class=\"\" data-start=\"762\" data-end=\"808\">En erk\u00e4nd och betrodd produkt p\u00e5 den arabiska och internationella marknaden<\/p>\n<\/li>\n<\/ul>\n<p class=\"\" data-start=\"810\" data-end=\"934\"><strong data-start=\"810\" data-end=\"828\">Metoden f\u00f6r beredning:<\/strong><br data-start=\"828\" data-end=\"831\" \/>Tills\u00e4tt en tesked te per kopp vatten och l\u00e5t koka i 3-5 minuter. Socker eller mj\u00f6lk kan tills\u00e4ttas efter smak.<\/p>\n<p class=\"\" data-start=\"936\" data-end=\"1029\"><strong data-start=\"936\" data-end=\"1029\">Smaka p\u00e5 skillnaden med Mahmoud Tea - ett te som kombinerar \u00e4kthet och kvalitet. Finns nu tillg\u00e4ngligt hos Sanabel.<\/strong><\/p>","protected":false},"excerpt":{"rendered":"<p class=\"\" data-start=\"175\" data-end=\"420\">Njut av en smakrik kopp te med <strong data-start=\"206\" data-end=\"219\">Shai Mahmoud<\/strong> Ceylon, tillverkat av de finaste rena svarta tebladen fr\u00e5n Sri Lanka.<br data-start=\"283\" data-end=\"286\" \/>Med sin starka smak, m\u00f6rka f\u00e4rg och arom \u00e4r det ett perfekt val f\u00f6r den som \u00e4lskar tungt, \u00e4kta te, oavsett om det bryggs rent eller med mj\u00f6lk.<\/p>","protected":false},"featured_media":50041,"template":"","meta":[],"product_brand":[],"product_cat":[349,373],"product_tag":[],"class_list":{"0":"post-50040","1":"product","2":"type-product","3":"status-publish","4":"has-post-thumbnail","6":"product_cat-349","7":"product_cat-373","9":"first","10":"outofstock","11":"taxable","12":"shipping-taxable","13":"purchasable","14":"product-type-simple"},"_links":{"self":[{"href":"https:\/\/senabel.com\/sv\/wp-json\/wp\/v2\/product\/50040","targetHints":{"allow":["GET"]}}],"collection":[{"href":"https:\/\/senabel.com\/sv\/wp-json\/wp\/v2\/product"}],"about":[{"href":"https:\/\/senabel.com\/sv\/wp-json\/wp\/v2\/types\/product"}],"version-history":[{"count":2,"href":"https:\/\/senabel.com\/sv\/wp-json\/wp\/v2\/product\/50040\/revisions"}],"predecessor-version":[{"id":50044,"href":"https:\/\/senabel.com\/sv\/wp-json\/wp\/v2\/product\/50040\/revisions\/50044"}],"wp:featuredmedia":[{"embeddable":true,"href":"https:\/\/senabel.com\/sv\/wp-json\/wp\/v2\/media\/50041"}],"wp:attachment":[{"href":"https:\/\/senabel.com\/sv\/wp-json\/wp\/v2\/media?parent=50040"}],"wp:term":[{"taxonomy":"product_brand","embeddable":true,"href":"https:\/\/senabel.com\/sv\/wp-json\/wp\/v2\/product_brand?post=50040"},{"taxonomy":"product_cat","embeddable":true,"href":"https:\/\/senabel.com\/sv\/wp-json\/wp\/v2\/product_cat?post=50040"},{"taxonomy":"product_tag","embeddable":true,"href":"https:\/\/senabel.com\/sv\/wp-json\/wp\/v2\/product_tag?post=50040"}],"curies":[{"name":"wp","href":"https:\/\/api.w.org\/{rel}","templated":true}]}}