{"id":50036,"date":"2025-04-08T13:36:52","date_gmt":"2025-04-08T13:36:52","guid":{"rendered":"https:\/\/senabel.com\/?post_type=product&#038;p=50036"},"modified":"2025-07-29T12:57:51","modified_gmt":"2025-07-29T12:57:51","slug":"ceylon-gasell-tepasar","status":"publish","type":"product","link":"https:\/\/senabel.com\/sv\/product\/ceylon-gazelle-tea-bags\/","title":{"rendered":"Ceylon Gasellte 100 f\u00f6rpackningar"},"content":{"rendered":"<p class=\"\" data-start=\"164\" data-end=\"254\"><strong data-start=\"164\" data-end=\"219\">Ghazalin Tea - Premium Ceylon Tep\u00e5sar 200g (100 paket)<\/strong><\/p>\n<p class=\"\" data-start=\"256\" data-end=\"527\">Smutta p\u00e5 den autentiska smaken av fint Ceylon-te med <strong data-start=\"302\" data-end=\"339\">Spinners-te med f\u00e4rdiga tep\u00e5sar<\/strong>Tillverkad av de finaste rena Ceylon-tebladen.<br data-start=\"384\" data-end=\"387\" \/>Detta te har en rik smak och en distinkt m\u00f6rk f\u00e4rg, samtidigt som det g\u00e5r snabbt att tillreda med hj\u00e4lp av f\u00e4rdiga p\u00e5sar - perfekt f\u00f6r anv\u00e4ndning hemma eller p\u00e5 kontoret.<\/p>\n<p class=\"\" data-start=\"529\" data-end=\"547\"><strong data-start=\"529\" data-end=\"547\">Produktinformation:<\/strong><\/p>\n<ul data-start=\"549\" data-end=\"703\">\n<li class=\"\" data-start=\"549\" data-end=\"568\">\n<p class=\"\" data-start=\"551\" data-end=\"568\">Vikt: 200 gram<\/p>\n<\/li>\n<li class=\"\" data-start=\"569\" data-end=\"593\">\n<p class=\"\" data-start=\"571\" data-end=\"593\">Inneh\u00e5ll: 100 tep\u00e5sar<\/p>\n<\/li>\n<li class=\"\" data-start=\"594\" data-end=\"624\">\n<p class=\"\" data-start=\"596\" data-end=\"624\">Typ av te Rent Ceylonte 100%<\/p>\n<\/li>\n<li class=\"\" data-start=\"625\" data-end=\"662\">\n<p class=\"\" data-start=\"627\" data-end=\"662\">Kvalitet: BOPF \"SP\" - starkt smaksatt te<\/p>\n<\/li>\n<li class=\"\" data-start=\"663\" data-end=\"703\">\n<p class=\"\" data-start=\"665\" data-end=\"703\">F\u00f6rpackningar: Luftt\u00e4t f\u00f6rpackning f\u00f6r att bevara f\u00e4rskheten<\/p>\n<\/li>\n<\/ul>\n<p class=\"\" data-start=\"705\" data-end=\"736\"><strong data-start=\"705\" data-end=\"736\">Egenskaper f\u00f6r Ghazalin Tea - P\u00e5sar:<\/strong><\/p>\n<ul data-start=\"738\" data-end=\"936\">\n<li class=\"\" data-start=\"738\" data-end=\"779\">\n<p class=\"\" data-start=\"740\" data-end=\"779\"><strong data-start=\"740\" data-end=\"777\">Snabb och enkel tillagning med bara ett te-kuvert<\/strong><\/p>\n<\/li>\n<li class=\"\" data-start=\"780\" data-end=\"808\">\n<p class=\"\" data-start=\"782\" data-end=\"808\"><strong data-start=\"782\" data-end=\"806\">Autentisk och stark Ceylon-smak<\/strong><\/p>\n<\/li>\n<li class=\"\" data-start=\"809\" data-end=\"848\">\n<p class=\"\" data-start=\"811\" data-end=\"848\"><strong data-start=\"811\" data-end=\"846\">Idealisk f\u00f6r vardagsbruk och g\u00e4stfrihet<\/strong><\/p>\n<\/li>\n<li class=\"\" data-start=\"849\" data-end=\"889\">\n<p class=\"\" data-start=\"851\" data-end=\"889\"><strong data-start=\"851\" data-end=\"887\">F\u00f6rpackningar som bevarar smak och f\u00e4rskhet<\/strong><\/p>\n<\/li>\n<li class=\"\" data-start=\"890\" data-end=\"936\">\n<p class=\"\" data-start=\"892\" data-end=\"936\"><strong data-start=\"892\" data-end=\"936\">H\u00f6gkvalitativ produkt fr\u00e5n ett globalt erk\u00e4nt varum\u00e4rke<\/strong><\/p>\n<\/li>\n<\/ul>\n<p class=\"\" data-start=\"938\" data-end=\"1060\"><strong data-start=\"938\" data-end=\"956\">Metoden f\u00f6r beredning:<\/strong><br data-start=\"956\" data-end=\"959\" \/>L\u00e4gg ett te-kuvert i en mugg, tills\u00e4tt kokande vatten och l\u00e5t det dra i 3 till 5 minuter. Socker eller mj\u00f6lk kan tills\u00e4ttas efter smak.<\/p>\n<p class=\"\" data-start=\"1062\" data-end=\"1153\"><strong data-start=\"1062\" data-end=\"1153\">B\u00f6rja din dag med de autentiska smakerna av Ceylon-te och best\u00e4ll ditt Ghazalin Tea - p\u00e5sar fr\u00e5n Sanabel nu.<\/strong><\/p>","protected":false},"excerpt":{"rendered":"<p>Smutta p\u00e5 den autentiska smaken av fint Ceylon-te med <strong data-start=\"302\" data-end=\"339\">Spinners-te med f\u00e4rdiga tep\u00e5sar<\/strong>Tillverkad av de finaste rena Ceylon-tebladen.<\/p>","protected":false},"featured_media":50037,"template":"","meta":[],"product_brand":[],"product_cat":[349,373],"product_tag":[],"class_list":{"0":"post-50036","1":"product","2":"type-product","3":"status-publish","4":"has-post-thumbnail","6":"product_cat-349","7":"product_cat-373","9":"first","10":"outofstock","11":"taxable","12":"shipping-taxable","13":"purchasable","14":"product-type-simple"},"_links":{"self":[{"href":"https:\/\/senabel.com\/sv\/wp-json\/wp\/v2\/product\/50036","targetHints":{"allow":["GET"]}}],"collection":[{"href":"https:\/\/senabel.com\/sv\/wp-json\/wp\/v2\/product"}],"about":[{"href":"https:\/\/senabel.com\/sv\/wp-json\/wp\/v2\/types\/product"}],"version-history":[{"count":1,"href":"https:\/\/senabel.com\/sv\/wp-json\/wp\/v2\/product\/50036\/revisions"}],"predecessor-version":[{"id":50039,"href":"https:\/\/senabel.com\/sv\/wp-json\/wp\/v2\/product\/50036\/revisions\/50039"}],"wp:featuredmedia":[{"embeddable":true,"href":"https:\/\/senabel.com\/sv\/wp-json\/wp\/v2\/media\/50037"}],"wp:attachment":[{"href":"https:\/\/senabel.com\/sv\/wp-json\/wp\/v2\/media?parent=50036"}],"wp:term":[{"taxonomy":"product_brand","embeddable":true,"href":"https:\/\/senabel.com\/sv\/wp-json\/wp\/v2\/product_brand?post=50036"},{"taxonomy":"product_cat","embeddable":true,"href":"https:\/\/senabel.com\/sv\/wp-json\/wp\/v2\/product_cat?post=50036"},{"taxonomy":"product_tag","embeddable":true,"href":"https:\/\/senabel.com\/sv\/wp-json\/wp\/v2\/product_tag?post=50036"}],"curies":[{"name":"wp","href":"https:\/\/api.w.org\/{rel}","templated":true}]}}