{"id":50032,"date":"2025-04-08T13:37:47","date_gmt":"2025-04-08T13:37:47","guid":{"rendered":"https:\/\/senabel.com\/?post_type=product&#038;p=50032"},"modified":"2025-07-30T20:56:56","modified_gmt":"2025-07-30T20:56:56","slug":"ceylon-gazelle-te","status":"publish","type":"product","link":"https:\/\/senabel.com\/sv\/product\/ceylon-gazelle-tea\/","title":{"rendered":"Ceylon Gasellte 500g"},"content":{"rendered":"<p class=\"\" data-start=\"136\" data-end=\"190\"><strong data-start=\"136\" data-end=\"190\">Ceylon Gazelle Tea - \u00e4kta smak och o\u00f6vertr\u00e4ffad kvalitet<\/strong><\/p>\n<p class=\"\" data-start=\"192\" data-end=\"375\">Njut av en kopp gott te med <strong data-start=\"223\" data-end=\"246\">Original Gasell-te<\/strong>Tillverkat av de finaste rena Ceylon-tebladen. Dess rika smak, m\u00f6rka f\u00e4rg och arom \u00e4r k\u00e4nnetecken f\u00f6r autentiska te-traditioner.<\/p>\n<p class=\"\" data-start=\"377\" data-end=\"462\"><strong data-start=\"377\" data-end=\"462\">Perfekt f\u00f6r dig som \u00e4lskar tungt te med stark smak, det \u00e4r l\u00e4tt att g\u00f6ra med mj\u00f6lk eller bara vatten.<\/strong><\/p>\n<p class=\"\" data-start=\"464\" data-end=\"482\"><strong data-start=\"464\" data-end=\"482\">Produktinformation:<\/strong><\/p>\n<ul data-start=\"484\" data-end=\"640\">\n<li class=\"\" data-start=\"484\" data-end=\"503\">\n<p class=\"\" data-start=\"486\" data-end=\"503\">Vikt: 500 gram<\/p>\n<\/li>\n<li class=\"\" data-start=\"504\" data-end=\"529\">\n<p class=\"\" data-start=\"506\" data-end=\"529\">Typ av te Rent Ceylon-te<\/p>\n<\/li>\n<li class=\"\" data-start=\"530\" data-end=\"585\">\n<p class=\"\" data-start=\"532\" data-end=\"585\">Kvalitetsklass: FBOPF \"SP\" (hela ark med guldspetsar)<\/p>\n<\/li>\n<li class=\"\" data-start=\"586\" data-end=\"640\">\n<p class=\"\" data-start=\"588\" data-end=\"640\">F\u00f6rpackning: F\u00f6rseglad pappersf\u00f6rpackning f\u00f6r att bevara smak och f\u00e4rskhet<\/p>\n<\/li>\n<\/ul>\n<p class=\"\" data-start=\"642\" data-end=\"665\"><strong data-start=\"642\" data-end=\"665\">Egenskaper hos spenat te:<\/strong><\/p>\n<ul data-start=\"667\" data-end=\"816\">\n<li class=\"\" data-start=\"667\" data-end=\"691\">\n<p class=\"\" data-start=\"669\" data-end=\"691\">Lyxigt Ceylonte 100%<\/p>\n<\/li>\n<li class=\"\" data-start=\"692\" data-end=\"715\">\n<p class=\"\" data-start=\"694\" data-end=\"715\">Stark smak och koncentrerad smak<\/p>\n<\/li>\n<li class=\"\" data-start=\"716\" data-end=\"751\">\n<p class=\"\" data-start=\"718\" data-end=\"751\">Anv\u00e4nd f\u00f6r mj\u00f6lk eller svart te<\/p>\n<\/li>\n<li class=\"\" data-start=\"752\" data-end=\"782\">\n<p class=\"\" data-start=\"754\" data-end=\"782\">H\u00f6g kvalitet och globalt erk\u00e4nd<\/p>\n<\/li>\n<li class=\"\" data-start=\"783\" data-end=\"816\">\n<p class=\"\" data-start=\"785\" data-end=\"816\">L\u00e4mplig f\u00f6r vardagsbruk och representation<\/p>\n<\/li>\n<\/ul>\n<p class=\"\" data-start=\"818\" data-end=\"943\"><strong data-start=\"818\" data-end=\"836\">Metoden f\u00f6r beredning:<\/strong><br data-start=\"836\" data-end=\"839\" \/>Tills\u00e4tt en tesked per kopp kokande vatten och l\u00e5t koka i n\u00e5gra minuter. Du kan tills\u00e4tta socker eller mj\u00f6lk efter smak.<\/p>\n<p class=\"\" data-start=\"945\" data-end=\"1048\"><strong data-start=\"945\" data-end=\"1048\">Sk\u00e4m bort dina sinnen med smakerna av \u00e4kta Ceylon-te och best\u00e4ll ditt Ghazalin-te fr\u00e5n Snapple - kvalitet att dricka.<\/strong><\/p>","protected":false},"excerpt":{"rendered":"<p>Njut av en kopp gott te med <strong data-start=\"223\" data-end=\"246\">Original Gasell-te<\/strong>Tillverkat av de finaste rena Ceylon-tebladen. Dess rika smak, m\u00f6rka f\u00e4rg och arom \u00e4r k\u00e4nnetecken f\u00f6r autentiska te-traditioner.<\/p>","protected":false},"featured_media":50033,"template":"","meta":[],"product_brand":[],"product_cat":[373,349],"product_tag":[],"class_list":{"0":"post-50032","1":"product","2":"type-product","3":"status-publish","4":"has-post-thumbnail","6":"product_cat-373","7":"product_cat-349","9":"first","10":"outofstock","11":"taxable","12":"shipping-taxable","13":"purchasable","14":"product-type-simple"},"_links":{"self":[{"href":"https:\/\/senabel.com\/sv\/wp-json\/wp\/v2\/product\/50032","targetHints":{"allow":["GET"]}}],"collection":[{"href":"https:\/\/senabel.com\/sv\/wp-json\/wp\/v2\/product"}],"about":[{"href":"https:\/\/senabel.com\/sv\/wp-json\/wp\/v2\/types\/product"}],"version-history":[{"count":1,"href":"https:\/\/senabel.com\/sv\/wp-json\/wp\/v2\/product\/50032\/revisions"}],"predecessor-version":[{"id":50035,"href":"https:\/\/senabel.com\/sv\/wp-json\/wp\/v2\/product\/50032\/revisions\/50035"}],"wp:featuredmedia":[{"embeddable":true,"href":"https:\/\/senabel.com\/sv\/wp-json\/wp\/v2\/media\/50033"}],"wp:attachment":[{"href":"https:\/\/senabel.com\/sv\/wp-json\/wp\/v2\/media?parent=50032"}],"wp:term":[{"taxonomy":"product_brand","embeddable":true,"href":"https:\/\/senabel.com\/sv\/wp-json\/wp\/v2\/product_brand?post=50032"},{"taxonomy":"product_cat","embeddable":true,"href":"https:\/\/senabel.com\/sv\/wp-json\/wp\/v2\/product_cat?post=50032"},{"taxonomy":"product_tag","embeddable":true,"href":"https:\/\/senabel.com\/sv\/wp-json\/wp\/v2\/product_tag?post=50032"}],"curies":[{"name":"wp","href":"https:\/\/api.w.org\/{rel}","templated":true}]}}