{"id":49968,"date":"2025-04-06T12:00:37","date_gmt":"2025-04-06T12:00:37","guid":{"rendered":"https:\/\/senabel.com\/?post_type=product&#038;p=49968"},"modified":"2026-02-11T13:51:08","modified_gmt":"2026-02-11T13:51:08","slug":"franskt-propolis-extrakt-utan-alkohol","status":"publish","type":"product","link":"https:\/\/senabel.com\/sv\/product\/french-propolis-extract-without-alcohol\/","title":{"rendered":"Franska Bee Propolis Extract utan alkohol"},"content":{"rendered":"<p class=\"\" data-start=\"208\" data-end=\"284\"><strong data-start=\"208\" data-end=\"284\">Franskt propolis-extrakt utan alkohol - naturligt immunf\u00f6rsvar och daglig prevention<\/strong><\/p>\n<p class=\"\" data-start=\"286\" data-end=\"607\">Njut av f\u00f6rdelarna med ren propolis med detta naturliga extrakt 100% fr\u00e5n <strong data-start=\"368\" data-end=\"380\">Propolia<\/strong> Franska, utformade f\u00f6r att ge dig ett effektivt immunf\u00f6rsvar och \u00f6ka kroppens motst\u00e5ndskraft p\u00e5 daglig basis.<br data-start=\"460\" data-end=\"463\" \/>Varje daglig anv\u00e4ndning inneh\u00e5ller 140 mg ren propolis, utan alkohol, vilket g\u00f6r den l\u00e4mplig f\u00f6r vuxna, barn och \u00e4ven f\u00f6r dem med k\u00e4nslig hud eller matsm\u00e4ltningssystem.<\/p>\n<p class=\"\" data-start=\"609\" data-end=\"759\">Tack vare sin koncentrerade formel \u00e4r detta extrakt ett utm\u00e4rkt val f\u00f6r att st\u00e4rka immunf\u00f6rsvaret, lugna halsen och hj\u00e4lpa till att lindra symtomen p\u00e5 s\u00e4songsf\u00f6rkylningar och influensa.<\/p>\n<p class=\"\" data-start=\"761\" data-end=\"779\"><strong data-start=\"761\" data-end=\"779\">Produktinformation:<\/strong><\/p>\n<ul data-start=\"781\" data-end=\"961\">\n<li class=\"\" data-start=\"781\" data-end=\"797\">\n<p class=\"\" data-start=\"783\" data-end=\"797\">Storlek: 30 ml<\/p>\n<\/li>\n<li class=\"\" data-start=\"847\" data-end=\"879\">\n<p class=\"\" data-start=\"849\" data-end=\"879\">Ingen alkohol - skonsamt och s\u00e4kert f\u00f6r alla<\/p>\n<\/li>\n<li class=\"\" data-start=\"880\" data-end=\"901\">\n<p class=\"\" data-start=\"882\" data-end=\"901\">Land av ursprung: Frankrike<\/p>\n<\/li>\n<li class=\"\" data-start=\"902\" data-end=\"961\">\n<p class=\"\" data-start=\"904\" data-end=\"961\">Anv\u00e4ndning: Oral - tills\u00e4tt till vatten eller juice enligt anvisningarna<\/p>\n<\/li>\n<\/ul>\n<p class=\"\" data-start=\"963\" data-end=\"1003\"><strong data-start=\"963\" data-end=\"1003\">Egenskaper hos Propolis Extrakt fr\u00e5n Propolia:<\/strong><\/p>\n<ul data-start=\"1005\" data-end=\"1201\">\n<li class=\"\" data-start=\"1005\" data-end=\"1040\">\n<p class=\"\" data-start=\"1007\" data-end=\"1040\"><strong data-start=\"1007\" data-end=\"1038\">Ren, alkoholfri formula<\/strong><\/p>\n<\/li>\n<li class=\"\" data-start=\"1041\" data-end=\"1083\">\n<p class=\"\" data-start=\"1043\" data-end=\"1083\"><strong data-start=\"1043\" data-end=\"1081\">Naturligt immunf\u00f6rsvarsst\u00f6d och antiinflammatoriskt<\/strong><\/p>\n<\/li>\n<li class=\"\" data-start=\"1084\" data-end=\"1112\">\n<p class=\"\" data-start=\"1086\" data-end=\"1112\"><strong data-start=\"1086\" data-end=\"1110\">S\u00e4ker f\u00f6r daglig anv\u00e4ndning<\/strong><\/p>\n<\/li>\n<li class=\"\" data-start=\"1113\" data-end=\"1159\">\n<p class=\"\" data-start=\"1115\" data-end=\"1159\"><strong data-start=\"1115\" data-end=\"1157\">Fransk tillverkning med h\u00f6g kvalitet och noggranna standarder<\/strong><\/p>\n<\/li>\n<li class=\"\" data-start=\"1160\" data-end=\"1201\">\n<p class=\"\" data-start=\"1162\" data-end=\"1201\"><strong data-start=\"1162\" data-end=\"1201\">Enkel att anv\u00e4nda tack vare den integrerade droppst\u00e4llningen<\/strong><\/p>\n<\/li>\n<\/ul>\n<p class=\"\" data-start=\"1203\" data-end=\"1363\"><strong data-start=\"1203\" data-end=\"1225\">Instruktioner f\u00f6r anv\u00e4ndning:<\/strong><br data-start=\"1225\" data-end=\"1228\" \/>Anv\u00e4nd enligt rekommendation fr\u00e5n tillverkaren eller apotekspersonal. Kan tas genom att tills\u00e4tta n\u00e5gra droppar i vatten eller juice. Skaka flaskan v\u00e4l f\u00f6re anv\u00e4ndning.<\/p>\n<p class=\"\" data-start=\"1365\" data-end=\"1461\"><strong data-start=\"1365\" data-end=\"1385\">F\u00f6rvaringsanvisningar:<\/strong><br data-start=\"1385\" data-end=\"1388\" \/>F\u00f6rvara p\u00e5 en sval, torr plats, borta fr\u00e5n direkt ljus och h\u00f6ga temperaturer.<\/p>\n<p class=\"\" data-start=\"1463\" data-end=\"1573\"><strong data-start=\"1463\" data-end=\"1573\">F\u00e5 naturligt skydd fr\u00e5n bikupans hj\u00e4rta, best\u00e4ll Sanabel French Propolis Extract utan alkohol nu.<\/strong><\/p>","protected":false},"excerpt":{"rendered":"<p class=\"\" data-start=\"286\" data-end=\"607\">Njut av f\u00f6rdelarna med ren propolis med detta naturliga extrakt 100% fr\u00e5n <strong data-start=\"368\" data-end=\"380\">Propolia<\/strong> Franska, utformade f\u00f6r att ge dig ett effektivt immunf\u00f6rsvar och \u00f6ka kroppens motst\u00e5ndskraft p\u00e5 daglig basis.<br data-start=\"460\" data-end=\"463\" \/>Varje daglig anv\u00e4ndning inneh\u00e5ller 140 mg ren propolis, utan alkohol, vilket g\u00f6r den l\u00e4mplig f\u00f6r vuxna, barn och \u00e4ven f\u00f6r dem med k\u00e4nslig hud eller matsm\u00e4ltningssystem.<\/p>\n<p class=\"\" data-start=\"609\" data-end=\"759\">","protected":false},"featured_media":49969,"template":"","meta":[],"product_brand":[],"product_cat":[369,311,347],"product_tag":[],"class_list":{"0":"post-49968","1":"product","2":"type-product","3":"status-publish","4":"has-post-thumbnail","6":"product_cat-369","7":"product_cat-311","8":"product_cat-347","10":"first","11":"outofstock","12":"taxable","13":"shipping-taxable","14":"purchasable","15":"product-type-simple"},"_links":{"self":[{"href":"https:\/\/senabel.com\/sv\/wp-json\/wp\/v2\/product\/49968","targetHints":{"allow":["GET"]}}],"collection":[{"href":"https:\/\/senabel.com\/sv\/wp-json\/wp\/v2\/product"}],"about":[{"href":"https:\/\/senabel.com\/sv\/wp-json\/wp\/v2\/types\/product"}],"version-history":[{"count":3,"href":"https:\/\/senabel.com\/sv\/wp-json\/wp\/v2\/product\/49968\/revisions"}],"predecessor-version":[{"id":50015,"href":"https:\/\/senabel.com\/sv\/wp-json\/wp\/v2\/product\/49968\/revisions\/50015"}],"wp:featuredmedia":[{"embeddable":true,"href":"https:\/\/senabel.com\/sv\/wp-json\/wp\/v2\/media\/49969"}],"wp:attachment":[{"href":"https:\/\/senabel.com\/sv\/wp-json\/wp\/v2\/media?parent=49968"}],"wp:term":[{"taxonomy":"product_brand","embeddable":true,"href":"https:\/\/senabel.com\/sv\/wp-json\/wp\/v2\/product_brand?post=49968"},{"taxonomy":"product_cat","embeddable":true,"href":"https:\/\/senabel.com\/sv\/wp-json\/wp\/v2\/product_cat?post=49968"},{"taxonomy":"product_tag","embeddable":true,"href":"https:\/\/senabel.com\/sv\/wp-json\/wp\/v2\/product_tag?post=49968"}],"curies":[{"name":"wp","href":"https:\/\/api.w.org\/{rel}","templated":true}]}}