{"id":49965,"date":"2025-04-06T12:04:20","date_gmt":"2025-04-06T12:04:20","guid":{"rendered":"https:\/\/senabel.com\/?post_type=product&#038;p=49965"},"modified":"2025-12-17T10:30:29","modified_gmt":"2025-12-17T10:30:29","slug":"naturligt-schampo-med-honung-och-bambuextrakt","status":"publish","type":"product","link":"https:\/\/senabel.com\/sv\/product\/natural-shampoo-with-honey-and-bamboo-extract\/","title":{"rendered":"Naturligt schampo med honung och bambuextrakt"},"content":{"rendered":"<p class=\"\" data-start=\"170\" data-end=\"252\"><strong data-start=\"170\" data-end=\"252\">Naturligt schampo med honung och bambuextrakt - mjuk daglig v\u00e5rd f\u00f6r hela familjen<\/strong><\/p>\n<p class=\"\" data-start=\"254\" data-end=\"587\">Ge ditt h\u00e5r mjukhet och glans med ett naturligt schampo fr\u00e5n <strong data-start=\"307\" data-end=\"319\">Propolia<\/strong>Den sulfatfria formulan \u00e4r tillverkad med 99% naturliga ingredienser och \u00e4r tuff mot smuts, men skonsam mot h\u00e5r och h\u00e5rbotten.<br data-start=\"430\" data-end=\"433\" \/>Berikat med extrakt fr\u00e5n honung, apelsinblomma och bambu \u00e5terst\u00e4ller detta schampo h\u00e5rets naturliga vitalitet och glans och g\u00f6r det mjukt och smidigt redan fr\u00e5n f\u00f6rsta tv\u00e4tten.<\/p>\n<p class=\"\" data-start=\"589\" data-end=\"764\">Med sin uppfriskande doft av honung och kokosn\u00f6t ger den en ren och fr\u00e4sch k\u00e4nsla som varar hela dagen och \u00e4r idealisk f\u00f6r torrt, svagt eller skadat h\u00e5r, liksom f\u00f6r daglig anv\u00e4ndning inom familjen.<\/p>\n<p class=\"\" data-start=\"766\" data-end=\"784\"><strong data-start=\"766\" data-end=\"784\">Produktinformation:<\/strong><\/p>\n<ul data-start=\"786\" data-end=\"1150\">\n<li class=\"\" data-start=\"786\" data-end=\"803\">\n<p class=\"\" data-start=\"788\" data-end=\"803\">Storlek: 200ml<\/p>\n<\/li>\n<li class=\"\" data-start=\"804\" data-end=\"880\">\n<p class=\"\" data-start=\"806\" data-end=\"880\">Sammans\u00e4ttning: 99% naturliga ingredienser, 98% botaniska ingredienser fr\u00e5n naturligt jordbruk<\/p>\n<\/li>\n<li class=\"\" data-start=\"881\" data-end=\"929\">\n<p class=\"\" data-start=\"883\" data-end=\"929\">Procentandel av totala ingredienser fr\u00e5n naturligt jordbruk: 25%<\/p>\n<\/li>\n<li class=\"\" data-start=\"930\" data-end=\"966\">\n<p class=\"\" data-start=\"932\" data-end=\"966\">Sulfatfri<\/p>\n<\/li>\n<li class=\"\" data-start=\"967\" data-end=\"1093\">\n<p class=\"\" data-start=\"969\" data-end=\"1093\">Huvudingredienser: Apelsinblomsvatten, naturlig honung, grapefruktolja, lavendelolja, bambuextrakt, tv\u00e5lextrakt, vegetabiliskt glycerin<\/p>\n<\/li>\n<li class=\"\" data-start=\"1094\" data-end=\"1150\">\n<p class=\"\" data-start=\"1096\" data-end=\"1150\">Testad: Dermatologiskt testad - l\u00e4mplig f\u00f6r alla h\u00e5rtyper<\/p>\n<\/li>\n<\/ul>\n<p class=\"\" data-start=\"1152\" data-end=\"1185\"><strong data-start=\"1152\" data-end=\"1185\">Egenskaper hos Snapple's Propolia Shampoo:<\/strong><\/p>\n<ul data-start=\"1187\" data-end=\"1385\">\n<li class=\"\" data-start=\"1187\" data-end=\"1226\">\n<p class=\"\" data-start=\"1189\" data-end=\"1226\"><strong data-start=\"1189\" data-end=\"1224\">Skonsam sulfatfri formula<\/strong><\/p>\n<\/li>\n<li class=\"\" data-start=\"1227\" data-end=\"1258\">\n<p class=\"\" data-start=\"1229\" data-end=\"1258\"><strong data-start=\"1229\" data-end=\"1256\">Reng\u00f6r h\u00e5ret utan att torka ut det<\/strong><\/p>\n<\/li>\n<li class=\"\" data-start=\"1259\" data-end=\"1291\">\n<p class=\"\" data-start=\"1261\" data-end=\"1291\"><strong data-start=\"1261\" data-end=\"1289\">F\u00f6rb\u00e4ttrar glans och elasticitet<\/strong><\/p>\n<\/li>\n<li class=\"\" data-start=\"1292\" data-end=\"1338\">\n<p class=\"\" data-start=\"1294\" data-end=\"1338\"><strong data-start=\"1294\" data-end=\"1336\">Honung och kokosn\u00f6t f\u00f6r en fr\u00e4sch, naturlig doft<\/strong><\/p>\n<\/li>\n<li class=\"\" data-start=\"1339\" data-end=\"1385\">\n<p class=\"\" data-start=\"1341\" data-end=\"1385\"><strong data-start=\"1341\" data-end=\"1385\">S\u00e4ker f\u00f6r daglig anv\u00e4ndning och f\u00f6r hela familjen<\/strong><\/p>\n<\/li>\n<\/ul>\n<p class=\"\" data-start=\"1387\" data-end=\"1527\"><strong data-start=\"1387\" data-end=\"1409\">Instruktioner f\u00f6r anv\u00e4ndning:<\/strong><br data-start=\"1409\" data-end=\"1412\" \/>Applicera en l\u00e4mplig m\u00e4ngd schampo i v\u00e5tt h\u00e5r, massera f\u00f6rsiktigt tills ett mjukt l\u00f6dder bildas och sk\u00f6lj sedan noggrant med vatten. Upprepa vid behov.<\/p>\n<p class=\"\" data-start=\"1529\" data-end=\"1607\"><strong data-start=\"1529\" data-end=\"1549\">F\u00f6rvaringsanvisningar:<\/strong><br data-start=\"1549\" data-end=\"1552\" \/>F\u00f6rvara p\u00e5 en sval, torr plats, borta fr\u00e5n direkt solljus.<\/p>\n<p class=\"\" data-start=\"1609\" data-end=\"1711\"><strong data-start=\"1609\" data-end=\"1711\">V\u00e4lj naturlig v\u00e5rd f\u00f6r ditt h\u00e5r och best\u00e4ll Propolia Natural Shampoo fr\u00e5n Sanabel - mjukheten b\u00f6rjar h\u00e4r.<\/strong><\/p>","protected":false},"excerpt":{"rendered":"<p class=\"\" data-start=\"254\" data-end=\"587\">Ge ditt h\u00e5r mjukhet och glans med ett naturligt schampo fr\u00e5n <strong data-start=\"307\" data-end=\"319\">Propolia<\/strong>Den sulfatfria formulan \u00e4r tillverkad med 99% naturliga ingredienser och \u00e4r tuff mot smuts, men skonsam mot h\u00e5r och h\u00e5rbotten.<br data-start=\"430\" data-end=\"433\" \/>Berikat med extrakt fr\u00e5n honung, apelsinblomma och bambu \u00e5terst\u00e4ller detta schampo h\u00e5rets naturliga vitalitet och glans och g\u00f6r det mjukt och smidigt redan fr\u00e5n f\u00f6rsta tv\u00e4tten.<\/p>\n<p class=\"\" data-start=\"589\" data-end=\"764\">","protected":false},"featured_media":49966,"template":"","meta":[],"product_brand":[],"product_cat":[347,369],"product_tag":[],"class_list":{"0":"post-49965","1":"product","2":"type-product","3":"status-publish","4":"has-post-thumbnail","6":"product_cat-347","7":"product_cat-369","9":"first","10":"outofstock","11":"taxable","12":"shipping-taxable","13":"purchasable","14":"product-type-simple"},"_links":{"self":[{"href":"https:\/\/senabel.com\/sv\/wp-json\/wp\/v2\/product\/49965","targetHints":{"allow":["GET"]}}],"collection":[{"href":"https:\/\/senabel.com\/sv\/wp-json\/wp\/v2\/product"}],"about":[{"href":"https:\/\/senabel.com\/sv\/wp-json\/wp\/v2\/types\/product"}],"version-history":[{"count":1,"href":"https:\/\/senabel.com\/sv\/wp-json\/wp\/v2\/product\/49965\/revisions"}],"predecessor-version":[{"id":49967,"href":"https:\/\/senabel.com\/sv\/wp-json\/wp\/v2\/product\/49965\/revisions\/49967"}],"wp:featuredmedia":[{"embeddable":true,"href":"https:\/\/senabel.com\/sv\/wp-json\/wp\/v2\/media\/49966"}],"wp:attachment":[{"href":"https:\/\/senabel.com\/sv\/wp-json\/wp\/v2\/media?parent=49965"}],"wp:term":[{"taxonomy":"product_brand","embeddable":true,"href":"https:\/\/senabel.com\/sv\/wp-json\/wp\/v2\/product_brand?post=49965"},{"taxonomy":"product_cat","embeddable":true,"href":"https:\/\/senabel.com\/sv\/wp-json\/wp\/v2\/product_cat?post=49965"},{"taxonomy":"product_tag","embeddable":true,"href":"https:\/\/senabel.com\/sv\/wp-json\/wp\/v2\/product_tag?post=49965"}],"curies":[{"name":"wp","href":"https:\/\/api.w.org\/{rel}","templated":true}]}}