{"id":49955,"date":"2025-04-05T14:43:44","date_gmt":"2025-04-05T14:43:44","guid":{"rendered":"https:\/\/senabel.com\/?post_type=product&#038;p=49955"},"modified":"2025-08-16T16:04:08","modified_gmt":"2025-08-16T16:04:08","slug":"lyxig-maamoul","status":"publish","type":"product","link":"https:\/\/senabel.com\/sv\/product\/luxury-maamoul\/","title":{"rendered":"Lyxig hirs Maamoul - Raghad 400g"},"content":{"rendered":"<p class=\"\" data-start=\"149\" data-end=\"209\"><strong data-start=\"149\" data-end=\"209\">Raghad Luxury Millet Maamoul - en traditionell smak med en h\u00e4lsosam twist<\/strong><\/p>\n<p class=\"\" data-start=\"211\" data-end=\"494\">Uppt\u00e4ck smaken av \u00e4kthet med Raghads premium hirs maamoul, gjord av hirs mj\u00f6l, k\u00e4nd f\u00f6r sitt h\u00f6ga n\u00e4ringsv\u00e4rde och distinkta konsistens.<br data-start=\"327\" data-end=\"330\" \/>Denna maamoul har en balanserad smak och en krispig konsistens och kombinerar enkla ingredienser med en rik smak, perfekt f\u00f6r dem som letar efter h\u00e4lsosamma alternativ i den orientaliska dessertv\u00e4rlden.<\/p>\n<p class=\"\" data-start=\"496\" data-end=\"628\">Hirs \u00e4r ett fullkornsmj\u00f6l som \u00e4r rikt p\u00e5 fibrer och mineraler, vilket g\u00f6r att denna maamoul inte bara \u00e4r en dessert utan ett n\u00e4ringsrikt mellanm\u00e5l f\u00f6r alla tillf\u00e4llen.<\/p>\n<p class=\"\" data-start=\"630\" data-end=\"648\"><strong data-start=\"630\" data-end=\"648\">Produktinformation:<\/strong><\/p>\n<ul data-start=\"650\" data-end=\"860\">\n<li class=\"\" data-start=\"650\" data-end=\"669\">\n<p class=\"\" data-start=\"652\" data-end=\"669\">Vikt: 400 gram<\/p>\n<\/li>\n<li class=\"\" data-start=\"670\" data-end=\"734\">\n<p class=\"\" data-start=\"672\" data-end=\"734\">Ingredienser: Hirsemj\u00f6l, margarin, socker, mj\u00f6lkpulver, naturliga kryddor<\/p>\n<\/li>\n<li class=\"\" data-start=\"735\" data-end=\"786\">\n<p class=\"\" data-start=\"737\" data-end=\"786\">Hemlagad: Raghad - ett varum\u00e4rke som k\u00e4nnetecknas av kvalitet och autentisk smak<\/p>\n<\/li>\n<li class=\"\" data-start=\"787\" data-end=\"860\">\n<p class=\"\" data-start=\"789\" data-end=\"860\">F\u00f6rpackning: F\u00f6rseglad rund plastbeh\u00e5llare som bevarar smak och f\u00e4rskhet<\/p>\n<\/li>\n<\/ul>\n<p class=\"\" data-start=\"862\" data-end=\"898\"><strong data-start=\"862\" data-end=\"898\">Funktioner i Raghads lyxiga hirs maamoul:<\/strong><\/p>\n<ul data-start=\"900\" data-end=\"1143\">\n<li class=\"\" data-start=\"900\" data-end=\"937\">\n<p class=\"\" data-start=\"902\" data-end=\"937\"><strong data-start=\"902\" data-end=\"935\">Tillverkad av hirsemj\u00f6l av h\u00f6g kvalitet<\/strong><\/p>\n<\/li>\n<li class=\"\" data-start=\"938\" data-end=\"975\">\n<p class=\"\" data-start=\"940\" data-end=\"975\"><strong data-start=\"940\" data-end=\"973\">Rik smak och krispig konsistens som sm\u00e4lter i munnen<\/strong><\/p>\n<\/li>\n<li class=\"\" data-start=\"976\" data-end=\"1029\">\n<p class=\"\" data-start=\"978\" data-end=\"1029\"><strong data-start=\"978\" data-end=\"1027\">H\u00f6gt n\u00e4ringsv\u00e4rde tack vare fiber- och mineralinneh\u00e5ll<\/strong><\/p>\n<\/li>\n<li class=\"\" data-start=\"1030\" data-end=\"1086\">\n<p class=\"\" data-start=\"1032\" data-end=\"1086\"><strong data-start=\"1032\" data-end=\"1084\">Perfekt att bjuda p\u00e5 eller som en l\u00e4tt dessert till kaffe eller te<\/strong><\/p>\n<\/li>\n<li class=\"\" data-start=\"1087\" data-end=\"1143\">\n<p class=\"\" data-start=\"1089\" data-end=\"1143\"><strong data-start=\"1089\" data-end=\"1143\">En p\u00e5litlig produkt fr\u00e5n varum\u00e4rket Raghad som \u00e4r k\u00e4nt f\u00f6r sina autentiska traditioner<\/strong><\/p>\n<\/li>\n<\/ul>\n<p class=\"\" data-start=\"1145\" data-end=\"1295\"><strong data-start=\"1145\" data-end=\"1165\">F\u00f6rvaringsanvisningar:<\/strong><br data-start=\"1165\" data-end=\"1168\" \/>F\u00f6rvara p\u00e5 en sval, torr plats, skyddad fr\u00e5n fukt och direkt solljus.<br data-start=\"1232\" data-end=\"1235\" \/>B\u00e4st att konsumera inom h\u00e5llbarhetstiden f\u00f6r att bevara smak och kvalitet.<\/p>\n<p class=\"\" data-start=\"1297\" data-end=\"1383\"><strong data-start=\"1297\" data-end=\"1383\">V\u00e4lj kvalitet och n\u00e4ringsbalans, och best\u00e4ll Raghads premium hirs maamoul nu p\u00e5 Sanabel.<\/strong><\/p>","protected":false},"excerpt":{"rendered":"<p class=\"\" data-start=\"211\" data-end=\"494\">Uppt\u00e4ck smaken av \u00e4kthet med Raghads premium hirs maamoul, gjord av hirs mj\u00f6l, k\u00e4nd f\u00f6r sitt h\u00f6ga n\u00e4ringsv\u00e4rde och distinkta konsistens.<br data-start=\"327\" data-end=\"330\" \/>Denna maamoul har en balanserad smak och en krispig konsistens och kombinerar enkla ingredienser med en rik smak, perfekt f\u00f6r dem som letar efter h\u00e4lsosamma alternativ i den orientaliska dessertv\u00e4rlden.<\/p>\n<p class=\"\" data-start=\"496\" data-end=\"628\">","protected":false},"featured_media":49956,"template":"","meta":[],"product_brand":[],"product_cat":[221,309],"product_tag":[],"class_list":{"0":"post-49955","1":"product","2":"type-product","3":"status-publish","4":"has-post-thumbnail","6":"product_cat-221","7":"product_cat-309","9":"first","10":"outofstock","11":"taxable","12":"shipping-taxable","13":"purchasable","14":"product-type-simple"},"_links":{"self":[{"href":"https:\/\/senabel.com\/sv\/wp-json\/wp\/v2\/product\/49955","targetHints":{"allow":["GET"]}}],"collection":[{"href":"https:\/\/senabel.com\/sv\/wp-json\/wp\/v2\/product"}],"about":[{"href":"https:\/\/senabel.com\/sv\/wp-json\/wp\/v2\/types\/product"}],"version-history":[{"count":3,"href":"https:\/\/senabel.com\/sv\/wp-json\/wp\/v2\/product\/49955\/revisions"}],"predecessor-version":[{"id":52003,"href":"https:\/\/senabel.com\/sv\/wp-json\/wp\/v2\/product\/49955\/revisions\/52003"}],"wp:featuredmedia":[{"embeddable":true,"href":"https:\/\/senabel.com\/sv\/wp-json\/wp\/v2\/media\/49956"}],"wp:attachment":[{"href":"https:\/\/senabel.com\/sv\/wp-json\/wp\/v2\/media?parent=49955"}],"wp:term":[{"taxonomy":"product_brand","embeddable":true,"href":"https:\/\/senabel.com\/sv\/wp-json\/wp\/v2\/product_brand?post=49955"},{"taxonomy":"product_cat","embeddable":true,"href":"https:\/\/senabel.com\/sv\/wp-json\/wp\/v2\/product_cat?post=49955"},{"taxonomy":"product_tag","embeddable":true,"href":"https:\/\/senabel.com\/sv\/wp-json\/wp\/v2\/product_tag?post=49955"}],"curies":[{"name":"wp","href":"https:\/\/api.w.org\/{rel}","templated":true}]}}