{"id":49908,"date":"2025-04-04T17:08:09","date_gmt":"2025-04-04T17:08:09","guid":{"rendered":"https:\/\/senabel.com\/?post_type=product&#038;p=49908"},"modified":"2025-11-04T14:20:27","modified_gmt":"2025-11-04T14:20:27","slug":"raghad-maamoul-400-g","status":"publish","type":"product","link":"https:\/\/senabel.com\/sv\/product\/raghad-maamoul-400g\/","title":{"rendered":"Raghad Kalija med n\u00f6tter och svarta n\u00f6tter Maamoul 400g"},"content":{"rendered":"<p class=\"\" data-start=\"133\" data-end=\"211\"><strong data-start=\"133\" data-end=\"211\">Maamoul Kalija med n\u00f6tter, sesam och svart fr\u00f6 - en autentisk smak med en n\u00e4ringsrik twist<\/strong><\/p>\n<p class=\"\" data-start=\"213\" data-end=\"504\">Njut av smaken av det autentiska arabiska arvet med Maamoul Kuleija, fylld med fylliga n\u00f6tter och toppad med ett uts\u00f6kt lager av sesam och svartfr\u00f6, fr\u00e5n Raghad, k\u00e4nd f\u00f6r sin h\u00f6ga kvalitet.<br data-start=\"378\" data-end=\"381\" \/>Denna maamoul kombinerar en krispig konsistens med en rik smak och \u00e4r perfekt f\u00f6r dem som \u00e4lskar orientaliska desserter som kombinerar smak och n\u00e4rings\u00e4mnen.<\/p>\n<p class=\"\" data-start=\"506\" data-end=\"730\">Olika n\u00f6tter ger en touch av krispighet och smak, medan sesam och svart fr\u00f6 ger n\u00e4ringsm\u00e4ssiga f\u00f6rdelar, vilket g\u00f6r denna maamoul inte bara uts\u00f6kt, utan ocks\u00e5 ett smart val f\u00f6r g\u00e4stfrihet eller att njuta av med kaffe eller te n\u00e4r som helst.<\/p>\n<p class=\"\" data-start=\"732\" data-end=\"750\"><strong data-start=\"732\" data-end=\"750\">Produktinformation:<\/strong><\/p>\n<ul data-start=\"752\" data-end=\"960\">\n<li class=\"\" data-start=\"752\" data-end=\"771\">\n<p class=\"\" data-start=\"754\" data-end=\"771\">Vikt: 400 gram<\/p>\n<\/li>\n<li class=\"\" data-start=\"772\" data-end=\"855\">\n<p class=\"\" data-start=\"774\" data-end=\"855\">Ingredienser: Mj\u00f6l, blandade n\u00f6tter, ghee, socker, mj\u00f6lkpulver, sesam, sesamfr\u00f6n, svarta b\u00f6nor, speciella kryddor<\/p>\n<\/li>\n<li class=\"\" data-start=\"856\" data-end=\"907\">\n<p class=\"\" data-start=\"858\" data-end=\"907\">Hemlagad: Raghad - ett varum\u00e4rke k\u00e4nt f\u00f6r kvalitet och autentisk smak<\/p>\n<\/li>\n<li class=\"\" data-start=\"908\" data-end=\"960\">\n<p class=\"\" data-start=\"910\" data-end=\"960\">F\u00f6rpackningar: Luftt\u00e4ta f\u00f6rpackningar som bevarar smak och f\u00e4rskhet<\/p>\n<\/li>\n<\/ul>\n<p class=\"\" data-start=\"962\" data-end=\"993\"><strong data-start=\"962\" data-end=\"993\">Egenskaper hos Raghads Kuleija Maamoul:<\/strong><\/p>\n<ul data-start=\"995\" data-end=\"1216\">\n<li class=\"\" data-start=\"995\" data-end=\"1037\">\n<p class=\"\" data-start=\"997\" data-end=\"1037\"><strong data-start=\"997\" data-end=\"1035\">Traditionell smak med noggrant utvalda ingredienser<\/strong><\/p>\n<\/li>\n<li class=\"\" data-start=\"1038\" data-end=\"1070\">\n<p class=\"\" data-start=\"1040\" data-end=\"1070\"><strong data-start=\"1040\" data-end=\"1068\">L\u00e4cker och m\u00e4ttande n\u00f6tfyllning<\/strong><\/p>\n<\/li>\n<li class=\"\" data-start=\"1071\" data-end=\"1129\">\n<p class=\"\" data-start=\"1073\" data-end=\"1129\"><strong data-start=\"1073\" data-end=\"1127\">Inneh\u00e5ller svart fr\u00f6 och sesam f\u00f6r extra h\u00e4lsof\u00f6rdelar<\/strong><\/p>\n<\/li>\n<li class=\"\" data-start=\"1130\" data-end=\"1171\">\n<p class=\"\" data-start=\"1132\" data-end=\"1171\"><strong data-start=\"1132\" data-end=\"1169\">Perfekt f\u00f6r representation, evenemang och h\u00f6gtider<\/strong><\/p>\n<\/li>\n<li class=\"\" data-start=\"1172\" data-end=\"1216\">\n<p class=\"\" data-start=\"1174\" data-end=\"1216\"><strong data-start=\"1174\" data-end=\"1216\">En kvalitetsprodukt fr\u00e5n det v\u00e4lk\u00e4nda varum\u00e4rket Raghad<\/strong><\/p>\n<\/li>\n<\/ul>\n<p class=\"\" data-start=\"1218\" data-end=\"1352\"><strong data-start=\"1218\" data-end=\"1238\">F\u00f6rvaringsanvisningar:<\/strong><br data-start=\"1238\" data-end=\"1241\" \/>F\u00f6rvara p\u00e5 en sval, torr plats, borta fr\u00e5n fukt och direkt v\u00e4rme.<br data-start=\"1302\" data-end=\"1305\" \/>Konsumera inom h\u00e5llbarhetstiden f\u00f6r att s\u00e4kerst\u00e4lla optimal smak.<\/p>\n<p class=\"\" data-start=\"1354\" data-end=\"1462\"><strong data-start=\"1354\" data-end=\"1462\">Njut av smaken av en traditionell kuleleh med n\u00e4ringsrika ingredienser och en lyxig k\u00e4nsla, best\u00e4ll Raghads kuleleh maamoul nu - hos Sanabel.<\/strong><\/p>","protected":false},"excerpt":{"rendered":"<p class=\"\" data-start=\"213\" data-end=\"504\">Njut av smaken av det autentiska arabiska arvet med Maamoul Kuleija, fylld med fylliga n\u00f6tter och toppad med ett uts\u00f6kt lager av sesam och svartfr\u00f6, fr\u00e5n Raghad, k\u00e4nd f\u00f6r sin h\u00f6ga kvalitet.<br data-start=\"378\" data-end=\"381\" \/>Denna maamoul kombinerar en krispig konsistens med en rik smak och \u00e4r perfekt f\u00f6r dem som \u00e4lskar orientaliska desserter som kombinerar smak och n\u00e4rings\u00e4mnen.<\/p>\n<p class=\"\" data-start=\"506\" data-end=\"730\">Olika n\u00f6tter ger en touch av krispighet och smak, medan sesam och svart fr\u00f6 ger n\u00e4ringsm\u00e4ssiga f\u00f6rdelar, vilket g\u00f6r denna maamoul inte bara uts\u00f6kt, utan ocks\u00e5 ett smart val f\u00f6r g\u00e4stfrihet eller att njuta av med kaffe eller te n\u00e4r som helst.<\/p>\n<p class=\"\" data-start=\"732\" data-end=\"750\">","protected":false},"featured_media":49909,"template":"","meta":[],"product_brand":[],"product_cat":[220,221,309],"product_tag":[],"class_list":{"0":"post-49908","1":"product","2":"type-product","3":"status-publish","4":"has-post-thumbnail","6":"product_cat-220","7":"product_cat-221","8":"product_cat-309","10":"first","11":"outofstock","12":"taxable","13":"shipping-taxable","14":"purchasable","15":"product-type-simple"},"_links":{"self":[{"href":"https:\/\/senabel.com\/sv\/wp-json\/wp\/v2\/product\/49908","targetHints":{"allow":["GET"]}}],"collection":[{"href":"https:\/\/senabel.com\/sv\/wp-json\/wp\/v2\/product"}],"about":[{"href":"https:\/\/senabel.com\/sv\/wp-json\/wp\/v2\/types\/product"}],"version-history":[{"count":3,"href":"https:\/\/senabel.com\/sv\/wp-json\/wp\/v2\/product\/49908\/revisions"}],"predecessor-version":[{"id":55875,"href":"https:\/\/senabel.com\/sv\/wp-json\/wp\/v2\/product\/49908\/revisions\/55875"}],"wp:featuredmedia":[{"embeddable":true,"href":"https:\/\/senabel.com\/sv\/wp-json\/wp\/v2\/media\/49909"}],"wp:attachment":[{"href":"https:\/\/senabel.com\/sv\/wp-json\/wp\/v2\/media?parent=49908"}],"wp:term":[{"taxonomy":"product_brand","embeddable":true,"href":"https:\/\/senabel.com\/sv\/wp-json\/wp\/v2\/product_brand?post=49908"},{"taxonomy":"product_cat","embeddable":true,"href":"https:\/\/senabel.com\/sv\/wp-json\/wp\/v2\/product_cat?post=49908"},{"taxonomy":"product_tag","embeddable":true,"href":"https:\/\/senabel.com\/sv\/wp-json\/wp\/v2\/product_tag?post=49908"}],"curies":[{"name":"wp","href":"https:\/\/api.w.org\/{rel}","templated":true}]}}