{"id":49890,"date":"2025-04-05T10:12:50","date_gmt":"2025-04-05T10:12:50","guid":{"rendered":"https:\/\/senabel.com\/?post_type=product&#038;p=49890"},"modified":"2026-02-11T13:53:10","modified_gmt":"2026-02-11T13:53:10","slug":"mild-naturlig-duschgel-med-mandeldoft","status":"publish","type":"product","link":"https:\/\/senabel.com\/sv\/product\/gentle-natural-shower-gel-with-almond-scent\/","title":{"rendered":"Mild naturlig duschgel med doft av mandel"},"content":{"rendered":"<p class=\"\" data-start=\"145\" data-end=\"215\"><strong data-start=\"145\" data-end=\"215\">Mild ekologisk duschgel med mandeldoft - naturlig mjukhet f\u00f6r hela familjen<\/strong><\/p>\n<p class=\"\" data-start=\"217\" data-end=\"511\">B\u00f6rja dagen fr\u00e4sch och bekv\u00e4m med Propolias milda ekologiska duschgel, utformad f\u00f6r att ge din hud en mild reng\u00f6ring utan att st\u00f6ra dess naturliga balans.<br data-start=\"348\" data-end=\"351\" \/>Den l\u00e4tta, irritationsfria formulan kombinerar naturligt honungsextrakt, aloe vera och mandelmj\u00f6lk f\u00f6r att f\u00e5 huden att k\u00e4nnas ren, \u00e5terfuktad och fri fr\u00e5n torrhet och stramhet.<\/p>\n<p class=\"\" data-start=\"513\" data-end=\"771\">Denna duschgel \u00e4r ekologiskt certifierad, dermatologiskt testad och utformad f\u00f6r att minimera sannolikheten f\u00f6r allergiska reaktioner, vilket g\u00f6r den l\u00e4mplig \u00e4ven f\u00f6r k\u00e4nslig hud.<br data-start=\"649\" data-end=\"652\" \/>Med sin lugnande mandelinspirerade doft kommer den att ge en touch av v\u00e4rme och mysighet till vardagliga badstunder f\u00f6r hela familjen.<\/p>\n<p class=\"\" data-start=\"773\" data-end=\"791\"><strong data-start=\"773\" data-end=\"791\">Produktinformation:<\/strong><\/p>\n<ul data-start=\"793\" data-end=\"1104\">\n<li class=\"\" data-start=\"793\" data-end=\"810\">\n<p class=\"\" data-start=\"795\" data-end=\"810\">Storlek: 200ml<\/p>\n<\/li>\n<li class=\"\" data-start=\"811\" data-end=\"851\">\n<p class=\"\" data-start=\"813\" data-end=\"851\">F\u00f6rpackningen: Flaska med pump f\u00f6r enkel anv\u00e4ndning<\/p>\n<\/li>\n<li class=\"\" data-start=\"852\" data-end=\"883\">\n<p class=\"\" data-start=\"854\" data-end=\"883\">Procentandel naturliga ingredienser: 99%<\/p>\n<\/li>\n<li class=\"\" data-start=\"884\" data-end=\"934\">\n<p class=\"\" data-start=\"886\" data-end=\"934\">Andel v\u00e4xtingredienser fr\u00e5n ekologiskt jordbruk: 99%<\/p>\n<\/li>\n<li class=\"\" data-start=\"935\" data-end=\"984\">\n<p class=\"\" data-start=\"937\" data-end=\"984\">Procentandel av hela ingredienser fr\u00e5n ekologisk odling: 16%<\/p>\n<\/li>\n<li class=\"\" data-start=\"985\" data-end=\"1104\">\n<p class=\"\" data-start=\"987\" data-end=\"1104\">Huvudingredienser: Bittert apelsinblomsvatten, aloe vera-juice, naturlig honung, mandelmj\u00f6lk, aprikosk\u00e4rnolja, riskli-extrakt<\/p>\n<\/li>\n<\/ul>\n<p class=\"\" data-start=\"1106\" data-end=\"1145\"><strong data-start=\"1106\" data-end=\"1145\">Egenskaper f\u00f6r Snapple Organic Shower Gel:<\/strong><\/p>\n<ul data-start=\"1147\" data-end=\"1482\">\n<li class=\"\" data-start=\"1147\" data-end=\"1228\">\n<p class=\"\" data-start=\"1149\" data-end=\"1228\"><strong data-start=\"1149\" data-end=\"1169\">Skonsam mot huden:<\/strong> Formulerad utan sulfater (SLS-fri) och starka ingredienser.<\/p>\n<\/li>\n<li class=\"\" data-start=\"1229\" data-end=\"1289\">\n<p class=\"\" data-start=\"1231\" data-end=\"1289\"><strong data-start=\"1231\" data-end=\"1247\">Naturlig \u00e5terfuktning:<\/strong> Tack vare kombinationen av aloe vera, honung och mandelmj\u00f6lk.<\/p>\n<\/li>\n<li class=\"\" data-start=\"1290\" data-end=\"1355\">\n<p class=\"\" data-start=\"1292\" data-end=\"1355\"><strong data-start=\"1292\" data-end=\"1315\">Len och fr\u00e4sch doft:<\/strong> En varm touch av mandel som h\u00e5ller i sig efter anv\u00e4ndning.<\/p>\n<\/li>\n<li class=\"\" data-start=\"1356\" data-end=\"1416\">\n<p class=\"\" data-start=\"1358\" data-end=\"1416\"><strong data-start=\"1358\" data-end=\"1387\">Passar f\u00f6r hela familjen:<\/strong> \u00c4ven f\u00f6r dem med k\u00e4nslig hud.<\/p>\n<\/li>\n<li class=\"\" data-start=\"1417\" data-end=\"1482\">\n<p class=\"\" data-start=\"1419\" data-end=\"1482\"><strong data-start=\"1419\" data-end=\"1443\">Naturlig och s\u00e4ker formula:<\/strong> Utvecklad f\u00f6r att minimera risken f\u00f6r hudsensibilisering.<\/p>\n<\/li>\n<\/ul>\n<p class=\"\" data-start=\"1484\" data-end=\"1620\"><strong data-start=\"1484\" data-end=\"1506\">Instruktioner f\u00f6r anv\u00e4ndning:<\/strong><br data-start=\"1506\" data-end=\"1509\" \/>Applicera en l\u00e4mplig m\u00e4ngd p\u00e5 fuktig hud, massera f\u00f6rsiktigt tills ett mjukt l\u00f6dder bildas och sk\u00f6lj sedan noggrant med vatten. L\u00e4mplig f\u00f6r daglig anv\u00e4ndning.<\/p>\n<p class=\"\" data-start=\"1622\" data-end=\"1700\"><strong data-start=\"1622\" data-end=\"1642\">F\u00f6rvaringsanvisningar:<\/strong><br data-start=\"1642\" data-end=\"1645\" \/>F\u00f6rvara p\u00e5 en sval, torr plats, borta fr\u00e5n direkt solljus.<\/p>\n<p class=\"\" data-start=\"1702\" data-end=\"1820\"><strong data-start=\"1702\" data-end=\"1820\">G\u00f6r din dagliga dusch till en stund av naturlig v\u00e5rd och komfort, och best\u00e4ll din Gentle Organic Shower Gel fr\u00e5n Snapple nu.<\/strong><\/p>","protected":false},"excerpt":{"rendered":"<p class=\"\" data-start=\"217\" data-end=\"511\">B\u00f6rja dagen fr\u00e4sch och bekv\u00e4m med Propolias milda ekologiska duschgel, utformad f\u00f6r att ge din hud en mild reng\u00f6ring utan att st\u00f6ra dess naturliga balans.<br data-start=\"348\" data-end=\"351\" \/>Den l\u00e4tta, irritationsfria formulan kombinerar naturligt honungsextrakt, aloe vera och mandelmj\u00f6lk f\u00f6r att f\u00e5 huden att k\u00e4nnas ren, \u00e5terfuktad och fri fr\u00e5n torrhet och stramhet.<\/p>\n<p class=\"\" data-start=\"513\" data-end=\"771\">Denna duschgel \u00e4r ekologiskt certifierad, dermatologiskt testad och utformad f\u00f6r att minimera sannolikheten f\u00f6r allergiska reaktioner, vilket g\u00f6r den l\u00e4mplig \u00e4ven f\u00f6r k\u00e4nslig hud.<br data-start=\"649\" data-end=\"652\" \/>Med sin lugnande mandelinspirerade doft kommer den att ge en touch av v\u00e4rme och mysighet till vardagliga badstunder f\u00f6r hela familjen.<\/p>\n<p class=\"\" data-start=\"773\" data-end=\"791\">","protected":false},"featured_media":49892,"template":"","meta":[],"product_brand":[],"product_cat":[369,347],"product_tag":[],"class_list":{"0":"post-49890","1":"product","2":"type-product","3":"status-publish","4":"has-post-thumbnail","6":"product_cat-369","7":"product_cat-347","9":"first","10":"outofstock","11":"taxable","12":"shipping-taxable","13":"purchasable","14":"product-type-simple"},"_links":{"self":[{"href":"https:\/\/senabel.com\/sv\/wp-json\/wp\/v2\/product\/49890","targetHints":{"allow":["GET"]}}],"collection":[{"href":"https:\/\/senabel.com\/sv\/wp-json\/wp\/v2\/product"}],"about":[{"href":"https:\/\/senabel.com\/sv\/wp-json\/wp\/v2\/types\/product"}],"version-history":[{"count":3,"href":"https:\/\/senabel.com\/sv\/wp-json\/wp\/v2\/product\/49890\/revisions"}],"predecessor-version":[{"id":49941,"href":"https:\/\/senabel.com\/sv\/wp-json\/wp\/v2\/product\/49890\/revisions\/49941"}],"wp:featuredmedia":[{"embeddable":true,"href":"https:\/\/senabel.com\/sv\/wp-json\/wp\/v2\/media\/49892"}],"wp:attachment":[{"href":"https:\/\/senabel.com\/sv\/wp-json\/wp\/v2\/media?parent=49890"}],"wp:term":[{"taxonomy":"product_brand","embeddable":true,"href":"https:\/\/senabel.com\/sv\/wp-json\/wp\/v2\/product_brand?post=49890"},{"taxonomy":"product_cat","embeddable":true,"href":"https:\/\/senabel.com\/sv\/wp-json\/wp\/v2\/product_cat?post=49890"},{"taxonomy":"product_tag","embeddable":true,"href":"https:\/\/senabel.com\/sv\/wp-json\/wp\/v2\/product_tag?post=49890"}],"curies":[{"name":"wp","href":"https:\/\/api.w.org\/{rel}","templated":true}]}}