{"id":49887,"date":"2025-04-05T10:11:30","date_gmt":"2025-04-05T10:11:30","guid":{"rendered":"https:\/\/senabel.com\/?post_type=product&#038;p=49887"},"modified":"2025-05-23T07:56:27","modified_gmt":"2025-05-23T07:56:27","slug":"naturligt-harbalsam-med-honung-och-arganolja","status":"publish","type":"product","link":"https:\/\/senabel.com\/sv\/product\/natural-hair-conditioner-with-honey-and-argan-oil\/","title":{"rendered":"Naturligt h\u00e5rbalsam med honung och arganolja"},"content":{"rendered":"<p class=\"\" data-start=\"97\" data-end=\"179\"><strong data-start=\"97\" data-end=\"179\">Ekologiskt h\u00e5rbalsam med honung och arganolja - naturlig mjukhet och h\u00e4lsosam glans fr\u00e5n f\u00f6rsta anv\u00e4ndningstillf\u00e4llet<\/strong><\/p>\n<p class=\"\" data-start=\"181\" data-end=\"476\">S\u00e4g adj\u00f6 till tovor och sv\u00e5rkammat h\u00e5r med Propolias Organic Hair Conditioner, som \u00e4r noggrant formulerat f\u00f6r att g\u00f6ra ditt h\u00e5r exceptionellt mjukt och \u00e5terfuktat.<br data-start=\"297\" data-end=\"300\" \/>Den naturliga formulan kombinerar ekologisk arganolja, v\u00e5rdande honung och f\u00f6rst\u00e4rkta veteproteiner f\u00f6r att st\u00e4rka str\u00e5na och f\u00f6rb\u00e4ttra elasticiteten, vilket g\u00f6r h\u00e5ret l\u00e4ttare att kamma och ger det en naturlig glans och glamour.<\/p>\n<p class=\"\" data-start=\"478\" data-end=\"659\">Balsamet \u00e4r l\u00e4tt och l\u00e4ttabsorberat och avger en mjuk, s\u00f6t doft som l\u00e4mnar h\u00e5ret med en fr\u00e4sch, l\u00e5ngvarig doft. L\u00e4mplig f\u00f6r alla h\u00e5rtyper, s\u00e4rskilt torrt och trassligt h\u00e5r, och dermatologiskt testad.<\/p>\n<p class=\"\" data-start=\"661\" data-end=\"679\"><strong data-start=\"661\" data-end=\"679\">Produktinformation:<\/strong><\/p>\n<ul data-start=\"681\" data-end=\"900\">\n<li class=\"\" data-start=\"681\" data-end=\"698\">\n<p class=\"\" data-start=\"683\" data-end=\"698\">Storlek: 150 ml<\/p>\n<\/li>\n<li class=\"\" data-start=\"699\" data-end=\"730\">\n<p class=\"\" data-start=\"701\" data-end=\"730\">Sammans\u00e4ttning: 98% Naturliga ingredienser<\/p>\n<\/li>\n<li class=\"\" data-start=\"731\" data-end=\"780\">\n<p class=\"\" data-start=\"733\" data-end=\"780\">Procentandel ekologiska ingredienser: 25% fr\u00e5n ekologisk odling<\/p>\n<\/li>\n<li class=\"\" data-start=\"781\" data-end=\"900\">\n<p class=\"\" data-start=\"783\" data-end=\"900\">Aktiva ingredienser: Arganolja, naturlig honung, kokosolja, aloe vera-juice, veteproteiner, solrosolja, vitamin E<\/p>\n<\/li>\n<\/ul>\n<p class=\"\" data-start=\"902\" data-end=\"939\"><strong data-start=\"902\" data-end=\"939\">Egenskaper f\u00f6r Sanabel Organic Hair Conditioner:<\/strong><\/p>\n<ul data-start=\"941\" data-end=\"1258\">\n<li class=\"\" data-start=\"941\" data-end=\"1002\">\n<p class=\"\" data-start=\"943\" data-end=\"1002\"><strong data-start=\"943\" data-end=\"966\">Mjukg\u00f6r h\u00e5ret p\u00e5 ett effektivt s\u00e4tt:<\/strong> Tack vare naturliga proteiner och oljor.<\/p>\n<\/li>\n<li class=\"\" data-start=\"1003\" data-end=\"1060\">\n<p class=\"\" data-start=\"1005\" data-end=\"1060\"><strong data-start=\"1005\" data-end=\"1028\">G\u00e5r l\u00e4tt att reda ut:<\/strong> Ingen mer sm\u00e4rta vid kamning.<\/p>\n<\/li>\n<li class=\"\" data-start=\"1061\" data-end=\"1127\">\n<p class=\"\" data-start=\"1063\" data-end=\"1127\"><strong data-start=\"1063\" data-end=\"1093\">Ger ditt h\u00e5r glans och vitalitet:<\/strong> En h\u00e4lsosam look fr\u00e5n rot till topp.<\/p>\n<\/li>\n<li class=\"\" data-start=\"1128\" data-end=\"1185\">\n<p class=\"\" data-start=\"1130\" data-end=\"1185\"><strong data-start=\"1130\" data-end=\"1152\">Attraktiv doft:<\/strong> En mjuk k\u00e4nsla som h\u00e5ller i sig efter anv\u00e4ndning.<\/p>\n<\/li>\n<li class=\"\" data-start=\"1186\" data-end=\"1258\">\n<p class=\"\" data-start=\"1188\" data-end=\"1258\"><strong data-start=\"1188\" data-end=\"1212\">Naturlig och s\u00e4ker formula:<\/strong> Fri fr\u00e5n silikoner och starka kemikalier.<\/p>\n<\/li>\n<\/ul>\n<p class=\"\" data-start=\"1260\" data-end=\"1435\"><strong data-start=\"1260\" data-end=\"1282\">Instruktioner f\u00f6r anv\u00e4ndning:<\/strong><br data-start=\"1282\" data-end=\"1285\" \/>Efter schamponering, applicera en l\u00e4mplig m\u00e4ngd balsam i fuktigt h\u00e5r, massera f\u00f6rsiktigt fr\u00e5n rot till topp och l\u00e5t verka i 2-3 minuter innan du sk\u00f6ljer noggrant med vatten.<\/p>\n<p class=\"\" data-start=\"1437\" data-end=\"1515\"><strong data-start=\"1437\" data-end=\"1457\">F\u00f6rvaringsanvisningar:<\/strong><br data-start=\"1457\" data-end=\"1460\" \/>F\u00f6rvara p\u00e5 en sval, torr plats, borta fr\u00e5n direkt solljus.<\/p>\n<p class=\"\" data-start=\"1517\" data-end=\"1652\"><strong data-start=\"1517\" data-end=\"1652\">Sk\u00e4m bort ditt h\u00e5r med den v\u00e5rd det f\u00f6rtj\u00e4nar och best\u00e4ll ditt ekologiska h\u00e5rbalsam fr\u00e5n Sanabel f\u00f6r att h\u00e5lla ditt h\u00e5r mjukt, friskt och fullt av naturlig sk\u00f6nhet.<\/strong><\/p>","protected":false},"excerpt":{"rendered":"<p class=\"\" data-start=\"181\" data-end=\"476\">S\u00e4g adj\u00f6 till tovor och sv\u00e5rkammat h\u00e5r med Propolias Organic Hair Conditioner, som \u00e4r noggrant formulerat f\u00f6r att g\u00f6ra ditt h\u00e5r exceptionellt mjukt och \u00e5terfuktat.<br data-start=\"297\" data-end=\"300\" \/>Den naturliga formulan kombinerar ekologisk arganolja, v\u00e5rdande honung och f\u00f6rst\u00e4rkta veteproteiner f\u00f6r att st\u00e4rka str\u00e5na och f\u00f6rb\u00e4ttra elasticiteten, vilket g\u00f6r h\u00e5ret l\u00e4ttare att kamma och ger det en naturlig glans och glamour.<\/p>\n<p class=\"\" data-start=\"478\" data-end=\"659\">Balsamet \u00e4r l\u00e4tt och l\u00e4ttabsorberat och avger en mjuk, s\u00f6t doft som l\u00e4mnar h\u00e5ret med en fr\u00e4sch, l\u00e5ngvarig doft. L\u00e4mplig f\u00f6r alla h\u00e5rtyper, s\u00e4rskilt torrt och trassligt h\u00e5r, och dermatologiskt testad.<\/p>\n<p class=\"\" data-start=\"661\" data-end=\"679\">","protected":false},"featured_media":49888,"template":"","meta":[],"product_brand":[],"product_cat":[369,347],"product_tag":[],"class_list":{"0":"post-49887","1":"product","2":"type-product","3":"status-publish","4":"has-post-thumbnail","6":"product_cat-369","7":"product_cat-347","9":"first","10":"outofstock","11":"taxable","12":"shipping-taxable","13":"purchasable","14":"product-type-simple"},"_links":{"self":[{"href":"https:\/\/senabel.com\/sv\/wp-json\/wp\/v2\/product\/49887","targetHints":{"allow":["GET"]}}],"collection":[{"href":"https:\/\/senabel.com\/sv\/wp-json\/wp\/v2\/product"}],"about":[{"href":"https:\/\/senabel.com\/sv\/wp-json\/wp\/v2\/types\/product"}],"version-history":[{"count":4,"href":"https:\/\/senabel.com\/sv\/wp-json\/wp\/v2\/product\/49887\/revisions"}],"predecessor-version":[{"id":50587,"href":"https:\/\/senabel.com\/sv\/wp-json\/wp\/v2\/product\/49887\/revisions\/50587"}],"wp:featuredmedia":[{"embeddable":true,"href":"https:\/\/senabel.com\/sv\/wp-json\/wp\/v2\/media\/49888"}],"wp:attachment":[{"href":"https:\/\/senabel.com\/sv\/wp-json\/wp\/v2\/media?parent=49887"}],"wp:term":[{"taxonomy":"product_brand","embeddable":true,"href":"https:\/\/senabel.com\/sv\/wp-json\/wp\/v2\/product_brand?post=49887"},{"taxonomy":"product_cat","embeddable":true,"href":"https:\/\/senabel.com\/sv\/wp-json\/wp\/v2\/product_cat?post=49887"},{"taxonomy":"product_tag","embeddable":true,"href":"https:\/\/senabel.com\/sv\/wp-json\/wp\/v2\/product_tag?post=49887"}],"curies":[{"name":"wp","href":"https:\/\/api.w.org\/{rel}","templated":true}]}}