{"id":49879,"date":"2025-04-05T10:06:23","date_gmt":"2025-04-05T10:06:23","guid":{"rendered":"https:\/\/senabel.com\/?post_type=product&#038;p=49879"},"modified":"2026-02-11T13:53:28","modified_gmt":"2026-02-11T13:53:28","slug":"naturlig-handkram-med-honung-och-bivax","status":"publish","type":"product","link":"https:\/\/senabel.com\/sv\/product\/natural-hand-cream-with-honey-and-beeswax\/","title":{"rendered":"Naturlig handkr\u00e4m med honung och bivax"},"content":{"rendered":"<p class=\"\" data-start=\"106\" data-end=\"715\"><strong data-start=\"106\" data-end=\"213\">Sk\u00e4m bort dina h\u00e4nder med v\u00e5r ekologiska handkr\u00e4m, naturligt formulerad f\u00f6r att \u00e5terfukta och skydda med en fr\u00e4sch citrusdoft.<\/strong><br data-start=\"213\" data-end=\"216\" \/>Med en kraftfull blandning av naturlig honung, bivax och ringblomma l\u00e4mnar denna kr\u00e4m dina h\u00e4nder mjuka och \u00e5terfuktade och enligt m\u00e5nga kunder bidrar den till att st\u00e4rka och stimulera nageltillv\u00e4xten. Naturligt lavendelvatten blandas med n\u00e4rande v\u00e4xtoljor som olivolja, solrosolja och pepparmyntsolja f\u00f6r djup \u00e5terfuktning och en l\u00e5ngvarig k\u00e4nsla av fr\u00e4sch\u00f6r. Snapple Organic Hand Cream \u00e4r ekologiskt certifierad, tillverkad av 99% naturliga ingredienser, varav 20% kommer fr\u00e5n ekologiskt jordbruk, och dermatologiskt testad f\u00f6r att passa alla hudtyper.<\/p>\n<p class=\"\" data-start=\"717\" data-end=\"934\">Levereras i en snygg 75 ml flaska, l\u00e4tt att anv\u00e4nda och l\u00e4tt att b\u00e4ra med sig. Perfekt f\u00f6r att \u00e5terfukta h\u00e4nderna i kallt v\u00e4der eller efter l\u00e5ngvarig exponering f\u00f6r vatten. Den l\u00e4tta, snabbabsorberande formulan l\u00e4mnar inga feta rester och g\u00f6r dina h\u00e4nder silkeslena vid varje anv\u00e4ndning.<\/p>\n<p class=\"\" data-start=\"936\" data-end=\"1209\"><strong data-start=\"936\" data-end=\"958\">De viktigaste ingredienserna:<\/strong> Vatten, trollhasselvatten, cetearylalkohol, triglycerid, lavendelvatten, glycerin, bivax, naturlig honung, olivolja, grapefruktolja, citronellaolja, pepparmyntsolja, solrosolja, ringblommeextrakt, tokoferol (vitamin E) och naturliga doft\u00e4mnen.<\/p>\n<p class=\"\" data-start=\"1211\" data-end=\"1328\"><strong data-start=\"1211\" data-end=\"1233\">Instruktioner f\u00f6r anv\u00e4ndning:<\/strong><br data-start=\"1233\" data-end=\"1236\" \/>Applicera en l\u00e4mplig m\u00e4ngd kr\u00e4m p\u00e5 h\u00e4nderna och massera f\u00f6rsiktigt tills den absorberats. Anv\u00e4nd dagligen efter behov.<\/p>\n<p class=\"\" data-start=\"1330\" data-end=\"1407\"><strong data-start=\"1330\" data-end=\"1350\">F\u00f6rvaringsanvisningar:<\/strong><br data-start=\"1350\" data-end=\"1353\" \/>F\u00f6rvaras svalt, torrt och skyddat fr\u00e5n direkt solljus.<\/p>\n<p class=\"\" data-start=\"1409\" data-end=\"1531\"><strong data-start=\"1409\" data-end=\"1531\">K\u00e4nn skillnaden fr\u00e5n f\u00f6rsta g\u00e5ngen du anv\u00e4nder den, best\u00e4ll din ekologiska handkr\u00e4m nu p\u00e5 Sanabel, f\u00f6r en naturlig v\u00e5rd som \u00e5terspeglar renheten i dess ingredienser.<\/strong><\/p>","protected":false},"excerpt":{"rendered":"<p>Med en kraftfull blandning av naturlig honung, bivax och ringblomma l\u00e4mnar denna kr\u00e4m dina h\u00e4nder mjuka och \u00e5terfuktade och enligt m\u00e5nga kunder bidrar den till att st\u00e4rka och stimulera nageltillv\u00e4xten. Naturligt lavendelvatten blandas med n\u00e4rande v\u00e4xtoljor som olivolja, solrosolja och pepparmyntsolja f\u00f6r djup \u00e5terfuktning och en l\u00e5ngvarig k\u00e4nsla av fr\u00e4sch\u00f6r. Snapple Organic Hand Cream \u00e4r ekologiskt certifierad, tillverkad av 99% naturliga ingredienser, varav 20% kommer fr\u00e5n ekologiskt jordbruk, och dermatologiskt testad f\u00f6r att passa alla hudtyper.<\/p>","protected":false},"featured_media":49880,"template":"","meta":[],"product_brand":[],"product_cat":[369,347],"product_tag":[],"class_list":{"0":"post-49879","1":"product","2":"type-product","3":"status-publish","4":"has-post-thumbnail","6":"product_cat-369","7":"product_cat-347","9":"first","10":"outofstock","11":"taxable","12":"shipping-taxable","13":"purchasable","14":"product-type-simple"},"_links":{"self":[{"href":"https:\/\/senabel.com\/sv\/wp-json\/wp\/v2\/product\/49879","targetHints":{"allow":["GET"]}}],"collection":[{"href":"https:\/\/senabel.com\/sv\/wp-json\/wp\/v2\/product"}],"about":[{"href":"https:\/\/senabel.com\/sv\/wp-json\/wp\/v2\/types\/product"}],"version-history":[{"count":1,"href":"https:\/\/senabel.com\/sv\/wp-json\/wp\/v2\/product\/49879\/revisions"}],"predecessor-version":[{"id":49882,"href":"https:\/\/senabel.com\/sv\/wp-json\/wp\/v2\/product\/49879\/revisions\/49882"}],"wp:featuredmedia":[{"embeddable":true,"href":"https:\/\/senabel.com\/sv\/wp-json\/wp\/v2\/media\/49880"}],"wp:attachment":[{"href":"https:\/\/senabel.com\/sv\/wp-json\/wp\/v2\/media?parent=49879"}],"wp:term":[{"taxonomy":"product_brand","embeddable":true,"href":"https:\/\/senabel.com\/sv\/wp-json\/wp\/v2\/product_brand?post=49879"},{"taxonomy":"product_cat","embeddable":true,"href":"https:\/\/senabel.com\/sv\/wp-json\/wp\/v2\/product_cat?post=49879"},{"taxonomy":"product_tag","embeddable":true,"href":"https:\/\/senabel.com\/sv\/wp-json\/wp\/v2\/product_tag?post=49879"}],"curies":[{"name":"wp","href":"https:\/\/api.w.org\/{rel}","templated":true}]}}