{"id":49577,"date":"2025-03-26T15:25:44","date_gmt":"2025-03-26T15:25:44","guid":{"rendered":"https:\/\/senabel.com\/?post_type=product&#038;p=49577"},"modified":"2026-04-27T14:48:22","modified_gmt":"2026-04-27T14:48:22","slug":"mandel-och-fargad-choklad-darajia-500g","status":"publish","type":"product","link":"https:\/\/senabel.com\/sv\/product\/%d8%af%d8%b1%d8%a7%d8%ac%d9%8a%d8%a9-%d8%a8%d8%a7%d9%84%d9%84%d9%88%d8%b2-%d9%88%d8%a7%d9%84%d8%b4%d9%88%d9%83%d9%88%d9%84%d8%a7-%d8%a7%d9%84%d9%85%d9%84%d9%88%d9%86%d8%a9-500%d8%ba\/","title":{"rendered":"Mandel och f\u00e4rgad choklad Darajia 500g"},"content":{"rendered":"<p data-start=\"41\" data-end=\"257\">Denna l\u00e4ckra persikodessert \u00e4r en underbar kombination av mandlar \u00f6verdragna med ett rikt lager av len choklad och toppad med en f\u00e4rgglad sockerskorpa som ger den ett vackert utseende och en oemotst\u00e5ndlig smak. Perfekt att avnjuta till kaffet eller som en lyxig dessert.<\/p>\n<p data-start=\"259\" data-end=\"460\"><strong data-start=\"262\" data-end=\"275\">Funktioner:<\/strong><br data-start=\"275\" data-end=\"278\" \/>\u2714 <strong data-start=\"280\" data-end=\"324\">Rostade mandlar \u00f6verdragna med lager av lyxig choklad<\/strong>.<br data-start=\"325\" data-end=\"328\" \/>\u2714 <strong data-start=\"330\" data-end=\"367\" data-is-only-node=\"\">F\u00e4rgad sockerskorpa ger en uts\u00f6kt krispighet<\/strong>.<br data-start=\"368\" data-end=\"371\" \/>\u2714 <strong data-start=\"373\" data-end=\"412\">En distinkt smak som kombinerar s\u00f6tma och krispighet<\/strong>.<br data-start=\"413\" data-end=\"416\" \/>\u2714 <strong data-start=\"418\" data-end=\"457\">Perfekt f\u00f6r servering vid evenemang och fester<\/strong>.<\/p>\n<p data-start=\"462\" data-end=\"485\"><strong data-start=\"465\" data-end=\"483\">Produktinformation:<\/strong><\/p>\n<ul data-start=\"486\" data-end=\"661\">\n<li data-start=\"486\" data-end=\"521\"><strong data-start=\"488\" data-end=\"498\">Vikt:<\/strong> 500g.<\/li>\n<li data-start=\"522\" data-end=\"585\"><strong data-start=\"524\" data-end=\"537\">Ingredienser:<\/strong> Rostade mandlar, mj\u00f6lkchoklad, socker, naturliga aromer.<\/li>\n<li data-start=\"586\" data-end=\"661\"><strong data-start=\"588\" data-end=\"604\">S\u00e4ttet att spara:<\/strong> F\u00f6rvaras svalt, torrt och skyddat fr\u00e5n direkt solljus.<\/li>\n<\/ul>\n<p data-start=\"663\" data-end=\"725\" data-is-last-node=\"\" data-is-only-node=\"\"><strong data-start=\"666\" data-end=\"725\" data-is-last-node=\"\">Njut av en lyxig choklad- och mandelupplevelse i varje tugga<\/strong><\/p>","protected":false},"excerpt":{"rendered":"<p>Denna l\u00e4ckra persikodessert \u00e4r en underbar kombination av mandlar \u00f6verdragna med ett rikt lager av len choklad och toppad med en f\u00e4rgglad sockerskorpa som ger den ett vackert utseende och en oemotst\u00e5ndlig smak. Perfekt att avnjuta till kaffet eller som en lyxig dessert.<\/p>","protected":false},"featured_media":49578,"template":"","meta":[],"product_brand":[],"product_cat":[347,297],"product_tag":[],"class_list":{"0":"post-49577","1":"product","2":"type-product","3":"status-publish","4":"has-post-thumbnail","6":"product_cat-347","7":"product_cat-297","9":"first","10":"instock","11":"taxable","12":"shipping-taxable","13":"purchasable","14":"product-type-simple"},"_links":{"self":[{"href":"https:\/\/senabel.com\/sv\/wp-json\/wp\/v2\/product\/49577","targetHints":{"allow":["GET"]}}],"collection":[{"href":"https:\/\/senabel.com\/sv\/wp-json\/wp\/v2\/product"}],"about":[{"href":"https:\/\/senabel.com\/sv\/wp-json\/wp\/v2\/types\/product"}],"version-history":[{"count":3,"href":"https:\/\/senabel.com\/sv\/wp-json\/wp\/v2\/product\/49577\/revisions"}],"predecessor-version":[{"id":56371,"href":"https:\/\/senabel.com\/sv\/wp-json\/wp\/v2\/product\/49577\/revisions\/56371"}],"wp:featuredmedia":[{"embeddable":true,"href":"https:\/\/senabel.com\/sv\/wp-json\/wp\/v2\/media\/49578"}],"wp:attachment":[{"href":"https:\/\/senabel.com\/sv\/wp-json\/wp\/v2\/media?parent=49577"}],"wp:term":[{"taxonomy":"product_brand","embeddable":true,"href":"https:\/\/senabel.com\/sv\/wp-json\/wp\/v2\/product_brand?post=49577"},{"taxonomy":"product_cat","embeddable":true,"href":"https:\/\/senabel.com\/sv\/wp-json\/wp\/v2\/product_cat?post=49577"},{"taxonomy":"product_tag","embeddable":true,"href":"https:\/\/senabel.com\/sv\/wp-json\/wp\/v2\/product_tag?post=49577"}],"curies":[{"name":"wp","href":"https:\/\/api.w.org\/{rel}","templated":true}]}}