{"id":49571,"date":"2025-03-26T15:25:08","date_gmt":"2025-03-26T15:25:08","guid":{"rendered":"https:\/\/senabel.com\/?post_type=product&#038;p=49571"},"modified":"2026-05-14T12:40:15","modified_gmt":"2026-05-14T12:40:15","slug":"gelatin-med-blandad-frukt-1000-g","status":"publish","type":"product","link":"https:\/\/senabel.com\/sv\/product\/%d8%ac%d9%8a%d9%84%d8%a7%d8%aa%d9%8a%d9%86-%d9%81%d9%88%d8%a7%d9%83%d9%87-%d9%85%d8%b4%d9%83%d9%84-1000%d8%ba\/","title":{"rendered":"Gelatin med blandad frukt 1000 g"},"content":{"rendered":"<p class=\"\" data-start=\"90\" data-end=\"351\">Njut av f\u00e4rgglada, fruktiga och uppfriskande gel\u00e9er i varje tugga! Fruktgelatin finns i klara f\u00e4rger och flera olika smaker, t.ex. jordgubb, apelsin, druva, citron m.m. - individuellt f\u00f6rpackade f\u00f6r att bevara smak och f\u00e4rskhet.<\/p>\n<p class=\"\" data-start=\"353\" data-end=\"585\"><strong data-start=\"353\" data-end=\"369\">Varf\u00f6r skulle du \u00e4lska det?<\/strong><br data-start=\"369\" data-end=\"372\" \/>\u00a0Naturliga fruktaromer - fyllig och uppfriskande smak<br data-start=\"410\" data-end=\"413\" \/>\u00a0Mjuk och behaglig konsistens - sm\u00e4lter i munnen<br data-start=\"445\" data-end=\"448\" \/>\u00a0Glada f\u00e4rger - perfekt f\u00f6r barn och g\u00e4ster<br data-start=\"487\" data-end=\"490\" \/>\u00a0Individuell f\u00f6rpackning - f\u00f6r hygien och enkel presentation<br data-start=\"540\" data-end=\"543\" \/>\u00a0Konserveringsmedelsfri - naturlig och s\u00e4ker smak<\/p>\n<p class=\"\" data-start=\"587\" data-end=\"607\"><strong data-start=\"587\" data-end=\"605\">Produktinformation:<\/strong><\/p>\n<ul data-start=\"608\" data-end=\"729\">\n<li class=\"\" data-start=\"608\" data-end=\"627\">\n<p class=\"\" data-start=\"610\" data-end=\"627\">Vikt: 1000 gram<\/p>\n<\/li>\n<li class=\"\" data-start=\"628\" data-end=\"678\">\n<p class=\"\" data-start=\"630\" data-end=\"678\">Smaker: Jordgubbe, apelsin, druva, citron, ananas...<\/p>\n<\/li>\n<li class=\"\" data-start=\"679\" data-end=\"729\">\n<p class=\"\" data-start=\"681\" data-end=\"729\">Form: Individuellt f\u00f6rpackade jelly beans formade som sm\u00e5 frukter<\/p>\n<\/li>\n<\/ul>\n<p class=\"\" data-start=\"731\" data-end=\"800\"><strong data-start=\"731\" data-end=\"749\">Instruktioner f\u00f6r memorering:<\/strong><br data-start=\"749\" data-end=\"752\" \/>\u00a0F\u00f6rvaras svalt, torrt och skyddat fr\u00e5n solljus.<\/p>","protected":false},"excerpt":{"rendered":"<p>Njut av f\u00e4rgglada, fruktiga och uppfriskande gel\u00e9er i varje tugga! Fruktgelatin finns i klara f\u00e4rger och flera olika smaker, t.ex. jordgubb, apelsin, druva, citron m.m. - individuellt f\u00f6rpackade f\u00f6r att bevara smak och f\u00e4rskhet.<\/p>","protected":false},"featured_media":49573,"template":"","meta":[],"product_brand":[],"product_cat":[299,297,227],"product_tag":[],"class_list":{"0":"post-49571","1":"product","2":"type-product","3":"status-publish","4":"has-post-thumbnail","6":"product_cat-299","7":"product_cat-297","8":"product_cat-227","10":"first","11":"instock","12":"sale","13":"taxable","14":"shipping-taxable","15":"purchasable","16":"product-type-simple"},"_links":{"self":[{"href":"https:\/\/senabel.com\/sv\/wp-json\/wp\/v2\/product\/49571","targetHints":{"allow":["GET"]}}],"collection":[{"href":"https:\/\/senabel.com\/sv\/wp-json\/wp\/v2\/product"}],"about":[{"href":"https:\/\/senabel.com\/sv\/wp-json\/wp\/v2\/types\/product"}],"version-history":[{"count":2,"href":"https:\/\/senabel.com\/sv\/wp-json\/wp\/v2\/product\/49571\/revisions"}],"predecessor-version":[{"id":57680,"href":"https:\/\/senabel.com\/sv\/wp-json\/wp\/v2\/product\/49571\/revisions\/57680"}],"wp:featuredmedia":[{"embeddable":true,"href":"https:\/\/senabel.com\/sv\/wp-json\/wp\/v2\/media\/49573"}],"wp:attachment":[{"href":"https:\/\/senabel.com\/sv\/wp-json\/wp\/v2\/media?parent=49571"}],"wp:term":[{"taxonomy":"product_brand","embeddable":true,"href":"https:\/\/senabel.com\/sv\/wp-json\/wp\/v2\/product_brand?post=49571"},{"taxonomy":"product_cat","embeddable":true,"href":"https:\/\/senabel.com\/sv\/wp-json\/wp\/v2\/product_cat?post=49571"},{"taxonomy":"product_tag","embeddable":true,"href":"https:\/\/senabel.com\/sv\/wp-json\/wp\/v2\/product_tag?post=49571"}],"curies":[{"name":"wp","href":"https:\/\/api.w.org\/{rel}","templated":true}]}}