{"id":49245,"date":"2025-03-22T00:29:21","date_gmt":"2025-03-22T00:29:21","guid":{"rendered":"https:\/\/senabel.com\/?post_type=product&#038;p=49245"},"modified":"2026-05-12T19:02:17","modified_gmt":"2026-05-12T19:02:17","slug":"%d9%85%d9%84%d8%a8%d9%86-%d8%a8%d8%a7%d9%84%d8%ac%d9%88%d8%b2-900%d8%ba","status":"publish","type":"product","link":"https:\/\/senabel.com\/sv\/product\/%d9%85%d9%84%d8%a8%d9%86-%d8%a8%d8%a7%d9%84%d8%ac%d9%88%d8%b2-900%d8%ba\/","title":{"rendered":"\u0645\u0644\u0628\u0646 \u0639\u0646\u0628 \u0628\u0627\u0644\u062c\u0648\u0632 900\u063a"},"content":{"rendered":"<p class=\"\" data-start=\"39\" data-end=\"218\">Njut av smaken av <strong data-start=\"68\" data-end=\"85\">Original Lactobacillus<\/strong> Fylld med den finaste kvaliteten <strong data-start=\"105\" data-end=\"121\">F\u00e4rska valn\u00f6tter<\/strong>toppad med ett uts\u00f6kt lager av naturlig sirap. En unik upplevelse av s\u00f6tma och mjuk konsistens som sm\u00e4lter i munnen!<\/p>\n<p class=\"\" data-start=\"220\" data-end=\"362\"><strong data-start=\"223\" data-end=\"236\">Ingredienser:<\/strong><br data-start=\"236\" data-end=\"239\" \/>\u2714 <strong data-start=\"241\" data-end=\"255\">Naturlig yoghurt<\/strong> Mjuk och l\u00e4cker konsistens<br data-start=\"271\" data-end=\"274\" \/>\u2714 <strong data-start=\"276\" data-end=\"295\" data-is-only-node=\"\">Valn\u00f6tter av h\u00f6g kvalitet<\/strong> F\u00f6r att tillf\u00f6ra en rik och distinkt smak<br data-start=\"319\" data-end=\"322\" \/>\u2714 <strong data-start=\"324\" data-end=\"341\">Naturligt s\u00f6tad<\/strong> Inga konstgjorda tillsatser<\/p>\n<p class=\"\" data-start=\"364\" data-end=\"387\"><strong data-start=\"367\" data-end=\"385\">Produktinformation:<\/strong><\/p>\n<ul data-start=\"388\" data-end=\"548\">\n<li class=\"\" data-start=\"388\" data-end=\"411\">\n<p class=\"\" data-start=\"390\" data-end=\"411\"><strong data-start=\"390\" data-end=\"400\">Vikt:<\/strong> 900g<\/p>\n<\/li>\n<li class=\"\" data-start=\"412\" data-end=\"489\">\n<p class=\"\" data-start=\"414\" data-end=\"489\"><strong data-start=\"414\" data-end=\"426\">Till\u00e4mpar:<\/strong> Perfekt till kaffe eller te, men kan ocks\u00e5 serveras som dessert efter maten<\/p>\n<\/li>\n<li class=\"\" data-start=\"490\" data-end=\"548\">\n<p class=\"\" data-start=\"492\" data-end=\"548\"><strong data-start=\"492\" data-end=\"504\">F\u00f6rvaring:<\/strong> F\u00f6rvaras svalt, torrt och skyddat fr\u00e5n fukt<\/p>\n<\/li>\n<\/ul>\n<p class=\"\" data-start=\"550\" data-end=\"619\">\u00a0<strong data-start=\"553\" data-end=\"619\" data-is-last-node=\"\">Upplev den autentiska smaken av valn\u00f6tsfyllda milkshakes, en oemotst\u00e5ndlig njutning<\/strong><\/p>","protected":false},"excerpt":{"rendered":"<p>Njut av smaken av <strong data-start=\"68\" data-end=\"85\">Original Lactobacillus<\/strong> Fylld med den finaste kvaliteten <strong data-start=\"105\" data-end=\"121\">F\u00e4rska valn\u00f6tter<\/strong>toppad med ett uts\u00f6kt lager av naturlig sirap. En unik upplevelse av s\u00f6tma och mjuk konsistens som sm\u00e4lter i munnen!<\/p>","protected":false},"featured_media":49246,"template":"","meta":[],"product_brand":[],"product_cat":[347,220,349,367],"product_tag":[],"class_list":{"0":"post-49245","1":"product","2":"type-product","3":"status-publish","4":"has-post-thumbnail","6":"product_cat-347","7":"product_cat-220","8":"product_cat-349","9":"product_cat-367","11":"first","12":"instock","13":"featured","14":"taxable","15":"shipping-taxable","16":"purchasable","17":"product-type-simple"},"_links":{"self":[{"href":"https:\/\/senabel.com\/sv\/wp-json\/wp\/v2\/product\/49245","targetHints":{"allow":["GET"]}}],"collection":[{"href":"https:\/\/senabel.com\/sv\/wp-json\/wp\/v2\/product"}],"about":[{"href":"https:\/\/senabel.com\/sv\/wp-json\/wp\/v2\/types\/product"}],"version-history":[{"count":6,"href":"https:\/\/senabel.com\/sv\/wp-json\/wp\/v2\/product\/49245\/revisions"}],"predecessor-version":[{"id":63322,"href":"https:\/\/senabel.com\/sv\/wp-json\/wp\/v2\/product\/49245\/revisions\/63322"}],"wp:featuredmedia":[{"embeddable":true,"href":"https:\/\/senabel.com\/sv\/wp-json\/wp\/v2\/media\/49246"}],"wp:attachment":[{"href":"https:\/\/senabel.com\/sv\/wp-json\/wp\/v2\/media?parent=49245"}],"wp:term":[{"taxonomy":"product_brand","embeddable":true,"href":"https:\/\/senabel.com\/sv\/wp-json\/wp\/v2\/product_brand?post=49245"},{"taxonomy":"product_cat","embeddable":true,"href":"https:\/\/senabel.com\/sv\/wp-json\/wp\/v2\/product_cat?post=49245"},{"taxonomy":"product_tag","embeddable":true,"href":"https:\/\/senabel.com\/sv\/wp-json\/wp\/v2\/product_tag?post=49245"}],"curies":[{"name":"wp","href":"https:\/\/api.w.org\/{rel}","templated":true}]}}