{"id":49209,"date":"2025-03-21T14:04:21","date_gmt":"2025-03-21T14:04:21","guid":{"rendered":"https:\/\/senabel.com\/?post_type=product&#038;p=49209"},"modified":"2026-04-23T19:59:31","modified_gmt":"2026-04-23T19:59:31","slug":"fargade-strossel-500-g-kopia","status":"publish","type":"product","link":"https:\/\/senabel.com\/sv\/product\/%d9%82%d8%b6%d8%a7%d9%85%d8%a9-%d8%a8%d8%a7%d9%84%d8%b3%d9%83%d8%b1-%d8%a7%d9%84%d9%85%d9%84%d9%88%d9%86-500%d8%ba-copy\/","title":{"rendered":"F\u00e4rgat socker - 500g"},"content":{"rendered":"<p data-start=\"41\" data-end=\"201\">Njut av den krispiga och l\u00e4ckra smaken med <strong data-start=\"91\" data-end=\"114\">F\u00e4rgade sockerr\u00f6r<\/strong>Rostade kik\u00e4rter t\u00e4ckta av en krispig, sockrig glasyr i attraktiva f\u00e4rger som ger en speciell njutning f\u00f6r varje tillf\u00e4lle.<\/p>\n<p data-start=\"203\" data-end=\"391\"><strong data-start=\"206\" data-end=\"219\">Funktioner:<\/strong><br data-start=\"219\" data-end=\"222\" \/>\u2714 Balanserad s\u00f6t smak med en h\u00e4rlig krispighet.<br data-start=\"257\" data-end=\"260\" \/>\u2714 En h\u00e4rlig blandning av f\u00e4rger som g\u00f6r varje \u00f6gonblick till en njutning.<br data-start=\"302\" data-end=\"305\" \/>\u2714 Ett perfekt mellanm\u00e5l f\u00f6r alla tillf\u00e4llen.<br data-start=\"341\" data-end=\"344\" \/>\u2714 Fri fr\u00e5n konserveringsmedel och artificiella f\u00e4rg\u00e4mnen.<\/p>\n<p data-start=\"393\" data-end=\"416\"><strong data-start=\"396\" data-end=\"414\">Produktinformation:<\/strong><\/p>\n<ul data-start=\"417\" data-end=\"579\">\n<li data-start=\"417\" data-end=\"477\"><strong data-start=\"419\" data-end=\"432\">Ingredienser:<\/strong> Rostade kik\u00e4rter, socker, naturliga aromer, livsmedelsf\u00e4rg\u00e4mnen.<\/li>\n<li data-start=\"478\" data-end=\"502\"><strong data-start=\"480\" data-end=\"490\">Vikt:<\/strong> 100 gram.<\/li>\n<li data-start=\"503\" data-end=\"579\"><strong data-start=\"505\" data-end=\"523\">F\u00f6rvaringsmetoden:<\/strong> F\u00f6rvaras svalt, torrt och skyddat fr\u00e5n direkt solljus.<\/li>\n<\/ul>\n<p data-start=\"581\" data-end=\"632\" data-is-last-node=\"\"><strong data-start=\"584\" data-end=\"629\">Upplev gl\u00e4djen av krispighet med en uts\u00f6kt sockerkrisp<\/strong><\/p>","protected":false},"excerpt":{"rendered":"<p>Njut av den krispiga och l\u00e4ckra smaken med <strong data-start=\"91\" data-end=\"114\">F\u00e4rgade sockerr\u00f6r<\/strong>Rostade kik\u00e4rter t\u00e4ckta av en krispig, sockrig glasyr i attraktiva f\u00e4rger som ger en speciell njutning f\u00f6r varje tillf\u00e4lle.<\/p>","protected":false},"featured_media":47524,"template":"","meta":[],"product_brand":[],"product_cat":[349,220,347,308],"product_tag":[],"class_list":{"0":"post-49209","1":"product","2":"type-product","3":"status-publish","4":"has-post-thumbnail","6":"product_cat-349","7":"product_cat-220","8":"product_cat-347","9":"product_cat-308","11":"first","12":"instock","13":"taxable","14":"shipping-taxable","15":"purchasable","16":"product-type-simple"},"_links":{"self":[{"href":"https:\/\/senabel.com\/sv\/wp-json\/wp\/v2\/product\/49209","targetHints":{"allow":["GET"]}}],"collection":[{"href":"https:\/\/senabel.com\/sv\/wp-json\/wp\/v2\/product"}],"about":[{"href":"https:\/\/senabel.com\/sv\/wp-json\/wp\/v2\/types\/product"}],"version-history":[{"count":2,"href":"https:\/\/senabel.com\/sv\/wp-json\/wp\/v2\/product\/49209\/revisions"}],"predecessor-version":[{"id":50197,"href":"https:\/\/senabel.com\/sv\/wp-json\/wp\/v2\/product\/49209\/revisions\/50197"}],"wp:featuredmedia":[{"embeddable":true,"href":"https:\/\/senabel.com\/sv\/wp-json\/wp\/v2\/media\/47524"}],"wp:attachment":[{"href":"https:\/\/senabel.com\/sv\/wp-json\/wp\/v2\/media?parent=49209"}],"wp:term":[{"taxonomy":"product_brand","embeddable":true,"href":"https:\/\/senabel.com\/sv\/wp-json\/wp\/v2\/product_brand?post=49209"},{"taxonomy":"product_cat","embeddable":true,"href":"https:\/\/senabel.com\/sv\/wp-json\/wp\/v2\/product_cat?post=49209"},{"taxonomy":"product_tag","embeddable":true,"href":"https:\/\/senabel.com\/sv\/wp-json\/wp\/v2\/product_tag?post=49209"}],"curies":[{"name":"wp","href":"https:\/\/api.w.org\/{rel}","templated":true}]}}