{"id":49173,"date":"2025-03-21T13:44:24","date_gmt":"2025-03-21T13:44:24","guid":{"rendered":"https:\/\/senabel.com\/?post_type=product&#038;p=49173"},"modified":"2025-09-11T11:13:51","modified_gmt":"2025-09-11T11:13:51","slug":"lyxig-turkisk-halqoum-800-g","status":"publish","type":"product","link":"https:\/\/senabel.com\/sv\/product\/%d8%ad%d9%84%d9%82%d9%88%d9%85-%d8%aa%d8%b1%d9%83%d9%8a-%d9%81%d8%a7%d8%ae%d8%b1-800%d8%ba\/","title":{"rendered":"F\u00e4rskt och f\u00f6rstklassigt turkiskt gryn 800 g"},"content":{"rendered":"<p data-start=\"41\" data-end=\"189\">En unik upplevelse av <strong data-start=\"72\" data-end=\"97\">Lyxig turkisk hals<\/strong> Med en kombination av rika och distinkta smaker. Ett fantastiskt sortiment som omfattar <strong data-start=\"149\" data-end=\"167\">Fem l\u00e4ckra smaker<\/strong> F\u00f6r att tillgodose alla smaker!<\/p>\n<p data-start=\"191\" data-end=\"487\"><strong data-start=\"194\" data-end=\"216\">Ingredienser och smaker:<\/strong><br data-start=\"216\" data-end=\"219\" \/>\u2714 <strong data-start=\"221\" data-end=\"230\">Pistaschn\u00f6tter:<\/strong> Toppad med pistagen\u00f6tter f\u00f6r en h\u00e4rlig krispighet<br data-start=\"269\" data-end=\"272\" \/>\u2714 <strong data-start=\"274\" data-end=\"283\" data-is-only-node=\"\">Granat\u00e4pple:<\/strong> Uppfriskande fruktig f\u00f6r dem som \u00e4lskar naturliga smaker<br data-start=\"327\" data-end=\"330\" \/>\u2714 <strong data-start=\"332\" data-end=\"341\">Lotus:<\/strong> Smaken av det ber\u00f6mda kexet med sin rika smak<br data-start=\"376\" data-end=\"379\" \/>\u2714 <strong data-start=\"381\" data-end=\"393\">Tranb\u00e4r:<\/strong> En aning mild syra med balanserad s\u00f6tma<br data-start=\"434\" data-end=\"437\" \/>\u2714 <strong data-start=\"439\" data-end=\"449\">Kakao:<\/strong> F\u00f6r choklad\u00e4lskare med en lyxig och distinkt smak<\/p>\n<p data-start=\"489\" data-end=\"512\"><strong data-start=\"492\" data-end=\"510\">Produktinformation:<\/strong><\/p>\n<ul data-start=\"513\" data-end=\"660\">\n<li data-start=\"513\" data-end=\"536\"><strong data-start=\"515\" data-end=\"525\">Vikt:<\/strong> 800g<\/li>\n<li data-start=\"537\" data-end=\"593\"><strong data-start=\"539\" data-end=\"551\">Till\u00e4mpar:<\/strong> I en elegant ask som passar f\u00f6r g\u00e5vor och andra tillf\u00e4llen<\/li>\n<li data-start=\"594\" data-end=\"660\"><strong data-start=\"596\" data-end=\"608\">F\u00f6rvaring:<\/strong> F\u00f6rvara p\u00e5 en sval och torr plats f\u00f6r att bevara smak och konsistens<\/li>\n<\/ul>\n<p data-start=\"662\" data-end=\"721\" data-is-last-node=\"\" data-is-only-node=\"\">\u00a0<strong data-start=\"665\" data-end=\"721\" data-is-last-node=\"\">Upplev en autentisk turkisk smak med oemotst\u00e5ndlig variation<\/strong><\/p>","protected":false},"excerpt":{"rendered":"<p>En unik upplevelse av <strong data-start=\"72\" data-end=\"97\">Lyxig turkisk hals<\/strong> Med en kombination av rika och distinkta smaker. Ett fantastiskt sortiment som omfattar <strong data-start=\"149\" data-end=\"167\">Fem l\u00e4ckra smaker<\/strong> F\u00f6r att tillgodose alla smaker!<\/p>\n<p>Fem smaker<br \/>\nPistaschmandlar<br \/>\nGranat\u00e4pple<br \/>\nLotus<br \/>\nTranb\u00e4r<br \/>\nKakao<\/p>","protected":false},"featured_media":49174,"template":"","meta":[],"product_brand":[],"product_cat":[299,227],"product_tag":[],"class_list":{"0":"post-49173","1":"product","2":"type-product","3":"status-publish","4":"has-post-thumbnail","6":"product_cat-299","7":"product_cat-227","9":"first","10":"outofstock","11":"featured","12":"taxable","13":"shipping-taxable","14":"product-type-variable"},"_links":{"self":[{"href":"https:\/\/senabel.com\/sv\/wp-json\/wp\/v2\/product\/49173","targetHints":{"allow":["GET"]}}],"collection":[{"href":"https:\/\/senabel.com\/sv\/wp-json\/wp\/v2\/product"}],"about":[{"href":"https:\/\/senabel.com\/sv\/wp-json\/wp\/v2\/types\/product"}],"version-history":[{"count":4,"href":"https:\/\/senabel.com\/sv\/wp-json\/wp\/v2\/product\/49173\/revisions"}],"predecessor-version":[{"id":49202,"href":"https:\/\/senabel.com\/sv\/wp-json\/wp\/v2\/product\/49173\/revisions\/49202"}],"wp:featuredmedia":[{"embeddable":true,"href":"https:\/\/senabel.com\/sv\/wp-json\/wp\/v2\/media\/49174"}],"wp:attachment":[{"href":"https:\/\/senabel.com\/sv\/wp-json\/wp\/v2\/media?parent=49173"}],"wp:term":[{"taxonomy":"product_brand","embeddable":true,"href":"https:\/\/senabel.com\/sv\/wp-json\/wp\/v2\/product_brand?post=49173"},{"taxonomy":"product_cat","embeddable":true,"href":"https:\/\/senabel.com\/sv\/wp-json\/wp\/v2\/product_cat?post=49173"},{"taxonomy":"product_tag","embeddable":true,"href":"https:\/\/senabel.com\/sv\/wp-json\/wp\/v2\/product_tag?post=49173"}],"curies":[{"name":"wp","href":"https:\/\/api.w.org\/{rel}","templated":true}]}}