{"id":49155,"date":"2025-03-21T13:50:45","date_gmt":"2025-03-21T13:50:45","guid":{"rendered":"https:\/\/senabel.com\/?post_type=product&#038;p=49155"},"modified":"2026-03-14T21:25:44","modified_gmt":"2026-03-14T21:25:44","slug":"kinesiska-notter-500g","status":"publish","type":"product","link":"https:\/\/senabel.com\/sv\/product\/%d9%85%d9%83%d8%b3%d8%b1%d8%a7%d8%aa-%d8%b5%d9%8a%d9%86%d9%8a%d8%a9-500%d8%ba\/","title":{"rendered":"Kinesiska n\u00f6tter 500g"},"content":{"rendered":"<p data-start=\"38\" data-end=\"195\">Njut av en unik upplevelse med Chinese Crispy Nuts, en uts\u00f6kt blandning av korn och n\u00f6tter som \u00e4r belagda med l\u00e4ckra kryddor och ger en distinkt smak till varje \u00f6gonblick.<\/p>\n<p data-start=\"197\" data-end=\"378\"><strong data-start=\"200\" data-end=\"213\">Funktioner:<\/strong><br data-start=\"213\" data-end=\"216\" \/>\u2714 <strong data-start=\"218\" data-end=\"261\">Blandad mix av n\u00f6tter och krispiga korn<\/strong><br data-start=\"261\" data-end=\"264\" \/>\u2714 <strong data-start=\"266\" data-end=\"297\">L\u00e4cker smak med en orientalisk twist<\/strong><br data-start=\"297\" data-end=\"300\" data-is-only-node=\"\" \/>\u2714 <strong data-start=\"302\" data-end=\"334\">Perfekt som mellanm\u00e5l eller f\u00f6r underh\u00e5llning<\/strong><br data-start=\"334\" data-end=\"337\" \/>\u2714 <strong data-start=\"339\" data-end=\"376\">F\u00e4rska och omsorgsfullt bevarade f\u00f6r att s\u00e4kerst\u00e4lla kvaliteten<\/strong><\/p>\n<p data-start=\"380\" data-end=\"403\"><strong data-start=\"383\" data-end=\"401\">Produktinformation:<\/strong><\/p>\n<ul data-start=\"404\" data-end=\"611\">\n<li data-start=\"404\" data-end=\"427\"><strong data-start=\"406\" data-end=\"416\">Vikt:<\/strong> 500g<\/li>\n<li data-start=\"428\" data-end=\"489\"><strong data-start=\"430\" data-end=\"443\">Ingredienser:<\/strong> Blandade korn och n\u00f6tter, kryddor, vegetabilisk olja<\/li>\n<li data-start=\"490\" data-end=\"552\"><strong data-start=\"492\" data-end=\"506\">Anv\u00e4nd:<\/strong> L\u00e4mplig att servera som mellanm\u00e5l eller aptitretare<\/li>\n<li data-start=\"553\" data-end=\"611\"><strong data-start=\"555\" data-end=\"567\">F\u00f6rvaring:<\/strong> F\u00f6rvara p\u00e5 en sval och torr plats f\u00f6r att bevara krispigheten<\/li>\n<\/ul>\n<p data-start=\"613\" data-end=\"653\" data-is-last-node=\"\" data-is-only-node=\"\"><strong data-start=\"616\" data-end=\"653\" data-is-last-node=\"\">Kinesiska n\u00f6tter - en oemotst\u00e5ndlig delikatess<\/strong><\/p>","protected":false},"excerpt":{"rendered":"<p>Njut av en unik upplevelse med Chinese Crispy Nuts, en uts\u00f6kt blandning av korn och n\u00f6tter som \u00e4r belagda med l\u00e4ckra kryddor och ger en distinkt smak till varje \u00f6gonblick.<\/p>","protected":false},"featured_media":49156,"template":"","meta":[],"product_brand":[],"product_cat":[308],"product_tag":[],"class_list":{"0":"post-49155","1":"product","2":"type-product","3":"status-publish","4":"has-post-thumbnail","6":"product_cat-308","8":"first","9":"outofstock","10":"taxable","11":"shipping-taxable","12":"purchasable","13":"product-type-simple"},"_links":{"self":[{"href":"https:\/\/senabel.com\/sv\/wp-json\/wp\/v2\/product\/49155","targetHints":{"allow":["GET"]}}],"collection":[{"href":"https:\/\/senabel.com\/sv\/wp-json\/wp\/v2\/product"}],"about":[{"href":"https:\/\/senabel.com\/sv\/wp-json\/wp\/v2\/types\/product"}],"version-history":[{"count":2,"href":"https:\/\/senabel.com\/sv\/wp-json\/wp\/v2\/product\/49155\/revisions"}],"predecessor-version":[{"id":50195,"href":"https:\/\/senabel.com\/sv\/wp-json\/wp\/v2\/product\/49155\/revisions\/50195"}],"wp:featuredmedia":[{"embeddable":true,"href":"https:\/\/senabel.com\/sv\/wp-json\/wp\/v2\/media\/49156"}],"wp:attachment":[{"href":"https:\/\/senabel.com\/sv\/wp-json\/wp\/v2\/media?parent=49155"}],"wp:term":[{"taxonomy":"product_brand","embeddable":true,"href":"https:\/\/senabel.com\/sv\/wp-json\/wp\/v2\/product_brand?post=49155"},{"taxonomy":"product_cat","embeddable":true,"href":"https:\/\/senabel.com\/sv\/wp-json\/wp\/v2\/product_cat?post=49155"},{"taxonomy":"product_tag","embeddable":true,"href":"https:\/\/senabel.com\/sv\/wp-json\/wp\/v2\/product_tag?post=49155"}],"curies":[{"name":"wp","href":"https:\/\/api.w.org\/{rel}","templated":true}]}}