{"id":49100,"date":"2025-03-21T15:09:02","date_gmt":"2025-03-21T15:09:02","guid":{"rendered":"https:\/\/senabel.com\/?post_type=product&#038;p=49100"},"modified":"2026-02-05T08:51:08","modified_gmt":"2026-02-05T08:51:08","slug":"bitter-kaffe-ben-hamoui-1-liter","status":"publish","type":"product","link":"https:\/\/senabel.com\/sv\/product\/%d9%82%d9%87%d9%88%d8%a9-%d9%85%d8%b1%d8%a9-%d8%a8%d9%86-%d8%ad%d9%85%d9%88%d9%8a-1-%d9%84%d8%aa%d8%b1\/","title":{"rendered":"Marra Ben Hamawi Kaffe - 1 liter"},"content":{"rendered":"<p data-start=\"29\" data-end=\"219\">Njut av en autentisk kaffeupplevelse med <strong data-start=\"77\" data-end=\"88\">Ben Hamoui<\/strong> Lyxigt, omsorgsfullt rostat f\u00f6r att passa smaken hos arabiska och turkiska kaffe\u00e4lskare. Med sin rika smak och balanserade fyllighet skapar varje klunk speciella stunder.<\/p>\n<p data-start=\"221\" data-end=\"428\"><strong data-start=\"224\" data-end=\"237\">Funktioner:<\/strong><br data-start=\"237\" data-end=\"240\" \/>\u2714 <strong data-start=\"242\" data-end=\"265\">H\u00f6gkvalitativt lyxigt kaffe<\/strong><br data-start=\"265\" data-end=\"268\" \/>\u2714 <strong data-start=\"270\" data-end=\"308\">Perfekt rostad f\u00f6r en balanserad smak<\/strong><br data-start=\"308\" data-end=\"311\" data-is-only-node=\"\" \/>\u2714 <strong data-start=\"313\" data-end=\"346\">Perfekt f\u00f6r arabiskt och turkiskt kaffe<\/strong><br data-start=\"346\" data-end=\"349\" \/>\u2714 <strong data-start=\"351\" data-end=\"392\">Levereras med praktisk f\u00f6rpackning f\u00f6r att bevara smak och f\u00e4rskhet<\/strong><br data-start=\"392\" data-end=\"395\" \/>\u2714 <strong data-start=\"397\" data-end=\"426\">Specialerbjudande med distinkt kulturhistorisk f\u00f6rpackning<\/strong><\/p>\n<p data-start=\"430\" data-end=\"453\"><strong data-start=\"433\" data-end=\"451\">Produktinformation:<\/strong><\/p>\n<ul data-start=\"454\" data-end=\"621\">\n<li data-start=\"454\" data-end=\"474\"><strong data-start=\"456\" data-end=\"466\">Vikt:<\/strong> 1 liter<\/li>\n<li data-start=\"475\" data-end=\"550\"><strong data-start=\"477\" data-end=\"491\">Anv\u00e4nd:<\/strong> Det kan tillagas p\u00e5 en m\u00e4ngd olika s\u00e4tt, t.ex. arabiskt eller turkiskt kaffe<\/li>\n<li data-start=\"551\" data-end=\"621\"><strong data-start=\"553\" data-end=\"565\">F\u00f6rvaring:<\/strong> F\u00f6rvaras svalt, torrt och skyddat fr\u00e5n direkt solljus<\/li>\n<\/ul>\n<p data-start=\"623\" data-end=\"675\" data-is-last-node=\"\" data-is-only-node=\"\">\u00a0<strong data-start=\"625\" data-end=\"675\" data-is-last-node=\"\">Ben Hamoui - smaken av \u00e4kta kaffe med o\u00f6vertr\u00e4ffad kvalitet<\/strong><\/p>","protected":false},"excerpt":{"rendered":"<p>Njut av en autentisk kaffeupplevelse med <strong data-start=\"77\" data-end=\"88\">Ben Hamoui<\/strong> Lyxigt, omsorgsfullt rostat f\u00f6r att passa smaken hos arabiska och turkiska kaffe\u00e4lskare. Med sin rika smak och balanserade fyllighet skapar varje klunk speciella stunder.<\/p>","protected":false},"featured_media":49101,"template":"","meta":[],"product_brand":[],"product_cat":[282],"product_tag":[],"class_list":{"0":"post-49100","1":"product","2":"type-product","3":"status-publish","4":"has-post-thumbnail","6":"product_cat-282","8":"first","9":"outofstock","10":"taxable","11":"shipping-taxable","12":"purchasable","13":"product-type-simple"},"_links":{"self":[{"href":"https:\/\/senabel.com\/sv\/wp-json\/wp\/v2\/product\/49100","targetHints":{"allow":["GET"]}}],"collection":[{"href":"https:\/\/senabel.com\/sv\/wp-json\/wp\/v2\/product"}],"about":[{"href":"https:\/\/senabel.com\/sv\/wp-json\/wp\/v2\/types\/product"}],"version-history":[{"count":3,"href":"https:\/\/senabel.com\/sv\/wp-json\/wp\/v2\/product\/49100\/revisions"}],"predecessor-version":[{"id":49212,"href":"https:\/\/senabel.com\/sv\/wp-json\/wp\/v2\/product\/49100\/revisions\/49212"}],"wp:featuredmedia":[{"embeddable":true,"href":"https:\/\/senabel.com\/sv\/wp-json\/wp\/v2\/media\/49101"}],"wp:attachment":[{"href":"https:\/\/senabel.com\/sv\/wp-json\/wp\/v2\/media?parent=49100"}],"wp:term":[{"taxonomy":"product_brand","embeddable":true,"href":"https:\/\/senabel.com\/sv\/wp-json\/wp\/v2\/product_brand?post=49100"},{"taxonomy":"product_cat","embeddable":true,"href":"https:\/\/senabel.com\/sv\/wp-json\/wp\/v2\/product_cat?post=49100"},{"taxonomy":"product_tag","embeddable":true,"href":"https:\/\/senabel.com\/sv\/wp-json\/wp\/v2\/product_tag?post=49100"}],"curies":[{"name":"wp","href":"https:\/\/api.w.org\/{rel}","templated":true}]}}