{"id":49033,"date":"2025-03-20T00:13:17","date_gmt":"2025-03-20T00:13:17","guid":{"rendered":"https:\/\/senabel.com\/?post_type=product&#038;p=49033"},"modified":"2025-07-01T12:52:25","modified_gmt":"2025-07-01T12:52:25","slug":"molokai-raha-molokai-500g","status":"publish","type":"product","link":"https:\/\/senabel.com\/sv\/product\/%d8%b1%d8%a7%d8%ad%d8%a9-%d9%85%d9%84%d9%88%d9%83%d9%8a%d8%a9-%d9%85%d8%a8%d8%b1%d9%88%d9%85%d8%a9-500%d8%ba-%d9%85%d9%86-%d8%a7%d9%84%d8%ba%d9%8a%d8%ab\/","title":{"rendered":"Raha Molucca 500g - fr\u00e5n Al Ghaith"},"content":{"rendered":"<p data-start=\"54\" data-end=\"272\">Njut av en autentisk orientalisk upplevelse med <strong data-start=\"99\" data-end=\"121\">Bromerad kunglig komfort<\/strong> Fr\u00e5n <strong data-start=\"125\" data-end=\"134\">Meteorregn<\/strong>tillverkad av <strong data-start=\"148\" data-end=\"164\">Honung och socker<\/strong> Smaksatt med vaniljsmak och fylld med den finaste kvaliteten <strong data-start=\"208\" data-end=\"225\">Pistaschmandlar<\/strong> F\u00f6r en fast konsistens och en rik, oemotst\u00e5ndlig smak.<\/p>\n<p data-start=\"274\" data-end=\"473\"><strong data-start=\"277\" data-end=\"290\">Funktioner:<\/strong><br data-start=\"290\" data-end=\"293\" \/>\u2714 <strong data-start=\"295\" data-end=\"334\">Fullt fylld med pistagen\u00f6tter.<\/strong>\u00a0<br data-start=\"337\" data-end=\"340\" \/>\u2714 <strong data-start=\"342\" data-end=\"383\" data-is-only-node=\"\">Mjuk k\u00e4nsla och skavd textur f\u00f6r en behaglig upplevelse<\/strong><br data-start=\"383\" data-end=\"386\" \/>\u2714 <strong data-start=\"388\" data-end=\"420\">En autentisk orientalisk dessert med en kunglig touch<\/strong><br data-start=\"420\" data-end=\"423\" \/>\u2714 <strong data-start=\"425\" data-end=\"471\">Individuellt f\u00f6rpackade f\u00f6r att bevara f\u00e4rskhet och smak<\/strong><\/p>\n<p data-start=\"475\" data-end=\"498\"><strong data-start=\"478\" data-end=\"496\">Produktinformation:<\/strong><\/p>\n<ul data-start=\"499\" data-end=\"661\">\n<li data-start=\"499\" data-end=\"522\"><strong data-start=\"501\" data-end=\"511\">Vikt:<\/strong> 500 gram<\/li>\n<li><strong>Antalet delar:<\/strong> Ett kilo inneh\u00e5ller cirka 20 - 25 stycken<\/li>\n<li data-start=\"523\" data-end=\"586\"><strong data-start=\"525\" data-end=\"538\">Ingredienser:<\/strong> Socker, honung, vanilj, rosenvatten, glukos, pistaschmandel<\/li>\n<li data-start=\"587\" data-end=\"661\"><strong data-start=\"589\" data-end=\"605\">S\u00e4ttet att spara:<\/strong> F\u00f6rvaras svalt, torrt och skyddat fr\u00e5n direkt solljus<\/li>\n<\/ul>\n<p data-start=\"663\" data-end=\"719\" data-is-last-node=\"\" data-is-only-node=\"\"><strong data-start=\"665\" data-end=\"716\">Kunglighetens komfort - g\u00e4stfrihetens lyxiga smak<\/strong><\/p>","protected":false},"excerpt":{"rendered":"<p>Njut av en autentisk orientalisk upplevelse med <strong data-start=\"99\" data-end=\"121\">Bromerad kunglig komfort<\/strong> Fr\u00e5n <strong data-start=\"125\" data-end=\"134\">Meteorregn<\/strong>tillverkad av <strong data-start=\"148\" data-end=\"164\">Honung och socker<\/strong> Smaksatt med vaniljsmak och fylld med den finaste kvaliteten <strong data-start=\"208\" data-end=\"225\">Pistaschmandlar<\/strong> F\u00f6r en fast konsistens och en rik, oemotst\u00e5ndlig smak.<\/p>","protected":false},"featured_media":49040,"template":"","meta":[],"product_brand":[],"product_cat":[299],"product_tag":[],"class_list":{"0":"post-49033","1":"product","2":"type-product","3":"status-publish","4":"has-post-thumbnail","6":"product_cat-299","8":"first","9":"outofstock","10":"taxable","11":"shipping-taxable","12":"purchasable","13":"product-type-simple"},"_links":{"self":[{"href":"https:\/\/senabel.com\/sv\/wp-json\/wp\/v2\/product\/49033","targetHints":{"allow":["GET"]}}],"collection":[{"href":"https:\/\/senabel.com\/sv\/wp-json\/wp\/v2\/product"}],"about":[{"href":"https:\/\/senabel.com\/sv\/wp-json\/wp\/v2\/types\/product"}],"version-history":[{"count":2,"href":"https:\/\/senabel.com\/sv\/wp-json\/wp\/v2\/product\/49033\/revisions"}],"predecessor-version":[{"id":53400,"href":"https:\/\/senabel.com\/sv\/wp-json\/wp\/v2\/product\/49033\/revisions\/53400"}],"wp:featuredmedia":[{"embeddable":true,"href":"https:\/\/senabel.com\/sv\/wp-json\/wp\/v2\/media\/49040"}],"wp:attachment":[{"href":"https:\/\/senabel.com\/sv\/wp-json\/wp\/v2\/media?parent=49033"}],"wp:term":[{"taxonomy":"product_brand","embeddable":true,"href":"https:\/\/senabel.com\/sv\/wp-json\/wp\/v2\/product_brand?post=49033"},{"taxonomy":"product_cat","embeddable":true,"href":"https:\/\/senabel.com\/sv\/wp-json\/wp\/v2\/product_cat?post=49033"},{"taxonomy":"product_tag","embeddable":true,"href":"https:\/\/senabel.com\/sv\/wp-json\/wp\/v2\/product_tag?post=49033"}],"curies":[{"name":"wp","href":"https:\/\/api.w.org\/{rel}","templated":true}]}}