{"id":48992,"date":"2025-03-19T15:35:27","date_gmt":"2025-03-19T15:35:27","guid":{"rendered":"https:\/\/senabel.com\/?post_type=product&#038;p=48992"},"modified":"2025-05-25T19:30:02","modified_gmt":"2025-05-25T19:30:02","slug":"lyxig-torkad-frukt-i-en-snygg-mosaikask-60","status":"publish","type":"product","link":"https:\/\/senabel.com\/sv\/product\/%d9%81%d9%88%d8%a7%d9%83%d9%87-%d9%85%d8%ac%d9%81%d9%81%d8%a9-%d9%81%d8%a7%d8%ae%d8%b1%d8%a9-%d8%a8%d8%b9%d9%84%d8%a8%d8%a9-%d9%85%d9%88%d8%b2%d8%a7%d9%8a%d9%8a%d9%83-%d8%a3%d9%86%d9%8a%d9%82%d8%a9-60\/","title":{"rendered":"Lyxiga torkade frukter i en elegant mosaikask 600g"},"content":{"rendered":"<p data-start=\"50\" data-end=\"321\">Njut av en lyxig upplevelse med v\u00e5r noggrant utvalda kollektion av torkad frukt, presenterad i en elegant orientaliskt inspirerad mosaikask. Sortimentet inneh\u00e5ller en m\u00e4ngd olika naturliga torkade frukter, omsorgsfullt konserverade f\u00f6r att bevara sin fr\u00e4scha smak och sitt n\u00e4ringsv\u00e4rde.<\/p>\n<p data-start=\"323\" data-end=\"553\"><strong data-start=\"326\" data-end=\"339\">Funktioner:<\/strong><br data-start=\"339\" data-end=\"342\" \/>\u2714 Ett sortiment av torkade frukter av finaste kvalitet.<br data-start=\"388\" data-end=\"391\" \/>\u2714 En pl\u00e5nbok i ett lyxigt mosaikfodral som passar f\u00f6r presenter och speciella tillf\u00e4llen.<br data-start=\"453\" data-end=\"456\" \/>\u2714 Rik p\u00e5 naturliga n\u00e4rings\u00e4mnen och vitaminer.<br data-start=\"503\" data-end=\"506\" \/>\u2714 Fri fr\u00e5n konserveringsmedel och konstgjorda tillsatser.<\/p>\n<p data-start=\"555\" data-end=\"578\"><strong data-start=\"558\" data-end=\"576\">Produktinformation:<\/strong><\/p>\n<ul data-start=\"579\" data-end=\"806\">\n<li data-start=\"579\" data-end=\"664\"><strong data-start=\"581\" data-end=\"594\">Ingredienser:<\/strong> En m\u00e4ngd olika torkade frukter (aprikoser, fikon, ananas, k\u00f6rsb\u00e4r etc.).<\/li>\n<li data-start=\"579\" data-end=\"664\"><strong>Vikt<\/strong>: 600g<\/li>\n<li data-start=\"665\" data-end=\"720\"><strong data-start=\"667\" data-end=\"679\">F\u00f6rpackning:<\/strong> Dekorativ mosaikl\u00e5da i tr\u00e4 med lyxig design.<\/li>\n<li data-start=\"721\" data-end=\"806\"><strong data-start=\"723\" data-end=\"741\">F\u00f6rvaringsmetoden:<\/strong> F\u00f6rvara p\u00e5 en sval, torr plats, skyddad fr\u00e5n fukt och direkt solljus.<\/li>\n<\/ul>\n<p data-start=\"808\" data-end=\"858\" data-is-last-node=\"\"><strong data-start=\"811\" data-end=\"854\">En perfekt present till dem som \u00e4lskar kvalitet och smak<\/strong><\/p>","protected":false},"excerpt":{"rendered":"<p>Njut av en lyxig upplevelse med v\u00e5r noggrant utvalda kollektion av torkad frukt, presenterad i en elegant orientaliskt inspirerad mosaikask. Sortimentet inneh\u00e5ller en m\u00e4ngd olika naturliga torkade frukter, omsorgsfullt konserverade f\u00f6r att bevara sin fr\u00e4scha smak och sitt n\u00e4ringsv\u00e4rde.<\/p>","protected":false},"featured_media":47512,"template":"","meta":[],"product_brand":[],"product_cat":[349,309,299,367],"product_tag":[],"class_list":{"0":"post-48992","1":"product","2":"type-product","3":"status-publish","4":"has-post-thumbnail","6":"product_cat-349","7":"product_cat-309","8":"product_cat-299","9":"product_cat-367","11":"first","12":"outofstock","13":"taxable","14":"shipping-taxable","15":"purchasable","16":"product-type-simple"},"_links":{"self":[{"href":"https:\/\/senabel.com\/sv\/wp-json\/wp\/v2\/product\/48992","targetHints":{"allow":["GET"]}}],"collection":[{"href":"https:\/\/senabel.com\/sv\/wp-json\/wp\/v2\/product"}],"about":[{"href":"https:\/\/senabel.com\/sv\/wp-json\/wp\/v2\/types\/product"}],"version-history":[{"count":2,"href":"https:\/\/senabel.com\/sv\/wp-json\/wp\/v2\/product\/48992\/revisions"}],"predecessor-version":[{"id":50022,"href":"https:\/\/senabel.com\/sv\/wp-json\/wp\/v2\/product\/48992\/revisions\/50022"}],"wp:featuredmedia":[{"embeddable":true,"href":"https:\/\/senabel.com\/sv\/wp-json\/wp\/v2\/media\/47512"}],"wp:attachment":[{"href":"https:\/\/senabel.com\/sv\/wp-json\/wp\/v2\/media?parent=48992"}],"wp:term":[{"taxonomy":"product_brand","embeddable":true,"href":"https:\/\/senabel.com\/sv\/wp-json\/wp\/v2\/product_brand?post=48992"},{"taxonomy":"product_cat","embeddable":true,"href":"https:\/\/senabel.com\/sv\/wp-json\/wp\/v2\/product_cat?post=48992"},{"taxonomy":"product_tag","embeddable":true,"href":"https:\/\/senabel.com\/sv\/wp-json\/wp\/v2\/product_tag?post=48992"}],"curies":[{"name":"wp","href":"https:\/\/api.w.org\/{rel}","templated":true}]}}