{"id":48967,"date":"2025-03-19T14:42:50","date_gmt":"2025-03-19T14:42:50","guid":{"rendered":"https:\/\/senabel.com\/?post_type=product&#038;p=48967"},"modified":"2025-04-06T12:35:48","modified_gmt":"2025-04-06T12:35:48","slug":"vitsocker-paket-100g","status":"publish","type":"product","link":"https:\/\/senabel.com\/sv\/product\/%d9%82%d8%b6%d8%a7%d9%85%d8%a9-%d8%a8%d8%b3%d9%83%d8%b1-%d8%a7%d9%84%d8%a8%d9%8a%d8%b6%d8%a7%d8%a1-100%d8%ba\/","title":{"rendered":"Vitsocker paket 100g"},"content":{"rendered":"<p data-start=\"34\" data-end=\"231\">Med ett knaprigt \u00f6verdrag av socker \u00e4r detta ett uts\u00f6kt mellanm\u00e5l som passar perfekt f\u00f6r dem som gillar s\u00f6tsaker. Passar utm\u00e4rkt till kaffe, te eller som en speciell behandling!<\/p>\n<p data-start=\"233\" data-end=\"438\"><strong data-start=\"236\" data-end=\"249\">Funktioner:<\/strong><br data-start=\"249\" data-end=\"252\" \/>\u2714 Rostade kik\u00e4rtor toppade med knaprigt socker.<br data-start=\"296\" data-end=\"299\" \/>\u2714 Balanserad smak med en kombination av s\u00f6tma och krispighet.<br data-start=\"338\" data-end=\"341\" \/>\u2714 Perfekt f\u00f6r underh\u00e5llning vid familjeh\u00f6gtider och sammankomster.<br data-start=\"388\" data-end=\"391\" \/>\u2714 Fri fr\u00e5n konserveringsmedel och artificiella f\u00e4rg\u00e4mnen.<\/p>\n<p data-start=\"233\" data-end=\"438\"><strong data-start=\"443\" data-end=\"461\">Produktinformation:<\/strong><\/p>\n<ul data-start=\"464\" data-end=\"594\">\n<li data-start=\"464\" data-end=\"488\"><strong data-start=\"466\" data-end=\"476\">Vikt:<\/strong> 100 gram.<\/li>\n<li data-start=\"489\" data-end=\"521\"><strong data-start=\"491\" data-end=\"504\">Ingredienser:<\/strong> Rostade kik\u00e4rtor, socker.<\/li>\n<li data-start=\"522\" data-end=\"594\"><strong data-start=\"524\" data-end=\"540\">S\u00e4ttet att spara:<\/strong> F\u00f6rvara p\u00e5 en sval, torr plats, skyddad fr\u00e5n fukt och v\u00e4rme.<\/li>\n<\/ul>\n<p data-start=\"596\" data-end=\"642\" data-is-last-node=\"\" data-is-only-node=\"\"><strong data-start=\"599\" data-end=\"642\" data-is-last-node=\"\">Oemotst\u00e5ndlig underh\u00e5llning med en traditionell sockerr\u00f6rsr\u00f6r<\/strong><\/p>","protected":false},"excerpt":{"rendered":"<p>Med ett knaprigt \u00f6verdrag av socker \u00e4r detta ett uts\u00f6kt mellanm\u00e5l som passar perfekt f\u00f6r dem som gillar s\u00f6tsaker. Passar utm\u00e4rkt till kaffe, te eller som en speciell behandling!<\/p>","protected":false},"featured_media":48463,"template":"","meta":[],"product_brand":[],"product_cat":[349,347,308],"product_tag":[],"class_list":{"0":"post-48967","1":"product","2":"type-product","3":"status-publish","4":"has-post-thumbnail","6":"product_cat-349","7":"product_cat-347","8":"product_cat-308","10":"first","11":"outofstock","12":"taxable","13":"shipping-taxable","14":"purchasable","15":"product-type-simple"},"_links":{"self":[{"href":"https:\/\/senabel.com\/sv\/wp-json\/wp\/v2\/product\/48967","targetHints":{"allow":["GET"]}}],"collection":[{"href":"https:\/\/senabel.com\/sv\/wp-json\/wp\/v2\/product"}],"about":[{"href":"https:\/\/senabel.com\/sv\/wp-json\/wp\/v2\/types\/product"}],"version-history":[{"count":1,"href":"https:\/\/senabel.com\/sv\/wp-json\/wp\/v2\/product\/48967\/revisions"}],"predecessor-version":[{"id":48968,"href":"https:\/\/senabel.com\/sv\/wp-json\/wp\/v2\/product\/48967\/revisions\/48968"}],"wp:featuredmedia":[{"embeddable":true,"href":"https:\/\/senabel.com\/sv\/wp-json\/wp\/v2\/media\/48463"}],"wp:attachment":[{"href":"https:\/\/senabel.com\/sv\/wp-json\/wp\/v2\/media?parent=48967"}],"wp:term":[{"taxonomy":"product_brand","embeddable":true,"href":"https:\/\/senabel.com\/sv\/wp-json\/wp\/v2\/product_brand?post=48967"},{"taxonomy":"product_cat","embeddable":true,"href":"https:\/\/senabel.com\/sv\/wp-json\/wp\/v2\/product_cat?post=48967"},{"taxonomy":"product_tag","embeddable":true,"href":"https:\/\/senabel.com\/sv\/wp-json\/wp\/v2\/product_tag?post=48967"}],"curies":[{"name":"wp","href":"https:\/\/api.w.org\/{rel}","templated":true}]}}