{"id":48924,"date":"2025-03-18T23:50:50","date_gmt":"2025-03-18T23:50:50","guid":{"rendered":"https:\/\/senabel.com\/?post_type=product&#038;p=48924"},"modified":"2025-07-01T12:52:35","modified_gmt":"2025-07-01T12:52:35","slug":"triangel-komfort-500g","status":"publish","type":"product","link":"https:\/\/senabel.com\/sv\/product\/%d8%b1%d8%a7%d8%ad%d8%a9-%d9%85%d8%ab%d9%84%d8%ab-500%d8%ba\/","title":{"rendered":"Triangel Komfort 500g"},"content":{"rendered":"<p data-start=\"34\" data-end=\"288\">Njut av en autentisk orientalisk smak med <strong data-start=\"74\" data-end=\"87\">Triangelkomfort<\/strong> Rik p\u00e5 n\u00f6tter! Denna traditionella dessert \u00e4r omsorgsfullt framst\u00e4lld av <strong data-start=\"144\" data-end=\"179\">Socker och honung med en antydan till vanilj<\/strong>och toppas med ett kr\u00e4migt lager av <strong data-start=\"203\" data-end=\"227\">Pistasch Pistachio<\/strong>F\u00f6r att ge dig en full smakupplevelse mellan mjukhet och krispighet i varje bit.<\/p>\n<p data-start=\"290\" data-end=\"488\"><strong data-start=\"293\" data-end=\"306\">Funktioner:<\/strong><br data-start=\"306\" data-end=\"309\" \/>\u2714 <strong data-start=\"311\" data-end=\"346\">Fylld med de finaste pistagen\u00f6tterna<\/strong><br data-start=\"349\" data-end=\"352\" \/>\u2714 <strong data-start=\"354\" data-end=\"393\" data-is-only-node=\"\">Utm\u00e4rkande triangul\u00e4r form f\u00f6r enkel servering och \u00e4tning<\/strong><br data-start=\"393\" data-end=\"396\" \/>\u2714 <strong data-start=\"398\" data-end=\"435\">En traditionell orientalisk dessert med en oemotst\u00e5ndlig smak<\/strong><br data-start=\"435\" data-end=\"438\" \/>\u2714 <strong data-start=\"440\" data-end=\"486\">Individuellt f\u00f6rpackade f\u00f6r att bevara smak och f\u00e4rskhet<\/strong><\/p>\n<p data-start=\"490\" data-end=\"513\"><strong data-start=\"493\" data-end=\"511\">Produktinformation:<\/strong><\/p>\n<ul data-start=\"514\" data-end=\"676\">\n<li data-start=\"514\" data-end=\"537\"><strong data-start=\"516\" data-end=\"526\">Vikt:<\/strong> 500g<\/li>\n<li><strong>Antalet delar:<\/strong> Ett kilo inneh\u00e5ller cirka 20 - 25 stycken<\/li>\n<li data-start=\"538\" data-end=\"601\"><strong data-start=\"540\" data-end=\"553\">Ingredienser:<\/strong> Socker, honung, vanilj, glukos, rosenvatten, pistaschmandel<\/li>\n<li data-start=\"602\" data-end=\"676\"><strong data-start=\"604\" data-end=\"620\">S\u00e4ttet att spara:<\/strong> F\u00f6rvaras svalt, torrt och skyddat fr\u00e5n direkt solljus<\/li>\n<\/ul>\n<p data-start=\"678\" data-end=\"744\" data-is-last-node=\"\" data-is-only-node=\"\"><strong data-start=\"680\" data-end=\"741\">Raha Triangle - en lyxig orientalisk smak som ger en distinkt touch till din g\u00e4stfrihet<\/strong><\/p>","protected":false},"excerpt":{"rendered":"<p>Njut av en autentisk orientalisk smak med <strong data-start=\"74\" data-end=\"87\">Triangelkomfort<\/strong> Rik p\u00e5 n\u00f6tter! Denna traditionella dessert \u00e4r omsorgsfullt framst\u00e4lld av <strong data-start=\"144\" data-end=\"179\">Socker och honung med en antydan till vanilj<\/strong>och toppas med ett kr\u00e4migt lager av <strong data-start=\"203\" data-end=\"227\">Pistasch Pistachio<\/strong>F\u00f6r att ge dig en full smakupplevelse mellan mjukhet och krispighet i varje bit.<\/p>","protected":false},"featured_media":48925,"template":"","meta":[],"product_brand":[],"product_cat":[299,227],"product_tag":[],"class_list":{"0":"post-48924","1":"product","2":"type-product","3":"status-publish","4":"has-post-thumbnail","6":"product_cat-299","7":"product_cat-227","9":"first","10":"outofstock","11":"sale","12":"taxable","13":"shipping-taxable","14":"purchasable","15":"product-type-simple"},"_links":{"self":[{"href":"https:\/\/senabel.com\/sv\/wp-json\/wp\/v2\/product\/48924","targetHints":{"allow":["GET"]}}],"collection":[{"href":"https:\/\/senabel.com\/sv\/wp-json\/wp\/v2\/product"}],"about":[{"href":"https:\/\/senabel.com\/sv\/wp-json\/wp\/v2\/types\/product"}],"version-history":[{"count":3,"href":"https:\/\/senabel.com\/sv\/wp-json\/wp\/v2\/product\/48924\/revisions"}],"predecessor-version":[{"id":53401,"href":"https:\/\/senabel.com\/sv\/wp-json\/wp\/v2\/product\/48924\/revisions\/53401"}],"wp:featuredmedia":[{"embeddable":true,"href":"https:\/\/senabel.com\/sv\/wp-json\/wp\/v2\/media\/48925"}],"wp:attachment":[{"href":"https:\/\/senabel.com\/sv\/wp-json\/wp\/v2\/media?parent=48924"}],"wp:term":[{"taxonomy":"product_brand","embeddable":true,"href":"https:\/\/senabel.com\/sv\/wp-json\/wp\/v2\/product_brand?post=48924"},{"taxonomy":"product_cat","embeddable":true,"href":"https:\/\/senabel.com\/sv\/wp-json\/wp\/v2\/product_cat?post=48924"},{"taxonomy":"product_tag","embeddable":true,"href":"https:\/\/senabel.com\/sv\/wp-json\/wp\/v2\/product_tag?post=48924"}],"curies":[{"name":"wp","href":"https:\/\/api.w.org\/{rel}","templated":true}]}}