{"id":48900,"date":"2025-03-18T22:47:04","date_gmt":"2025-03-18T22:47:04","guid":{"rendered":"https:\/\/senabel.com\/?post_type=product&#038;p=48900"},"modified":"2025-07-01T12:53:25","modified_gmt":"2025-07-01T12:53:25","slug":"pistaschmandel-500g","status":"publish","type":"product","link":"https:\/\/senabel.com\/sv\/product\/%d8%b1%d8%a7%d8%ad%d8%a9-%d9%85%d8%b1%d8%a8%d8%b9%d8%a9-%d8%a8%d8%a7%d9%84%d9%81%d8%b3%d8%aa%d9%82-%d8%a7%d9%84%d8%ad%d9%84%d8%a8%d9%8a-500%d8%ba\/","title":{"rendered":"Pistaschmandel 500g"},"content":{"rendered":"<p data-start=\"51\" data-end=\"302\">Njut av smaken av <strong data-start=\"80\" data-end=\"106\">Lyxig fyrkantig komfort<\/strong> Dessa pistaschkakor \u00e4r gjorda av pistagen\u00f6tter av finaste kvalitet och har en rik, orientalisk smak som kombinerar en mjuk konsistens med en uts\u00f6kt n\u00f6tsmak. Perfekt f\u00f6r dem som \u00e4lskar traditionella s\u00f6tsaker med en elegant design som g\u00f6r den perfekt f\u00f6r g\u00e5vor och presentationer.<\/p>\n<p data-start=\"304\" data-end=\"504\"><strong data-start=\"307\" data-end=\"320\">Funktioner:<\/strong><br data-start=\"320\" data-end=\"323\" \/>\u2714 <strong data-start=\"325\" data-end=\"363\">Tillverkad av de finaste pistagen\u00f6tterna<\/strong><br data-start=\"366\" data-end=\"369\" \/>\u2714 <strong data-start=\"371\" data-end=\"420\" data-is-only-node=\"\">Perfekt s\u00f6tma med en bra balans mellan textur och smak<\/strong><br data-start=\"420\" data-end=\"423\" \/>\u2714 <strong data-start=\"425\" data-end=\"461\">Individuell f\u00f6rpackning f\u00f6r att bevara smak och f\u00e4rskhet<\/strong><br data-start=\"461\" data-end=\"464\" \/>\u2714 <strong data-start=\"466\" data-end=\"502\">Idealisk f\u00f6r evenemang och fina middagar<\/strong><\/p>\n<p data-start=\"506\" data-end=\"529\"><strong data-start=\"509\" data-end=\"527\">Produktinformation:<\/strong><\/p>\n<ul data-start=\"530\" data-end=\"693\">\n<li data-start=\"530\" data-end=\"553\"><strong data-start=\"532\" data-end=\"542\">Vikt:<\/strong> 500g<\/li>\n<li><strong>Antalet delar:<\/strong> Ett kilo inneh\u00e5ller cirka 20 - 25 stycken<\/li>\n<li data-start=\"554\" data-end=\"618\"><strong data-start=\"556\" data-end=\"569\">Ingredienser:<\/strong> Socker, glukos, pistagen\u00f6tter, rosenvatten, naturliga aromer<\/li>\n<li data-start=\"619\" data-end=\"693\"><strong data-start=\"621\" data-end=\"637\">S\u00e4ttet att spara:<\/strong> F\u00f6rvaras svalt, torrt och skyddat fr\u00e5n direkt solljus<\/li>\n<\/ul>\n<p data-start=\"695\" data-end=\"764\" data-is-last-node=\"\" data-is-only-node=\"\"><strong data-start=\"698\" data-end=\"761\">Pistachio Square Raha - autentisk orientalisk smak i en lyxig milj\u00f6<\/strong><\/p>","protected":false},"excerpt":{"rendered":"<p>Njut av smaken av <strong data-start=\"80\" data-end=\"106\">Lyxig fyrkantig komfort<\/strong> Dessa pistaschkakor \u00e4r gjorda av pistagen\u00f6tter av finaste kvalitet och har en rik, orientalisk smak som kombinerar en mjuk konsistens med en uts\u00f6kt n\u00f6tsmak. Perfekt f\u00f6r dem som \u00e4lskar traditionella s\u00f6tsaker med en elegant design som g\u00f6r den perfekt f\u00f6r g\u00e5vor och presentationer.<\/p>","protected":false},"featured_media":48901,"template":"","meta":[],"product_brand":[],"product_cat":[299,227],"product_tag":[],"class_list":{"0":"post-48900","1":"product","2":"type-product","3":"status-publish","4":"has-post-thumbnail","6":"product_cat-299","7":"product_cat-227","9":"first","10":"outofstock","11":"sale","12":"taxable","13":"shipping-taxable","14":"purchasable","15":"product-type-simple"},"_links":{"self":[{"href":"https:\/\/senabel.com\/sv\/wp-json\/wp\/v2\/product\/48900","targetHints":{"allow":["GET"]}}],"collection":[{"href":"https:\/\/senabel.com\/sv\/wp-json\/wp\/v2\/product"}],"about":[{"href":"https:\/\/senabel.com\/sv\/wp-json\/wp\/v2\/types\/product"}],"version-history":[{"count":4,"href":"https:\/\/senabel.com\/sv\/wp-json\/wp\/v2\/product\/48900\/revisions"}],"predecessor-version":[{"id":53408,"href":"https:\/\/senabel.com\/sv\/wp-json\/wp\/v2\/product\/48900\/revisions\/53408"}],"wp:featuredmedia":[{"embeddable":true,"href":"https:\/\/senabel.com\/sv\/wp-json\/wp\/v2\/media\/48901"}],"wp:attachment":[{"href":"https:\/\/senabel.com\/sv\/wp-json\/wp\/v2\/media?parent=48900"}],"wp:term":[{"taxonomy":"product_brand","embeddable":true,"href":"https:\/\/senabel.com\/sv\/wp-json\/wp\/v2\/product_brand?post=48900"},{"taxonomy":"product_cat","embeddable":true,"href":"https:\/\/senabel.com\/sv\/wp-json\/wp\/v2\/product_cat?post=48900"},{"taxonomy":"product_tag","embeddable":true,"href":"https:\/\/senabel.com\/sv\/wp-json\/wp\/v2\/product_tag?post=48900"}],"curies":[{"name":"wp","href":"https:\/\/api.w.org\/{rel}","templated":true}]}}