{"id":48890,"date":"2025-03-18T22:34:06","date_gmt":"2025-03-18T22:34:06","guid":{"rendered":"https:\/\/senabel.com\/?post_type=product&#038;p=48890"},"modified":"2025-07-01T12:53:52","modified_gmt":"2025-07-01T12:53:52","slug":"raha-hajjaj-stor-500g","status":"publish","type":"product","link":"https:\/\/senabel.com\/sv\/product\/%d8%b1%d8%a7%d8%ad%d8%a9-%d8%ad%d8%ac%d8%a7%d8%ac-%d9%83%d8%a8%d9%8a%d8%b1%d8%a9-500%d8%ba\/","title":{"rendered":"Raha Hajjaj Stor 500g"},"content":{"rendered":"<p data-start=\"51\" data-end=\"188\">Njut av <strong data-start=\"81\" data-end=\"104\">Lyxig pilgrimskomfort<\/strong> Hela pistaschbitar ger rik smak och en oemotst\u00e5ndlig krispig konsistens<\/p>\n<p data-start=\"190\" data-end=\"398\"><strong data-start=\"193\" data-end=\"206\">Funktioner:<\/strong><br data-start=\"206\" data-end=\"209\" \/>\u2714 <strong data-start=\"211\" data-end=\"246\">Fylld med de finaste pistagen\u00f6tterna<\/strong> .<br data-start=\"251\" data-end=\"254\" \/>\u2714 <strong data-start=\"256\" data-end=\"298\" data-is-only-node=\"\">Smidig och mjuk konsistens med en distinkt pistaschkrisp<\/strong> .<br data-start=\"302\" data-end=\"305\" \/>\u2714 <strong data-start=\"307\" data-end=\"343\">Idealisk f\u00f6r evenemang och fina middagar<\/strong>.<br data-start=\"349\" data-end=\"352\" \/>\u2714 <strong data-start=\"354\" data-end=\"392\">Tillverkad med naturliga ingredienser och h\u00f6g kvalitet<\/strong>.<\/p>\n<p data-start=\"400\" data-end=\"423\"><strong data-start=\"403\" data-end=\"421\">Produktinformation:<\/strong><\/p>\n<ul data-start=\"424\" data-end=\"625\">\n<li data-start=\"424\" data-end=\"448\"><strong data-start=\"426\" data-end=\"436\">Vikt:<\/strong> 500 gram.<\/li>\n<li><strong>Antalet delar:<\/strong> Ett kilo inneh\u00e5ller cirka 20 - 25 stycken<\/li>\n<li data-start=\"484\" data-end=\"549\"><strong data-start=\"486\" data-end=\"499\">Ingredienser:<\/strong> Pistaschmandlar, socker, glukos, rosenvatten, naturliga aromer.<\/li>\n<li data-start=\"550\" data-end=\"625\"><strong data-start=\"552\" data-end=\"568\">S\u00e4ttet att spara:<\/strong> F\u00f6rvaras torrt, svalt och skyddat fr\u00e5n direkt solljus.<\/li>\n<\/ul>\n<p data-start=\"627\" data-end=\"717\" data-is-last-node=\"\" data-is-only-node=\"\">\u00a0<strong data-start=\"630\" data-end=\"714\">Pilgrims Big Comfort \u00e4r det perfekta valet f\u00f6r dig som \u00e4lskar autentiska smaker och kvalitet! Prova den idag<\/strong><\/p>","protected":false},"excerpt":{"rendered":"<p>Njut av <strong data-start=\"81\" data-end=\"104\">Lyxig pilgrimskomfort<\/strong> Hela pistaschbitar ger rik smak och en oemotst\u00e5ndlig krispig konsistens<\/p>","protected":false},"featured_media":48891,"template":"","meta":[],"product_brand":[],"product_cat":[299],"product_tag":[],"class_list":{"0":"post-48890","1":"product","2":"type-product","3":"status-publish","4":"has-post-thumbnail","6":"product_cat-299","8":"first","9":"outofstock","10":"taxable","11":"shipping-taxable","12":"purchasable","13":"product-type-simple"},"_links":{"self":[{"href":"https:\/\/senabel.com\/sv\/wp-json\/wp\/v2\/product\/48890","targetHints":{"allow":["GET"]}}],"collection":[{"href":"https:\/\/senabel.com\/sv\/wp-json\/wp\/v2\/product"}],"about":[{"href":"https:\/\/senabel.com\/sv\/wp-json\/wp\/v2\/types\/product"}],"version-history":[{"count":2,"href":"https:\/\/senabel.com\/sv\/wp-json\/wp\/v2\/product\/48890\/revisions"}],"predecessor-version":[{"id":53411,"href":"https:\/\/senabel.com\/sv\/wp-json\/wp\/v2\/product\/48890\/revisions\/53411"}],"wp:featuredmedia":[{"embeddable":true,"href":"https:\/\/senabel.com\/sv\/wp-json\/wp\/v2\/media\/48891"}],"wp:attachment":[{"href":"https:\/\/senabel.com\/sv\/wp-json\/wp\/v2\/media?parent=48890"}],"wp:term":[{"taxonomy":"product_brand","embeddable":true,"href":"https:\/\/senabel.com\/sv\/wp-json\/wp\/v2\/product_brand?post=48890"},{"taxonomy":"product_cat","embeddable":true,"href":"https:\/\/senabel.com\/sv\/wp-json\/wp\/v2\/product_cat?post=48890"},{"taxonomy":"product_tag","embeddable":true,"href":"https:\/\/senabel.com\/sv\/wp-json\/wp\/v2\/product_tag?post=48890"}],"curies":[{"name":"wp","href":"https:\/\/api.w.org\/{rel}","templated":true}]}}