{"id":48884,"date":"2025-03-18T23:53:35","date_gmt":"2025-03-18T23:53:35","guid":{"rendered":"https:\/\/senabel.com\/?post_type=product&#038;p=48884"},"modified":"2025-05-29T08:00:31","modified_gmt":"2025-05-29T08:00:31","slug":"tayash-godis-med-karamellsmak-700g","status":"publish","type":"product","link":"https:\/\/senabel.com\/sv\/product\/%d8%b3%d9%83%d8%a7%d9%83%d8%b1-%d8%a8%d8%b7%d8%b9%d9%85-%d8%a7%d9%84%d9%83%d8%b1%d8%a7%d9%85%d9%8a%d9%84-%d8%aa%d8%a7%d9%8a%d8%a7%d8%b4-700%d8%ba\/","title":{"rendered":"Godis med karamellsmak - Tayash 700g"},"content":{"rendered":"<p data-start=\"53\" data-end=\"214\">Njut av den rika, kr\u00e4miga karamellsmaken med <strong data-start=\"108\" data-end=\"131\">Salta karamellgodis<\/strong> Fr\u00e5n <strong data-start=\"135\" data-end=\"144\">Tayash<\/strong>! Varje bit \u00e4r fylld med en uts\u00f6kt mj\u00f6lk- och karamellsmak som sm\u00e4lter i munnen.<\/p>\n<p data-start=\"216\" data-end=\"426\"><strong data-start=\"219\" data-end=\"232\">Funktioner:<\/strong><br data-start=\"232\" data-end=\"235\" \/>\u2714 <strong data-start=\"237\" data-end=\"273\">Mjuk karamellfyllning blandad med mj\u00f6lk<\/strong> .<br data-start=\"279\" data-end=\"282\" \/>\u2714 <strong data-start=\"284\" data-end=\"320\" data-is-only-node=\"\">Smidig konsistens som sm\u00e4lter i munnen och ger en rik smak<\/strong> .<br data-start=\"324\" data-end=\"327\" \/>\u2714 <strong data-start=\"329\" data-end=\"372\">Perfekt att njuta av n\u00e4r som helst, var som helst<\/strong>.<br data-start=\"378\" data-end=\"381\" \/>\u2714 <strong data-start=\"383\" data-end=\"420\">L\u00e4mplig f\u00f6r b\u00e5de vuxna och barn<\/strong>.<\/p>\n<p data-start=\"428\" data-end=\"451\"><strong data-start=\"431\" data-end=\"449\">Produktinformation:<\/strong><\/p>\n<ul data-start=\"452\" data-end=\"623\">\n<li data-start=\"452\" data-end=\"476\"><strong data-start=\"454\" data-end=\"464\">Vikt:<\/strong> 700 gram.<\/li>\n<li data-start=\"477\" data-end=\"547\"><strong data-start=\"479\" data-end=\"492\">Ingredienser:<\/strong> Socker, glukossirap, karamell, mj\u00f6lkpulver, naturliga aromer.<\/li>\n<li data-start=\"548\" data-end=\"623\"><strong data-start=\"550\" data-end=\"566\">S\u00e4ttet att spara:<\/strong> F\u00f6rvaras torrt, svalt och skyddat fr\u00e5n direkt solljus.<\/li>\n<\/ul>\n<p data-start=\"625\" data-end=\"702\" data-is-last-node=\"\" data-is-only-node=\"\"><strong data-start=\"628\" data-end=\"699\">Prova Savoury Caramel nu och njut av den fylliga karamellsmaken av mj\u00f6lk<\/strong><\/p>","protected":false},"excerpt":{"rendered":"<p>Njut av den rika, kr\u00e4miga karamellsmaken med <strong data-start=\"108\" data-end=\"131\">Salta karamellgodis<\/strong> Fr\u00e5n <strong data-start=\"135\" data-end=\"144\">Tayash<\/strong>! Varje bit \u00e4r fylld med en uts\u00f6kt mj\u00f6lk- och karamellsmak som sm\u00e4lter i munnen.<\/p>","protected":false},"featured_media":48886,"template":"","meta":[],"product_brand":[],"product_cat":[299,297],"product_tag":[],"class_list":{"0":"post-48884","1":"product","2":"type-product","3":"status-publish","4":"has-post-thumbnail","6":"product_cat-299","7":"product_cat-297","9":"first","10":"outofstock","11":"taxable","12":"shipping-taxable","13":"purchasable","14":"product-type-simple"},"_links":{"self":[{"href":"https:\/\/senabel.com\/sv\/wp-json\/wp\/v2\/product\/48884","targetHints":{"allow":["GET"]}}],"collection":[{"href":"https:\/\/senabel.com\/sv\/wp-json\/wp\/v2\/product"}],"about":[{"href":"https:\/\/senabel.com\/sv\/wp-json\/wp\/v2\/types\/product"}],"version-history":[{"count":2,"href":"https:\/\/senabel.com\/sv\/wp-json\/wp\/v2\/product\/48884\/revisions"}],"predecessor-version":[{"id":48888,"href":"https:\/\/senabel.com\/sv\/wp-json\/wp\/v2\/product\/48884\/revisions\/48888"}],"wp:featuredmedia":[{"embeddable":true,"href":"https:\/\/senabel.com\/sv\/wp-json\/wp\/v2\/media\/48886"}],"wp:attachment":[{"href":"https:\/\/senabel.com\/sv\/wp-json\/wp\/v2\/media?parent=48884"}],"wp:term":[{"taxonomy":"product_brand","embeddable":true,"href":"https:\/\/senabel.com\/sv\/wp-json\/wp\/v2\/product_brand?post=48884"},{"taxonomy":"product_cat","embeddable":true,"href":"https:\/\/senabel.com\/sv\/wp-json\/wp\/v2\/product_cat?post=48884"},{"taxonomy":"product_tag","embeddable":true,"href":"https:\/\/senabel.com\/sv\/wp-json\/wp\/v2\/product_tag?post=48884"}],"curies":[{"name":"wp","href":"https:\/\/api.w.org\/{rel}","templated":true}]}}