{"id":48820,"date":"2025-03-18T21:18:19","date_gmt":"2025-03-18T21:18:19","guid":{"rendered":"https:\/\/senabel.com\/?post_type=product&#038;p=48820"},"modified":"2026-04-26T18:07:12","modified_gmt":"2026-04-26T18:07:12","slug":"milkshake-med-vit-mandel-500g","status":"publish","type":"product","link":"https:\/\/senabel.com\/sv\/product\/%d9%85%d9%84%d8%a8%d8%b3-%d8%a7%d9%84%d9%84%d9%88%d8%b2-%d8%a7%d9%84%d8%a3%d8%a8%d9%8a%d8%b6-500%d8%ba\/","title":{"rendered":"Milkshake med vit mandel 500g"},"content":{"rendered":"<p data-start=\"32\" data-end=\"205\">Lyxiga mandlar toppade med ett knaprigt \u00f6verdrag av vitt socker, perfekt f\u00f6r eleganta tillf\u00e4llen som br\u00f6llop, f\u00f6delsedagar och h\u00f6gtider, vilket ger en touch av renhet och lyx.<\/p>\n<p data-start=\"207\" data-end=\"433\"><strong data-start=\"210\" data-end=\"223\">Funktioner:<\/strong><br data-start=\"223\" data-end=\"226\" \/>\u2714 <strong data-start=\"228\" data-end=\"247\">Mandlar av h\u00f6g kvalitet<\/strong> Belagda med ett knaprigt socker\u00f6verdrag.<br data-start=\"270\" data-end=\"273\" \/>\u2714 <strong data-start=\"275\" data-end=\"292\" data-is-only-node=\"\">Elegant vit f\u00e4rg<\/strong> Passar f\u00f6r alla lyxiga tillf\u00e4llen.<br data-start=\"322\" data-end=\"325\" \/>\u2714 <strong data-start=\"327\" data-end=\"380\">En uts\u00f6kt smak som kombinerar sockrets knaprighet med mandelns rika smak<\/strong>.<br data-start=\"381\" data-end=\"384\" \/>\u2714 <strong data-start=\"386\" data-end=\"430\">Perfekt f\u00f6r fester, g\u00e5vor och lyxiga mottagningar<\/strong>.<\/p>\n<p data-start=\"435\" data-end=\"458\"><strong data-start=\"438\" data-end=\"456\">Produktinformation:<\/strong><\/p>\n<ul data-start=\"459\" data-end=\"613\">\n<li data-start=\"459\" data-end=\"483\"><strong data-start=\"461\" data-end=\"471\">Vikt:<\/strong> 500 gram.<\/li>\n<li data-start=\"484\" data-end=\"528\"><strong data-start=\"486\" data-end=\"499\">Ingredienser:<\/strong> Mandlar, socker, naturlig livsmedelsf\u00e4rg.<\/li>\n<li data-start=\"529\" data-end=\"613\"><strong data-start=\"531\" data-end=\"547\">S\u00e4ttet att spara:<\/strong> F\u00f6rvara p\u00e5 en sval, torr plats, skyddad fr\u00e5n fukt och direkt solljus.<\/li>\n<\/ul>\n<p data-start=\"615\" data-end=\"687\" data-is-last-node=\"\" data-is-only-node=\"\">\u00a0<strong data-start=\"618\" data-end=\"684\">Skapa en k\u00e4nsla av lugn och elegans p\u00e5 dina evenemang med en vit mandelkl\u00e4nning<\/strong><\/p>","protected":false},"excerpt":{"rendered":"<p>Lyxiga mandlar toppade med ett knaprigt \u00f6verdrag av vitt socker, perfekt f\u00f6r eleganta tillf\u00e4llen som br\u00f6llop, f\u00f6delsedagar och h\u00f6gtider, vilket ger en touch av renhet och lyx.<\/p>","protected":false},"featured_media":48821,"template":"","meta":[],"product_brand":[],"product_cat":[299,297],"product_tag":[],"class_list":{"0":"post-48820","1":"product","2":"type-product","3":"status-publish","4":"has-post-thumbnail","6":"product_cat-299","7":"product_cat-297","9":"first","10":"instock","11":"taxable","12":"shipping-taxable","13":"purchasable","14":"product-type-simple"},"_links":{"self":[{"href":"https:\/\/senabel.com\/sv\/wp-json\/wp\/v2\/product\/48820","targetHints":{"allow":["GET"]}}],"collection":[{"href":"https:\/\/senabel.com\/sv\/wp-json\/wp\/v2\/product"}],"about":[{"href":"https:\/\/senabel.com\/sv\/wp-json\/wp\/v2\/types\/product"}],"version-history":[{"count":3,"href":"https:\/\/senabel.com\/sv\/wp-json\/wp\/v2\/product\/48820\/revisions"}],"predecessor-version":[{"id":58006,"href":"https:\/\/senabel.com\/sv\/wp-json\/wp\/v2\/product\/48820\/revisions\/58006"}],"wp:featuredmedia":[{"embeddable":true,"href":"https:\/\/senabel.com\/sv\/wp-json\/wp\/v2\/media\/48821"}],"wp:attachment":[{"href":"https:\/\/senabel.com\/sv\/wp-json\/wp\/v2\/media?parent=48820"}],"wp:term":[{"taxonomy":"product_brand","embeddable":true,"href":"https:\/\/senabel.com\/sv\/wp-json\/wp\/v2\/product_brand?post=48820"},{"taxonomy":"product_cat","embeddable":true,"href":"https:\/\/senabel.com\/sv\/wp-json\/wp\/v2\/product_cat?post=48820"},{"taxonomy":"product_tag","embeddable":true,"href":"https:\/\/senabel.com\/sv\/wp-json\/wp\/v2\/product_tag?post=48820"}],"curies":[{"name":"wp","href":"https:\/\/api.w.org\/{rel}","templated":true}]}}