{"id":48816,"date":"2025-03-18T21:16:17","date_gmt":"2025-03-18T21:16:17","guid":{"rendered":"https:\/\/senabel.com\/?post_type=product&#038;p=48816"},"modified":"2026-04-21T04:28:08","modified_gmt":"2026-04-21T04:28:08","slug":"bla-mandel-milkshake-500g","status":"publish","type":"product","link":"https:\/\/senabel.com\/sv\/product\/%d9%85%d9%84%d8%a8%d8%b3-%d8%a7%d9%84%d9%84%d9%88%d8%b2-%d8%a7%d9%84%d8%a3%d8%b2%d8%b1%d9%82-500%d8%ba\/","title":{"rendered":"Bl\u00e5 Mandel Milkshake 500g"},"content":{"rendered":"<p data-start=\"32\" data-end=\"195\">Lyxiga mandlar med ett knaprigt socker\u00f6verdrag i en distinkt himmelsbl\u00e5 f\u00e4rg. Ett elegant val f\u00f6r br\u00f6llop, f\u00f6delsedagar och andra speciella tillf\u00e4llen.<\/p>\n<p data-start=\"197\" data-end=\"455\"><strong data-start=\"200\" data-end=\"213\">Funktioner:<\/strong><br data-start=\"213\" data-end=\"216\" \/>\u2714 <strong data-start=\"218\" data-end=\"237\">Mandlar av h\u00f6g kvalitet<\/strong> \u00d6verdragna med ett knaprigt sockerlager.<br data-start=\"265\" data-end=\"268\" \/>\u2714 <strong data-start=\"270\" data-end=\"287\" data-is-only-node=\"\">Fantastisk bl\u00e5 f\u00e4rg<\/strong> Det ger elegans och distinktion till g\u00e4stbordet.<br data-start=\"325\" data-end=\"328\" \/>\u2714 <strong data-start=\"330\" data-end=\"388\">En oemotst\u00e5ndlig kombination av lyxig mandelsmak och s\u00f6tma fr\u00e5n socker<\/strong>.<br data-start=\"389\" data-end=\"392\" \/>\u2714 <strong data-start=\"394\" data-end=\"452\">Perfekt f\u00f6r firande, f\u00f6delsedagar, h\u00f6gtider och lyxiga evenemang<\/strong>.<\/p>\n<p data-start=\"457\" data-end=\"480\"><strong data-start=\"460\" data-end=\"478\">Produktinformation:<\/strong><\/p>\n<ul data-start=\"481\" data-end=\"635\">\n<li data-start=\"481\" data-end=\"505\"><strong data-start=\"483\" data-end=\"493\">Vikt:<\/strong> 500 gram.<\/li>\n<li data-start=\"506\" data-end=\"550\"><strong data-start=\"508\" data-end=\"521\">Ingredienser:<\/strong> Mandlar, socker, naturlig livsmedelsf\u00e4rg.<\/li>\n<li data-start=\"551\" data-end=\"635\"><strong data-start=\"553\" data-end=\"569\">S\u00e4ttet att spara:<\/strong> F\u00f6rvara p\u00e5 en sval, torr plats, skyddad fr\u00e5n fukt och direkt solljus.<\/li>\n<\/ul>\n<p data-start=\"637\" data-end=\"706\" data-is-last-node=\"\" data-is-only-node=\"\">\u00a0<strong data-start=\"640\" data-end=\"703\">Fira med stil och l\u00e4gg till en touch av glamour med en bl\u00e5 mandelkl\u00e4nning<\/strong><\/p>","protected":false},"excerpt":{"rendered":"<p>Lyxiga mandlar med ett knaprigt socker\u00f6verdrag i en distinkt himmelsbl\u00e5 f\u00e4rg. Ett elegant val f\u00f6r br\u00f6llop, f\u00f6delsedagar och andra speciella tillf\u00e4llen.<\/p>","protected":false},"featured_media":48817,"template":"","meta":[],"product_brand":[],"product_cat":[299,297],"product_tag":[],"class_list":{"0":"post-48816","1":"product","2":"type-product","3":"status-publish","4":"has-post-thumbnail","6":"product_cat-299","7":"product_cat-297","9":"first","10":"instock","11":"taxable","12":"shipping-taxable","13":"purchasable","14":"product-type-simple"},"_links":{"self":[{"href":"https:\/\/senabel.com\/sv\/wp-json\/wp\/v2\/product\/48816","targetHints":{"allow":["GET"]}}],"collection":[{"href":"https:\/\/senabel.com\/sv\/wp-json\/wp\/v2\/product"}],"about":[{"href":"https:\/\/senabel.com\/sv\/wp-json\/wp\/v2\/types\/product"}],"version-history":[{"count":2,"href":"https:\/\/senabel.com\/sv\/wp-json\/wp\/v2\/product\/48816\/revisions"}],"predecessor-version":[{"id":48819,"href":"https:\/\/senabel.com\/sv\/wp-json\/wp\/v2\/product\/48816\/revisions\/48819"}],"wp:featuredmedia":[{"embeddable":true,"href":"https:\/\/senabel.com\/sv\/wp-json\/wp\/v2\/media\/48817"}],"wp:attachment":[{"href":"https:\/\/senabel.com\/sv\/wp-json\/wp\/v2\/media?parent=48816"}],"wp:term":[{"taxonomy":"product_brand","embeddable":true,"href":"https:\/\/senabel.com\/sv\/wp-json\/wp\/v2\/product_brand?post=48816"},{"taxonomy":"product_cat","embeddable":true,"href":"https:\/\/senabel.com\/sv\/wp-json\/wp\/v2\/product_cat?post=48816"},{"taxonomy":"product_tag","embeddable":true,"href":"https:\/\/senabel.com\/sv\/wp-json\/wp\/v2\/product_tag?post=48816"}],"curies":[{"name":"wp","href":"https:\/\/api.w.org\/{rel}","templated":true}]}}