{"id":48806,"date":"2025-03-18T21:08:35","date_gmt":"2025-03-18T21:08:35","guid":{"rendered":"https:\/\/senabel.com\/?post_type=product&#038;p=48806"},"modified":"2026-04-03T17:08:24","modified_gmt":"2026-04-03T17:08:24","slug":"pink-almond-milkshake-500g","status":"publish","type":"product","link":"https:\/\/senabel.com\/sv\/product\/%d9%85%d9%84%d8%a8%d8%b3-%d8%a7%d9%84%d9%84%d9%88%d8%b2-%d8%a7%d9%84%d8%b2%d9%87%d8%b1%d9%8a-500%d8%ba\/","title":{"rendered":"Pink Almond Milkshake 500g"},"content":{"rendered":"<p data-start=\"32\" data-end=\"227\">En klassisk milkshake med lyxiga mandlar som kombineras med ett knaprigt lager socker som f\u00e4rgas i en attraktiv rosa f\u00e4rg. Perfekt f\u00f6r glada tillf\u00e4llen som semestrar, br\u00f6llop, f\u00f6rlovningar och firanden.<\/p>\n<p data-start=\"229\" data-end=\"455\"><strong data-start=\"232\" data-end=\"245\">Funktioner:<\/strong><br data-start=\"245\" data-end=\"248\" \/>\u2714 <strong data-start=\"250\" data-end=\"269\">Mandlar av h\u00f6g kvalitet<\/strong> Belagda med ett knaprigt socker\u00f6verdrag.<br data-start=\"294\" data-end=\"297\" \/>\u2714 <strong data-start=\"299\" data-end=\"316\" data-is-only-node=\"\">Attraktiv rosa f\u00e4rg<\/strong> L\u00e4gg till en touch av glamour till alla tillf\u00e4llen.<br data-start=\"347\" data-end=\"350\" \/>\u2714 <strong data-start=\"352\" data-end=\"364\">L\u00e4cker smak<\/strong> Den kombinerar sockrets knaprighet med mandelns fylliga smak.<br data-start=\"405\" data-end=\"408\" \/>\u2714 <strong data-start=\"410\" data-end=\"452\">Perfekt f\u00f6r fester, festivaler och fina middagar<\/strong>.<\/p>\n<p data-start=\"457\" data-end=\"480\"><strong data-start=\"460\" data-end=\"478\">Produktinformation:<\/strong><\/p>\n<ul data-start=\"481\" data-end=\"635\">\n<li data-start=\"481\" data-end=\"505\"><strong data-start=\"483\" data-end=\"493\">Vikt:<\/strong> 500 gram.<\/li>\n<li data-start=\"506\" data-end=\"550\"><strong data-start=\"508\" data-end=\"521\">Ingredienser:<\/strong> Mandlar, socker, naturlig livsmedelsf\u00e4rg.<\/li>\n<li data-start=\"551\" data-end=\"635\"><strong data-start=\"553\" data-end=\"569\">S\u00e4ttet att spara:<\/strong> F\u00f6rvara p\u00e5 en sval, torr plats, skyddad fr\u00e5n fukt och direkt solljus.<\/li>\n<\/ul>\n<p data-start=\"637\" data-end=\"705\" data-is-last-node=\"\" data-is-only-node=\"\"><strong data-start=\"640\" data-end=\"702\">L\u00e4gg till en touch av lyx och k\u00e4nsla till dina evenemang med en blommig mandelkl\u00e4nning<\/strong><\/p>","protected":false},"excerpt":{"rendered":"<p>En klassisk milkshake med lyxiga mandlar som kombineras med ett knaprigt lager socker som f\u00e4rgas i en attraktiv rosa f\u00e4rg. Perfekt f\u00f6r glada tillf\u00e4llen som semestrar, br\u00f6llop, f\u00f6rlovningar och firanden.<\/p>","protected":false},"featured_media":48807,"template":"","meta":[],"product_brand":[],"product_cat":[297,299],"product_tag":[],"class_list":{"0":"post-48806","1":"product","2":"type-product","3":"status-publish","4":"has-post-thumbnail","6":"product_cat-297","7":"product_cat-299","9":"first","10":"instock","11":"taxable","12":"shipping-taxable","13":"purchasable","14":"product-type-simple"},"_links":{"self":[{"href":"https:\/\/senabel.com\/sv\/wp-json\/wp\/v2\/product\/48806","targetHints":{"allow":["GET"]}}],"collection":[{"href":"https:\/\/senabel.com\/sv\/wp-json\/wp\/v2\/product"}],"about":[{"href":"https:\/\/senabel.com\/sv\/wp-json\/wp\/v2\/types\/product"}],"version-history":[{"count":2,"href":"https:\/\/senabel.com\/sv\/wp-json\/wp\/v2\/product\/48806\/revisions"}],"predecessor-version":[{"id":51042,"href":"https:\/\/senabel.com\/sv\/wp-json\/wp\/v2\/product\/48806\/revisions\/51042"}],"wp:featuredmedia":[{"embeddable":true,"href":"https:\/\/senabel.com\/sv\/wp-json\/wp\/v2\/media\/48807"}],"wp:attachment":[{"href":"https:\/\/senabel.com\/sv\/wp-json\/wp\/v2\/media?parent=48806"}],"wp:term":[{"taxonomy":"product_brand","embeddable":true,"href":"https:\/\/senabel.com\/sv\/wp-json\/wp\/v2\/product_brand?post=48806"},{"taxonomy":"product_cat","embeddable":true,"href":"https:\/\/senabel.com\/sv\/wp-json\/wp\/v2\/product_cat?post=48806"},{"taxonomy":"product_tag","embeddable":true,"href":"https:\/\/senabel.com\/sv\/wp-json\/wp\/v2\/product_tag?post=48806"}],"curies":[{"name":"wp","href":"https:\/\/api.w.org\/{rel}","templated":true}]}}