{"id":48789,"date":"2025-03-18T19:22:04","date_gmt":"2025-03-18T19:22:04","guid":{"rendered":"https:\/\/senabel.com\/?post_type=product&#038;p=48789"},"modified":"2026-04-12T09:37:16","modified_gmt":"2026-04-12T09:37:16","slug":"hasselnotskram-1kg","status":"publish","type":"product","link":"https:\/\/senabel.com\/sv\/product\/%d9%83%d8%b1%d9%8a%d9%85%d8%a9-%d8%a7%d9%84%d8%a8%d9%86%d8%af%d9%82-1%d9%83%d8%ba\/","title":{"rendered":"Hasseln\u00f6tskr\u00e4m 1kg"},"content":{"rendered":"<p data-start=\"40\" data-end=\"244\">Njut av en lyxig italiensk hasseln\u00f6tskr\u00e4m, gjord p\u00e5 <strong data-start=\"111\" data-end=\"128\">45% Hasseln\u00f6t<\/strong>f\u00f6r en rik, kr\u00e4mig konsistens och oemotst\u00e5ndlig smak. Perfekt att breda p\u00e5 br\u00f6d, till desserter eller som ett uts\u00f6kt tillskott till dina favoritrecept.<\/p>\n<p data-start=\"246\" data-end=\"626\"><strong data-start=\"249\" data-end=\"262\">Funktioner:<\/strong><br data-start=\"262\" data-end=\"265\" \/>\u2714 Inneh\u00e5ller <strong data-start=\"277\" data-end=\"289\">45% hasseln\u00f6t<\/strong> F\u00f6r en rik och lyxig smak.<br data-start=\"305\" data-end=\"308\" \/>\u2714 <strong data-start=\"310\" data-end=\"333\" data-is-only-node=\"\">Fri fr\u00e5n palmolja<\/strong> - Ett h\u00e4lsosamt och v\u00e4lsmakande alternativ.<br data-start=\"351\" data-end=\"354\" \/>\u2714 <strong data-start=\"356\" data-end=\"378\">Gelatinfri<\/strong> - L\u00e4mplig f\u00f6r vegetarianer.<br data-start=\"398\" data-end=\"401\" \/>\u2714 <strong data-start=\"403\" data-end=\"423\">Glutenfri<\/strong> - L\u00e4mplig f\u00f6r personer med f\u00f6do\u00e4mnesallergier.<br data-start=\"455\" data-end=\"458\" \/>\u2714 Inneh\u00e5ller <strong data-start=\"470\" data-end=\"499\">Extra jungfruolivolja<\/strong> F\u00f6r en distinkt smak.<br data-start=\"511\" data-end=\"514\" \/>\u2714 Tillverkad av <strong data-start=\"526\" data-end=\"552\">Icke-hydrerade vegetabiliska oljor<\/strong> Till exempel solrosolja och kakaosm\u00f6r.<br data-start=\"586\" data-end=\"589\" \/>\u2714 <strong data-start=\"591\" data-end=\"611\">Italiensk lyxprodukt<\/strong> Med h\u00f6g kvalitet.<\/p>\n<p data-start=\"628\" data-end=\"651\"><strong data-start=\"631\" data-end=\"649\">Produktinformation:<\/strong><\/p>\n<ul data-start=\"652\" data-end=\"943\">\n<li data-start=\"652\" data-end=\"830\"><strong data-start=\"654\" data-end=\"667\">Ingredienser:<\/strong> Hasseln\u00f6tter (45%), socker, mj\u00f6lkpulver, vasslepulver, icke-hydrerade vegetabiliska oljor (solrosolja, kakaosm\u00f6r), extra jungfruolivolja, emulgeringsmedel (sojalecitin), naturliga aromer.<\/li>\n<li data-start=\"889\" data-end=\"909\"><strong data-start=\"891\" data-end=\"901\">Vikt:<\/strong> 1 kg.<\/li>\n<li data-start=\"910\" data-end=\"943\"><strong data-start=\"912\" data-end=\"927\">Ursprungsland:<\/strong> Italien.<\/li>\n<\/ul>\n<p data-start=\"945\" data-end=\"1013\" data-is-last-node=\"\" data-is-only-node=\"\"><strong data-start=\"948\" data-end=\"1010\">L\u00e4gg till en lyxig touch p\u00e5 dina desserter med italiensk lyxig hasseln\u00f6tskr\u00e4m<\/strong><\/p>","protected":false},"excerpt":{"rendered":"<p>Njut av en lyxig italiensk hasseln\u00f6tskr\u00e4m, gjord p\u00e5 <strong data-start=\"111\" data-end=\"128\">45% Hasseln\u00f6t<\/strong>f\u00f6r en rik, kr\u00e4mig konsistens och oemotst\u00e5ndlig smak. Perfekt att breda p\u00e5 br\u00f6d, till desserter eller som ett uts\u00f6kt tillskott till dina favoritrecept.<\/p>","protected":false},"featured_media":48790,"template":"","meta":[],"product_brand":[],"product_cat":[349,227,304,347],"product_tag":[],"class_list":{"0":"post-48789","1":"product","2":"type-product","3":"status-publish","4":"has-post-thumbnail","6":"product_cat-349","7":"product_cat-227","8":"product_cat-304","9":"product_cat-347","11":"first","12":"instock","13":"sale","14":"taxable","15":"shipping-taxable","16":"purchasable","17":"product-type-simple"},"_links":{"self":[{"href":"https:\/\/senabel.com\/sv\/wp-json\/wp\/v2\/product\/48789","targetHints":{"allow":["GET"]}}],"collection":[{"href":"https:\/\/senabel.com\/sv\/wp-json\/wp\/v2\/product"}],"about":[{"href":"https:\/\/senabel.com\/sv\/wp-json\/wp\/v2\/types\/product"}],"version-history":[{"count":4,"href":"https:\/\/senabel.com\/sv\/wp-json\/wp\/v2\/product\/48789\/revisions"}],"predecessor-version":[{"id":50608,"href":"https:\/\/senabel.com\/sv\/wp-json\/wp\/v2\/product\/48789\/revisions\/50608"}],"wp:featuredmedia":[{"embeddable":true,"href":"https:\/\/senabel.com\/sv\/wp-json\/wp\/v2\/media\/48790"}],"wp:attachment":[{"href":"https:\/\/senabel.com\/sv\/wp-json\/wp\/v2\/media?parent=48789"}],"wp:term":[{"taxonomy":"product_brand","embeddable":true,"href":"https:\/\/senabel.com\/sv\/wp-json\/wp\/v2\/product_brand?post=48789"},{"taxonomy":"product_cat","embeddable":true,"href":"https:\/\/senabel.com\/sv\/wp-json\/wp\/v2\/product_cat?post=48789"},{"taxonomy":"product_tag","embeddable":true,"href":"https:\/\/senabel.com\/sv\/wp-json\/wp\/v2\/product_tag?post=48789"}],"curies":[{"name":"wp","href":"https:\/\/api.w.org\/{rel}","templated":true}]}}